{"id":1318,"date":"2021-09-09T17:07:47","date_gmt":"2021-09-09T15:07:47","guid":{"rendered":"https:\/\/syam.onpressidium.com\/?page_id=1318"},"modified":"2026-03-09T09:28:39","modified_gmt":"2026-03-09T08:28:39","slug":"syam-un-village-au-charme-fou-en-bourgogne-franche-comte","status":"publish","type":"page","link":"https:\/\/www.chateaudesyam.fr\/de\/syam-un-village-au-charme-fou-en-bourgogne-franche-comte\/","title":{"rendered":"Syam: ein Dorf mit viel Charme in Burgund-Franche-Comt\u00e9"},"content":{"rendered":"<div class=\"page-header\">\n    <div class=\"page-header__media\">\n        <img loading=\"lazy\" decoding=\"async\" width=\"1920\" height=\"1000\" src=\"https:\/\/www.chateaudesyam.fr\/wp-content\/uploads\/2021\/07\/bg_suisse.jpg\" class=\"page-header__img\" alt=\"\" aria-hidden=\"true\" srcset=\"https:\/\/www.chateaudesyam.fr\/wp-content\/uploads\/2021\/07\/bg_suisse.jpg 1920w, https:\/\/www.chateaudesyam.fr\/wp-content\/uploads\/2021\/07\/bg_suisse-480x250.jpg 480w, https:\/\/www.chateaudesyam.fr\/wp-content\/uploads\/2021\/07\/bg_suisse-768x400.jpg 768w, https:\/\/www.chateaudesyam.fr\/wp-content\/uploads\/2021\/07\/bg_suisse-1200x625.jpg 1200w\" sizes=\"auto, (max-width: 1920px) 100vw, 1920px\" \/>    <\/div>\n            <div class=\"page-header__title-wrap\">\n            <div class=\"page-header__title-inner\">\n                <h1 class=\"page-header__title\">Syam: ein charmantes Dorf im Jura<\/h1>\n            <\/div>\n        <\/div>\n    <\/div>\n\n\t<p>Die Region der <strong>Burgund-Franche-Comt\u00e9<\/strong> Es gibt viele Wunder, Naturschaupl\u00e4tze, Sehensw\u00fcrdigkeiten, historische und kulturelle Errungenschaften zu besichtigen.<\/p>\n<p>Von <strong>Lons-le-Saunier<\/strong> \u00e0 <strong>Montb\u00e9liard<\/strong>von <strong>Dijon<\/strong> \u00e0 <strong>Besan\u00e7on<\/strong>Der Roadtrip f\u00fchrt die Besucher zu den <strong>Jura<\/strong>. Egal, ob man dort wohnt oder sich dort aufh\u00e4lt, um die Region zu erkunden, hier ein guter Rat: Nutzen Sie die Gelegenheit und fahren Sie durch das charmante Dorf <strong>Syam<\/strong> ! <a href=\"https:\/\/www.chateaudesyam.fr\/de\/visiter-la-villa\/\">Der Besuch von <strong>La Villa Palladienne<\/strong><\/a>auch bekannt als <strong>Ch\u00e2teau de Syam<\/strong>Es ist auf jeden Fall einen Besuch wert.<\/p>\n\t<a href=\"https:\/\/www.chateaudesyam.fr\/de\/la-villa\/\" target=\"_self\" role=\"button\" aria-label=\"Entdecken Sie die Villa\">\n\t\t\t\t\t\tEntdecken Sie die Villa\n\t\t\t\t\t<\/a>\n<figure itemscope itemtype=\"https:\/\/schema.org\/ImageObject\">\n\t\t\t\t<img decoding=\"async\" src=\"https:\/\/www.chateaudesyam.fr\/wp-content\/uploads\/2021\/07\/syam03.jpg\" alt=\"syam03\" height=\"400\" width=\"600\" title=\"syam03\" onerror=\"this.style.display='none'\" loading=\"lazy\" \/>\n\t<\/figure>\n<figure itemscope itemtype=\"https:\/\/schema.org\/ImageObject\">\n\t\t\t\t<img decoding=\"async\" src=\"https:\/\/www.chateaudesyam.fr\/wp-content\/uploads\/2021\/09\/salines-royales.jpg\" alt=\"Saline-Royal\" height=\"400\" width=\"600\" title=\"Saline-Royal\" onerror=\"this.style.display='none'\" loading=\"lazy\" \/>\n\t<\/figure>\n\t<strong>Historisches Denkmal<\/strong>Jahrhundert taucht den Besucher in die erfrischende und bezaubernde Atmosph\u00e4re der venezianischen Renaissancepal\u00e4ste ein. Sie wurde nach dem unvergleichlichen Stil des Meisters Andrea Palladio erbaut und tr\u00e4gt den Namen des Architekten der Serenissima Republik Venedig.<br \/>\n<strong>La Villa Palladienne<\/strong> ist ein bemerkenswerter Ort mit<a href=\"https:\/\/www.chateaudesyam.fr\/de\/la-villa\/\">eine v\u00f6llig ungew\u00f6hnliche Architektur<\/a> in <strong>Burgund-Franche-Comt\u00e9<\/strong>. Es ist daher eine Touristenattraktion, die Sie sich nicht entgehen lassen sollten, wenn Sie die Umgebung besuchen, eine Thermalkur in <strong>Salins-les-Bains<\/strong>entdecken <strong>Dole<\/strong>auf <strong>Doubs<\/strong> oder die <strong>Jura<\/strong>.\n\t<p>Von Mosaikparkett mit vielen verschiedenen Holzarten bis hin zu Kronleuchtern, alles Einzelst\u00fccke, <a href=\"https:\/\/www.chateaudesyam.fr\/de\/visiter-la-villa\/\">die gef\u00fchrte Tour<\/a> enth\u00fcllt tausendundein Bau- und Verzierungsgeheimnis. Ein Beispiel daf\u00fcr? Alle in der Baukunst verwendeten Rippen sind ein Vielfaches von 8!<\/p>\n<p>Von Raum zu Raum f\u00fchrt die einzigartige Sammlung von Tapeten und Panoramen den Besucher von der griechischen und r\u00f6mischen Antike \u00fcber die Romantik bis zum zweiten franz\u00f6sischen Kaiserreich.<\/p>\n<p>Auf der Einrichtungsseite kann man Originalm\u00f6bel bewundern, die verschiedene Epochen vom Empirestil bis hin zu Louis-Philippe-M\u00f6beln widerspiegeln.<\/p>\n\t<a href=\"https:\/\/www.chateaudesyam.fr\/de\/visiter-la-villa\/\" target=\"_self\" role=\"button\" aria-label=\"Besuchen Sie\">\n\t\t\t\t\t\tBesuchen Sie\n\t\t\t\t\t<\/a>\n<figure itemscope itemtype=\"https:\/\/schema.org\/ImageObject\">\n\t\t\t\t<img decoding=\"async\" src=\"https:\/\/www.chateaudesyam.fr\/wp-content\/uploads\/2021\/07\/home_carousel_1.jpg\" alt=\"home_karussell_1\" height=\"483\" width=\"582\" title=\"home_karussell_1\" onerror=\"this.style.display='none'\" loading=\"lazy\" \/>\n\t<\/figure>\n<figure itemscope itemtype=\"https:\/\/schema.org\/ImageObject\">\n\t\t\t\t<img decoding=\"async\" src=\"https:\/\/www.chateaudesyam.fr\/wp-content\/uploads\/2021\/09\/cascade-billaude.jpg\" alt=\"Kaskade-Billaude\" height=\"400\" width=\"600\" title=\"Kaskade-Billaude\" onerror=\"this.style.display='none'\" loading=\"lazy\" \/>\n\t<\/figure>\n\t<p>Wenn Sie das tun <strong>die burgundische Weinstra\u00dfe<\/strong>Wenn Sie besuchen <strong>Lyon<\/strong>, <strong>Pontarlier<\/strong>oder die <strong>Regionalpark Haut-Jura<\/strong>Nutzen Sie die Gelegenheit f\u00fcr einen Ausflug nach <strong>Syam<\/strong> zu bewundern <strong>La Villa Palladienne<\/strong>.<\/p>\n<p>Es ist sogar m\u00f6glich, einen Zwischenstopp bei dieser gro\u00dfen Touristenattraktion und dem regionalen Kulturerbe einzulegen. In der Tat, es gibt <a href=\"https:\/\/www.chateaudesyam.fr\/de\/chambres-dhotes-gites\/\">G\u00e4stezimmer<\/a> mit Feinschmeckerfr\u00fchst\u00fcck empfangen die Besucher und sorgen f\u00fcr eine komfortable Erholung in einer ebenso originellen wie heiteren Villa.<\/p>\n<p>Dar\u00fcber hinaus wurden die ehemaligen Stallungen des <strong>Schloss Syam<\/strong> werden heute rehabilitiert in <a href=\"https:\/\/www.chateaudesyam.fr\/de\/chambres-dhotes-gites\/\">H\u00fctten<\/a>. Sie sind von Claude Nicolas Ledoux inspiriert, ebenso wie die <strong>K\u00f6nigliche Saline von Arc-et-Senans<\/strong>Die ehemalige Salzmanufaktur, die zum UNESCO-Weltkulturerbe geh\u00f6rt, ist nur 50 km entfernt.<\/p>\n<p>In der n\u00e4heren Umgebung sind die <strong>Schluchten der Langouette<\/strong>die <strong>Wasserfall La Billaude<\/strong>s, die <strong>Verluste aus Ain<\/strong> Vervollst\u00e4ndigen Sie Ihren Aufenthalt mit Ausfl\u00fcgen in die Natur an Orte von wilder Sch\u00f6nheit.<\/p>\n<h3>\n\t\t\tBesuchen Sie die Villa Paladienne\t<\/h3>\n\t<a href=\"https:\/\/www.chateaudesyam.fr\/de\/produkt\/visiter-la-villa-palladienne\/\" target=\"_self\" role=\"button\" aria-label=\"Mehr lesen\">\n\t\t\t\t\t\tMehr lesen\n\t\t\t\t\t<\/a>","protected":false},"excerpt":{"rendered":"<p>La r\u00e9gion de Bourgogne-Franche-Comt\u00e9 rec\u00e8le de nombreuses merveilles, sites naturels, curiosit\u00e9s, patrimoines historiques et culturels \u00e0 visiter. De Lons-le-Saunier \u00e0 Montb\u00e9liard, de Dijon \u00e0 Besan\u00e7on, sillonner les routes emm\u00e8ne les visiteurs du c\u00f4t\u00e9 du Jura. Que l&rsquo;on y habite, que l&rsquo;on y s\u00e9journe pour d\u00e9couvrir la r\u00e9gion, voici un bon conseil : profitez-en pour passer [&hellip;]<\/p>\n","protected":false},"author":1,"featured_media":736,"parent":0,"menu_order":0,"comment_status":"closed","ping_status":"closed","template":"","meta":{"_seopress_robots_primary_cat":"","_seopress_titles_title":"Syam : un village au charme fou en Bourgogne-Franche-Comt\u00e9","_seopress_titles_desc":"D\u00e9couvrez Syam, un village pittoresque en Bourgogne-Franche-Comt\u00e9, o\u00f9 le charme authentique se m\u00eale \u00e0 une riche histoire. Id\u00e9al pour une escapade paisible au c\u0153ur de la nature.","_seopress_robots_index":"","inline_featured_image":false,"site-sidebar-layout":"no-sidebar","site-content-layout":"page-builder","ast-site-content-layout":"full-width-container","site-content-style":"unboxed","site-sidebar-style":"unboxed","ast-global-header-display":"","ast-banner-title-visibility":"","ast-main-header-display":"","ast-hfb-above-header-display":"","ast-hfb-below-header-display":"","ast-hfb-mobile-header-display":"","site-post-title":"disabled","ast-breadcrumbs-content":"","ast-featured-img":"disabled","footer-sml-layout":"","ast-disable-related-posts":"","theme-transparent-header-meta":"default","adv-header-id-meta":"","stick-header-meta":"default","header-above-stick-meta":"","header-main-stick-meta":"","header-below-stick-meta":"","astra-migrate-meta-layouts":"set","ast-page-background-enabled":"default","ast-page-background-meta":{"desktop":{"background-color":"","background-image":"","background-repeat":"repeat","background-position":"center center","background-size":"auto","background-attachment":"scroll","background-type":"","background-media":"","overlay-type":"","overlay-color":"","overlay-opacity":"","overlay-gradient":""},"tablet":{"background-color":"","background-image":"","background-repeat":"repeat","background-position":"center center","background-size":"auto","background-attachment":"scroll","background-type":"","background-media":"","overlay-type":"","overlay-color":"","overlay-opacity":"","overlay-gradient":""},"mobile":{"background-color":"","background-image":"","background-repeat":"repeat","background-position":"center center","background-size":"auto","background-attachment":"scroll","background-type":"","background-media":"","overlay-type":"","overlay-color":"","overlay-opacity":"","overlay-gradient":""}},"ast-content-background-meta":{"desktop":{"background-color":"var(--ast-global-color-5)","background-image":"","background-repeat":"repeat","background-position":"center center","background-size":"auto","background-attachment":"scroll","background-type":"","background-media":"","overlay-type":"","overlay-color":"","overlay-opacity":"","overlay-gradient":""},"tablet":{"background-color":"var(--ast-global-color-5)","background-image":"","background-repeat":"repeat","background-position":"center center","background-size":"auto","background-attachment":"scroll","background-type":"","background-media":"","overlay-type":"","overlay-color":"","overlay-opacity":"","overlay-gradient":""},"mobile":{"background-color":"var(--ast-global-color-5)","background-image":"","background-repeat":"repeat","background-position":"center center","background-size":"auto","background-attachment":"scroll","background-type":"","background-media":"","overlay-type":"","overlay-color":"","overlay-opacity":"","overlay-gradient":""}},"footnotes":""},"class_list":["post-1318","page","type-page","status-publish","has-post-thumbnail","hentry"],"_links":{"self":[{"href":"https:\/\/www.chateaudesyam.fr\/de\/wp-json\/wp\/v2\/pages\/1318","targetHints":{"allow":["GET"]}}],"collection":[{"href":"https:\/\/www.chateaudesyam.fr\/de\/wp-json\/wp\/v2\/pages"}],"about":[{"href":"https:\/\/www.chateaudesyam.fr\/de\/wp-json\/wp\/v2\/types\/page"}],"author":[{"embeddable":true,"href":"https:\/\/www.chateaudesyam.fr\/de\/wp-json\/wp\/v2\/users\/1"}],"replies":[{"embeddable":true,"href":"https:\/\/www.chateaudesyam.fr\/de\/wp-json\/wp\/v2\/comments?post=1318"}],"version-history":[{"count":2,"href":"https:\/\/www.chateaudesyam.fr\/de\/wp-json\/wp\/v2\/pages\/1318\/revisions"}],"predecessor-version":[{"id":7313,"href":"https:\/\/www.chateaudesyam.fr\/de\/wp-json\/wp\/v2\/pages\/1318\/revisions\/7313"}],"wp:featuredmedia":[{"embeddable":true,"href":"https:\/\/www.chateaudesyam.fr\/de\/wp-json\/wp\/v2\/media\/736"}],"wp:attachment":[{"href":"https:\/\/www.chateaudesyam.fr\/de\/wp-json\/wp\/v2\/media?parent=1318"}],"curies":[{"name":"wp","href":"https:\/\/api.w.org\/{rel}","templated":true}]}}