{"id":17,"date":"2020-03-05T14:12:53","date_gmt":"2020-03-05T13:12:53","guid":{"rendered":"https:\/\/syam.onpressidium.com\/?page_id=17"},"modified":"2025-08-05T16:45:04","modified_gmt":"2025-08-05T14:45:04","slug":"mentions-legales","status":"publish","type":"page","link":"https:\/\/www.chateaudesyam.fr\/de\/mentions-legales\/","title":{"rendered":"Rechtliche Informationen"},"content":{"rendered":"<h1>\n\t\t\tRechtliche Informationen\t<\/h1>\n\t<h2>Pr\u00e4sentation der Seite<\/h2>\n<p>Gem\u00e4\u00df den Bestimmungen der Artikel 6-III und 19 des Gesetzes Nr. 2004-575 vom 21. Juni 2004 \u00fcber das Vertrauen in die digitale Wirtschaft, auch L.C.E.N. genannt, bringen wir den Nutzern und Besuchern der Website www.chateaudesyam.fr folgende Informationen zur Kenntnis:<\/p>\n<strong>Rechtliche Informationen:<\/strong><br \/>\nEigent\u00fcmer : SARL M.C.P.<br \/>\nAdresse : 225 CHE DE BENAISY 39300 SYAM<br \/>\nTel: +33 3 84 51 64 14<br \/>\nMit einem Kapital von : 24 391,84 \u20ac<br \/>\nSIRET: 42003300300021 - R.C.S. de Lons-le-Saunier<br \/>\nE-Mail Adresse: contact@chateaudesyam.fr\n<p>Der Ersteller der Website und Webmaster ist: Agence Netalys - contact@netalys.fr<\/p>\nDer Host der Website ist: PRESSIDIUM\u00ae - TECHIO LIMITED<br \/>\nThe Grange Barn, Pikes End, Pinner,<br \/>\nLondon, HA5 2EX, United Kingdom<br \/>\nVAT Number: GB 164453310<br \/>\nCompany No.: 08416088<br \/>\nTelefon: (020) 3397 7256<br \/>\nE-Mail: info -at- techio.com\n<p>Die Website wird auf einem Server in Paris, Frankreich, gehostet.<\/p>\n<h2>Beschreibung der erbrachten Leistungen<\/h2>\nDie Website www.chateaudesyam.fr soll Informationen \u00fcber alle Aktivit\u00e4ten des Unternehmens liefern.<br \/>\nDer Eigent\u00fcmer der Website bem\u00fcht sich, auf der Website www.chateaudesyam.fr m\u00f6glichst genaue Informationen zur Verf\u00fcgung zu stellen. Er kann jedoch nicht f\u00fcr Auslassungen, Ungenauigkeiten und M\u00e4ngel bei der Aktualisierung haftbar gemacht werden, unabh\u00e4ngig davon, ob diese auf ihn oder auf dritte Partner zur\u00fcckzuf\u00fchren sind, die ihm diese Informationen zur Verf\u00fcgung stellen.<br \/>\nAlle auf der Website www.chateaudesyam.fr angebotenen Informationen sind unverbindlich, nicht ersch\u00f6pfend und k\u00f6nnen sich \u00e4ndern. Sie sind vorbehaltlich der \u00c4nderungen, die seit ihrer Online-Ver\u00f6ffentlichung vorgenommen wurden.\n<h2>Geistiges Eigentum und F\u00e4lschungen<\/h2>\nDer Eigent\u00fcmer der Website ist Eigent\u00fcmer der Rechte am geistigen Eigentum oder besitzt die Nutzungsrechte f\u00fcr alle auf der Website zug\u00e4nglichen Elemente, insbesondere Texte, Bilder, Grafiken, Logos, Icons, T\u00f6ne, Software...<br \/>\nJede Reproduktion, Darstellung, \u00c4nderung, Ver\u00f6ffentlichung, vollst\u00e4ndige oder teilweise Anpassung der Elemente der Website, unabh\u00e4ngig von den verwendeten Mitteln oder Verfahren, ist untersagt, es sei denn, es liegt eine vorherige schriftliche Genehmigung vor, die an die E-Mail-Adresse: contact@chateaudesyam.fr gesendet wird.<br \/>\nJede nicht genehmigte Nutzung der Website oder eines ihrer Elemente wird als F\u00e4lschung angesehen und gem\u00e4\u00df den Bestimmungen der Artikel L.335-2 ff. des franz\u00f6sischen Gesetzbuchs \u00fcber geistiges Eigentum (Code de Propri\u00e9t\u00e9 Intellectuelle) verfolgt.\n<h2>Hyperlinks und Cookies<\/h2>\n<p>Die Website www.chateaudesyam.fr enth\u00e4lt eine Reihe von Hyperlinks zu anderen Websites, die mit der Genehmigung des Besitzers der Website eingerichtet wurden. Der Inhaber der Website hat jedoch nicht die M\u00f6glichkeit, den Inhalt der so besuchten Websites zu \u00fcberpr\u00fcfen und lehnt daher jegliche Verantwortung f\u00fcr m\u00f6gliche Risiken rechtswidriger Inhalte ab.<\/p>\n<p>Der Nutzer wird dar\u00fcber informiert, dass bei seinen Besuchen auf der Website www.chateaudesyam.fr ein oder mehrere Cookies automatisch auf seinem Computer installiert werden k\u00f6nnen.<\/p>\n<p><a href=\"https:\/\/www.chateaudesyam.fr\/de\/politique-en-matiere-de-cookies\/\">Erfahren Sie mehr \u00fcber unsere Cookie-Richtlinie.<\/a><\/p>\n<h2>Schutz von Eigentum und Personen - Umgang mit pers\u00f6nlichen Daten<\/h2>\n<p>Benutzer: Internet-Benutzer, der sich mit der oben genannten Website verbindet und sie benutzt: www.chateaudesyam.fr<\/p>\n<p>In Frankreich sind personenbezogene Daten insbesondere durch das Gesetz Nr. 78-87 vom 6. Januar 1978, das Gesetz Nr. 2004-801 vom 6. August 2004, Artikel L. 226-13 des Strafgesetzbuches und die Europ\u00e4ische Richtlinie vom 24. Oktober 1995 gesch\u00fctzt.<\/p>\n<p>Auf der Website www.chateaudesyam.fr sammelt der Eigent\u00fcmer der Website pers\u00f6nliche Informationen \u00fcber den Nutzer nur f\u00fcr die Zwecke bestimmter Dienstleistungen, die auf der Website www.chateaudesyam.fr angeboten werden. Der Nutzer stellt diese Informationen in voller Kenntnis der Sachlage zur Verf\u00fcgung, insbesondere wenn er sie selbst eingibt. Dem Nutzer der Website www.chateaudesyam.fr wird dann mitgeteilt, ob er diese Informationen bereitstellen muss oder nicht.<\/p>\n<p>Gem\u00e4\u00df den Bestimmungen der Artikel 38 ff. des Gesetzes 78-17 vom 6. Januar 1978 \u00fcber Informatik, Dateien und Freiheiten hat jeder Nutzer das Recht, auf die ihn betreffenden pers\u00f6nlichen Daten zuzugreifen, sie zu berichtigen, zu l\u00f6schen und ihnen zu widersprechen. Um dieses Recht auszu\u00fcben, richten Sie Ihre Anfrage an www.chateaudesyam.fr per E-Mail: contact@chateaudesyam.fr oder durch eine schriftliche und unterzeichnete Anfrage, der eine Kopie des Personalausweises mit Unterschrift des Inhabers des Dokuments beiliegt, unter Angabe der Adresse, an die die Antwort gesendet werden soll.<\/p>\n<p>Keine pers\u00f6nlichen Informationen des Nutzers der Website www.chateaudesyam.fr werden ohne das Wissen des Nutzers ver\u00f6ffentlicht, ausgetauscht, \u00fcbertragen, abgetreten oder auf irgendeinem Datentr\u00e4ger an Dritte verkauft. Nur die Annahme des R\u00fcckkaufs der Website www.chateaudesyam.fr vom Eigent\u00fcmer der Website und seiner Rechte erm\u00f6glicht die \u00dcbertragung der genannten Informationen an einen eventuellen Erwerber, der seinerseits gegen\u00fcber dem Benutzer der Website www.chateaudesyam.fr die gleiche Verpflichtung zur Aufbewahrung und \u00c4nderung der Daten hat.<\/p>\n<p>Die Datenbanken sind durch die Bestimmungen des Gesetzes vom 1. Juli 1998 zur Umsetzung der Richtlinie 96\/9 vom 11. M\u00e4rz 1996 \u00fcber den rechtlichen Schutz von Datenbanken gesch\u00fctzt.<\/p>\n<p><a href=\"https:\/\/www.chateaudesyam.fr\/de\/confidentialite-des-donnees\/\">Weitere Informationen zu unserer Datenschutzrichtlinie f\u00fcr personenbezogene Daten.<\/a><\/p>","protected":false},"excerpt":{"rendered":"<p>Mentions l\u00e9gales Pr\u00e9sentation du site Conform\u00e9ment aux dispositions des articles 6-III et 19 de la Loi n\u00b0 2004-575 du 21 juin 2004 pour la Confiance dans l&rsquo;\u00e9conomie num\u00e9rique, dite L.C.E.N., nous portons \u00e0 la connaissance des utilisateurs et visiteurs du site www.chateaudesyam.fr les informations suivantes : Informations l\u00e9gales : Propri\u00e9taire : SARL M.C.P. Adresse : [&hellip;]<\/p>\n","protected":false},"author":1,"featured_media":0,"parent":0,"menu_order":0,"comment_status":"closed","ping_status":"closed","template":"","meta":{"_seopress_robots_primary_cat":"","_seopress_titles_title":"","_seopress_titles_desc":"","_seopress_robots_index":"yes","inline_featured_image":false,"site-sidebar-layout":"no-sidebar","site-content-layout":"page-builder","ast-site-content-layout":"default","site-content-style":"default","site-sidebar-style":"default","ast-global-header-display":"","ast-banner-title-visibility":"","ast-main-header-display":"","ast-hfb-above-header-display":"","ast-hfb-below-header-display":"","ast-hfb-mobile-header-display":"","site-post-title":"disabled","ast-breadcrumbs-content":"","ast-featured-img":"disabled","footer-sml-layout":"","ast-disable-related-posts":"","theme-transparent-header-meta":"default","adv-header-id-meta":"","stick-header-meta":"","header-above-stick-meta":"","header-main-stick-meta":"","header-below-stick-meta":"","astra-migrate-meta-layouts":"default","ast-page-background-enabled":"default","ast-page-background-meta":{"desktop":{"background-color":"","background-image":"","background-repeat":"repeat","background-position":"center center","background-size":"auto","background-attachment":"scroll","background-type":"","background-media":"","overlay-type":"","overlay-color":"","overlay-opacity":"","overlay-gradient":""},"tablet":{"background-color":"","background-image":"","background-repeat":"repeat","background-position":"center center","background-size":"auto","background-attachment":"scroll","background-type":"","background-media":"","overlay-type":"","overlay-color":"","overlay-opacity":"","overlay-gradient":""},"mobile":{"background-color":"","background-image":"","background-repeat":"repeat","background-position":"center center","background-size":"auto","background-attachment":"scroll","background-type":"","background-media":"","overlay-type":"","overlay-color":"","overlay-opacity":"","overlay-gradient":""}},"ast-content-background-meta":{"desktop":{"background-color":"var(--ast-global-color-5)","background-image":"","background-repeat":"repeat","background-position":"center center","background-size":"auto","background-attachment":"scroll","background-type":"","background-media":"","overlay-type":"","overlay-color":"","overlay-opacity":"","overlay-gradient":""},"tablet":{"background-color":"var(--ast-global-color-5)","background-image":"","background-repeat":"repeat","background-position":"center center","background-size":"auto","background-attachment":"scroll","background-type":"","background-media":"","overlay-type":"","overlay-color":"","overlay-opacity":"","overlay-gradient":""},"mobile":{"background-color":"var(--ast-global-color-5)","background-image":"","background-repeat":"repeat","background-position":"center center","background-size":"auto","background-attachment":"scroll","background-type":"","background-media":"","overlay-type":"","overlay-color":"","overlay-opacity":"","overlay-gradient":""}},"footnotes":""},"class_list":["post-17","page","type-page","status-publish","hentry"],"_links":{"self":[{"href":"https:\/\/www.chateaudesyam.fr\/de\/wp-json\/wp\/v2\/pages\/17","targetHints":{"allow":["GET"]}}],"collection":[{"href":"https:\/\/www.chateaudesyam.fr\/de\/wp-json\/wp\/v2\/pages"}],"about":[{"href":"https:\/\/www.chateaudesyam.fr\/de\/wp-json\/wp\/v2\/types\/page"}],"author":[{"embeddable":true,"href":"https:\/\/www.chateaudesyam.fr\/de\/wp-json\/wp\/v2\/users\/1"}],"replies":[{"embeddable":true,"href":"https:\/\/www.chateaudesyam.fr\/de\/wp-json\/wp\/v2\/comments?post=17"}],"version-history":[{"count":0,"href":"https:\/\/www.chateaudesyam.fr\/de\/wp-json\/wp\/v2\/pages\/17\/revisions"}],"wp:attachment":[{"href":"https:\/\/www.chateaudesyam.fr\/de\/wp-json\/wp\/v2\/media?parent=17"}],"curies":[{"name":"wp","href":"https:\/\/api.w.org\/{rel}","templated":true}]}}