{"id":245,"date":"2021-06-02T11:32:06","date_gmt":"2021-06-02T09:32:06","guid":{"rendered":"https:\/\/syam.onpressidium.com\/?page_id=245"},"modified":"2025-09-01T09:21:43","modified_gmt":"2025-09-01T07:21:43","slug":"reserver","status":"publish","type":"page","link":"https:\/\/www.chateaudesyam.fr\/de\/reserver\/","title":{"rendered":"Buchen Sie"},"content":{"rendered":"<h1>\n\t\t\tBuchen Sie Ihr Zimmer\t<\/h1>\n<h2>\n\t\t\tVerbringen Sie eine Nacht in La Villa Palladienne\t<\/h2>\n\t<p>Wir empfangen Sie in G\u00e4stezimmern mit Gourmet-Fr\u00fchst\u00fcck, das Ihnen nach Belieben im Zimmer oder auf der Terrasse serviert wird. Gelassenheit der Orte, authentischer Luxus der Zimmer von M. Sadi Carnot, George Sand... entdecken Sie La Villa Palladienne in Syam.<\/p>\n<p>Zum Abendessen empfehlen wir ein charmantes Gasthaus in der N\u00e4he (4 km, leckeres regionales Degustationsmen\u00fc f\u00fcr ca. 50 \u20ac).<\/p>\n<p>F\u00fcr ein Maximum an Ruhe ist es ratsam, mittwochs, donnerstags, freitags, sonntags und montags abends vorzuziehen.<\/p>\nSeien Sie versichert, dass wir unser M\u00f6glichstes tun werden, um sicherzustellen, dass Sie eine tolle Zeit in diesem wunderbaren Haus verbringen.<br \/>\nWir hoffen, dass dieser originelle, harmonische und heitere Ort unsere G\u00e4ste inspiriert und es ihnen erm\u00f6glicht, K\u00f6rper, Herz und Geist zu erholen...\n\t\t\t\t<img decoding=\"async\" src=\"https:\/\/www.chateaudesyam.fr\/wp-content\/uploads\/2021\/06\/carnot.jpg\" alt=\"Luxuri\u00f6ses Zimmer in La Villa Palladienne im Ch\u00e2teau des Yams, elegantes Dekor, klassische M\u00f6bel, gehobenes Ambiente und gehobener Komfort, Innendekoration.\" itemprop=\"image\" height=\"271\" width=\"271\" title=\"Karnot\" onerror=\"this.style.display='none'\" loading=\"lazy\" \/>\n<h2>\n\t\t\tCarnot\t<\/h2>\n\t<p>Gro\u00dfes Zimmer mit Empire-Charme und Blick auf den Schlosspark. Nach Osten gerichtet. Privates Badezimmer mit Dusche und Badewanne.<\/p>\n\t<a href=\"https:\/\/www.chateaudesyam.fr\/de\/reservation-carnot\/\" target=\"_self\" role=\"button\" aria-label=\"Buchen Sie\">\n\t\t\t\t\t\tBuchen Sie\n\t\t\t\t\t<\/a>\n\t\t\t\t<img decoding=\"async\" src=\"https:\/\/www.chateaudesyam.fr\/wp-content\/uploads\/2021\/06\/helena.jpg\" alt=\"Luxuri\u00f6ses Zimmer in der Villa Palladienne im Ch\u00e2teau des Yams, elegante Dekoration, raffiniertes Ambiente f\u00fcr einen unvergesslichen Aufenthalt in einem charmanten Hotel in Frankreich.\" itemprop=\"image\" height=\"271\" width=\"271\" title=\"helena\" onerror=\"this.style.display='none'\" loading=\"lazy\" \/>\n<h2>\n\t\t\tH\u00e9l\u00e9na\t<\/h2>\n\t<p>Sch\u00f6nes romantisches Zimmer im Stil des 19. Jahrhunderts mit Blick auf den Schlosspark. Nach Osten gerichtet. Privates Badezimmer mit Dusche und Badewanne.<\/p>\n\t<a href=\"https:\/\/www.chateaudesyam.fr\/de\/reservation-helena\/\" target=\"_self\" role=\"button\" aria-label=\"Buchen Sie\">\n\t\t\t\t\t\tBuchen Sie\n\t\t\t\t\t<\/a>\n\t\t\t\t<img decoding=\"async\" src=\"https:\/\/www.chateaudesyam.fr\/wp-content\/uploads\/2021\/07\/eugenie.jpg\" alt=\"Luxuri\u00f6ses Zimmer in der Villa Palladienne im Ch\u00e2teau des Yams, elegante Dekoration, klassische M\u00f6bel, warme und raffinierte Atmosph\u00e4re.\" itemprop=\"image\" height=\"271\" width=\"271\" title=\"eugenie\" onerror=\"this.style.display='none'\" loading=\"lazy\" \/>\n<h2>\n\t\t\tEugenie\t<\/h2>\n\t<p>Empire Suite im 2. Stock. Himmelbett, kleines Wohnzimmer. S\u00fcd-Ost-Ausrichtung. Blick auf den Park des Ch\u00e2teau. Privates Badezimmer mit Badewanne.<\/p>\n\t<a href=\"https:\/\/www.chateaudesyam.fr\/de\/reservation-eugenie\/\" target=\"_self\" role=\"button\" aria-label=\"Buchen Sie\">\n\t\t\t\t\t\tBuchen Sie\n\t\t\t\t\t<\/a>\n\t\t\t\t<img decoding=\"async\" src=\"https:\/\/www.chateaudesyam.fr\/wp-content\/uploads\/2024\/05\/josephine-480x360.jpg\" alt=\"Elegantes Zimmer in La Villa Palladienne au Ch\u00e2teau des Yams, mit Vintage-M\u00f6beln, Klavier und klassischer Dekoration, die einen luxuri\u00f6sen und historischen Rahmen bietet.\" itemprop=\"image\" height=\"360\" width=\"480\" title=\"josephine\" onerror=\"this.style.display='none'\" loading=\"lazy\" \/>\n<h2>\n\t\t\tJosephine\t<\/h2>\n\t<p>Im ersten Stock, gro\u00dfes Schlafzimmer, wundersch\u00f6ne Tapete mit Panoramabild, das eine orientalische Szene darstellt. Badezimmer mit begehbarer Dusche und Badewanne. Bett 160\u00d7200.<\/p>\n\t<a href=\"https:\/\/www.chateaudesyam.fr\/de\/reservation-josephine\/\" target=\"_self\" role=\"button\" aria-label=\"Buchen Sie\">\n\t\t\t\t\t\tBuchen Sie\n\t\t\t\t\t<\/a>\n\t\t\t\t<img decoding=\"async\" src=\"https:\/\/www.chateaudesyam.fr\/wp-content\/uploads\/2024\/05\/amelie-480x360.jpg\" alt=\"Elegante Innenbeleuchtung im Zimmer von La Villa Palladienne im Ch\u00e2teau des Yquem, klassische Dekoration, Wandfresken, antike M\u00f6bel, anspruchsvolle und raffinierte Atmosph\u00e4re.\" itemprop=\"image\" height=\"360\" width=\"480\" title=\"amelie\" onerror=\"this.style.display='none'\" loading=\"lazy\" \/>\n<h2>\n\t\t\tAmelie\t<\/h2>\n\t<p>Im zweiten Stock, gro\u00dfes Schlafzimmer, wundersch\u00f6ne Tapete mit Szenen aus der griechischen Mythologie. Italienische Dusche und separate Toilette, Kamin, Bett 160\u00d7200.<\/p>\n\t<a href=\"https:\/\/www.chateaudesyam.fr\/de\/reservation-amelie\/\" target=\"_self\" role=\"button\" aria-label=\"Buchen Sie\">\n\t\t\t\t\t\tBuchen Sie\n\t\t\t\t\t<\/a>","protected":false},"excerpt":{"rendered":"<p>R\u00e9server votre chambre Passez une nuit \u00e0 La Villa Palladienne Nous vous accueillons en chambres d&rsquo;h\u00f4tes avec petit-d\u00e9jeuner gourmand servi en chambre ou en terrasse \u00e0 votre convenance. S\u00e9r\u00e9nit\u00e9 des lieux, luxe authentique des chambres de M. Sadi Carnot, George Sand&#8230; d\u00e9couvrez La Villa Palladienne \u00e0 Syam. Pour le d\u00eener, nous vous recommanderons une charmante [&hellip;]<\/p>\n","protected":false},"author":1,"featured_media":0,"parent":0,"menu_order":0,"comment_status":"closed","ping_status":"closed","template":"","meta":{"_seopress_robots_primary_cat":"","_seopress_titles_title":"Passez une nuit \u00e0 La Villa Palladienne","_seopress_titles_desc":"Nous vous accueillons en chambres d\u2019h\u00f4tes avec petit-d\u00e9jeuner gourmand. S\u00e9r\u00e9nit\u00e9 des lieux, luxe authentique des chambres, d\u00e9couvrez La Villa Palladienne \u00e0 Syam","_seopress_robots_index":"","inline_featured_image":false,"site-sidebar-layout":"no-sidebar","site-content-layout":"page-builder","ast-site-content-layout":"default","site-content-style":"default","site-sidebar-style":"default","ast-global-header-display":"","ast-banner-title-visibility":"","ast-main-header-display":"","ast-hfb-above-header-display":"","ast-hfb-below-header-display":"","ast-hfb-mobile-header-display":"","site-post-title":"disabled","ast-breadcrumbs-content":"","ast-featured-img":"disabled","footer-sml-layout":"","ast-disable-related-posts":"","theme-transparent-header-meta":"default","adv-header-id-meta":"","stick-header-meta":"default","header-above-stick-meta":"","header-main-stick-meta":"","header-below-stick-meta":"","astra-migrate-meta-layouts":"default","ast-page-background-enabled":"default","ast-page-background-meta":{"desktop":{"background-color":"","background-image":"","background-repeat":"repeat","background-position":"center center","background-size":"auto","background-attachment":"scroll","background-type":"","background-media":"","overlay-type":"","overlay-color":"","overlay-opacity":"","overlay-gradient":""},"tablet":{"background-color":"","background-image":"","background-repeat":"repeat","background-position":"center center","background-size":"auto","background-attachment":"scroll","background-type":"","background-media":"","overlay-type":"","overlay-color":"","overlay-opacity":"","overlay-gradient":""},"mobile":{"background-color":"","background-image":"","background-repeat":"repeat","background-position":"center center","background-size":"auto","background-attachment":"scroll","background-type":"","background-media":"","overlay-type":"","overlay-color":"","overlay-opacity":"","overlay-gradient":""}},"ast-content-background-meta":{"desktop":{"background-color":"var(--ast-global-color-5)","background-image":"","background-repeat":"repeat","background-position":"center center","background-size":"auto","background-attachment":"scroll","background-type":"","background-media":"","overlay-type":"","overlay-color":"","overlay-opacity":"","overlay-gradient":""},"tablet":{"background-color":"var(--ast-global-color-5)","background-image":"","background-repeat":"repeat","background-position":"center center","background-size":"auto","background-attachment":"scroll","background-type":"","background-media":"","overlay-type":"","overlay-color":"","overlay-opacity":"","overlay-gradient":""},"mobile":{"background-color":"var(--ast-global-color-5)","background-image":"","background-repeat":"repeat","background-position":"center center","background-size":"auto","background-attachment":"scroll","background-type":"","background-media":"","overlay-type":"","overlay-color":"","overlay-opacity":"","overlay-gradient":""}},"footnotes":""},"class_list":["post-245","page","type-page","status-publish","hentry"],"_links":{"self":[{"href":"https:\/\/www.chateaudesyam.fr\/de\/wp-json\/wp\/v2\/pages\/245","targetHints":{"allow":["GET"]}}],"collection":[{"href":"https:\/\/www.chateaudesyam.fr\/de\/wp-json\/wp\/v2\/pages"}],"about":[{"href":"https:\/\/www.chateaudesyam.fr\/de\/wp-json\/wp\/v2\/types\/page"}],"author":[{"embeddable":true,"href":"https:\/\/www.chateaudesyam.fr\/de\/wp-json\/wp\/v2\/users\/1"}],"replies":[{"embeddable":true,"href":"https:\/\/www.chateaudesyam.fr\/de\/wp-json\/wp\/v2\/comments?post=245"}],"version-history":[{"count":0,"href":"https:\/\/www.chateaudesyam.fr\/de\/wp-json\/wp\/v2\/pages\/245\/revisions"}],"wp:attachment":[{"href":"https:\/\/www.chateaudesyam.fr\/de\/wp-json\/wp\/v2\/media?parent=245"}],"curies":[{"name":"wp","href":"https:\/\/api.w.org\/{rel}","templated":true}]}}