{"id":3,"date":"2020-02-12T14:37:02","date_gmt":"2020-02-12T14:37:02","guid":{"rendered":"https:\/\/syam.onpressidium.com\/?page_id=3"},"modified":"2021-08-03T14:28:43","modified_gmt":"2021-08-03T12:28:43","slug":"confidentialite-des-donnees","status":"publish","type":"page","link":"https:\/\/www.chateaudesyam.fr\/de\/confidentialite-des-donnees\/","title":{"rendered":"Datenschutz"},"content":{"rendered":"<h1>\n\t\tVertraulichkeit der pers\u00f6nlichen Daten\n\t<\/h1>\n\tMit der Entwicklung neuer Kommunikationsmittel ist es notwendig, dem Schutz der Privatsph\u00e4re besondere Aufmerksamkeit zu widmen. Aus diesem Grund verpflichten wir uns, die Vertraulichkeit der von uns erfassten personenbezogenen Daten zu wahren.<br \/>\nDatenschutzgesetz vom 6. Januar 1978.\n<p>Gem\u00e4\u00df den Artikeln 39 ff. des Gesetzes Nr. 78-17 vom 6. Januar 1978 \u00fcber die Datenverarbeitung, die Dateien und die Freiheiten kann jede Person die Mitteilung und gegebenenfalls die Berichtigung oder L\u00f6schung der sie betreffenden Daten verlangen. Dabei handelt es sich um Daten, die Sie bei der Anforderung von Informationen oder der Registrierung f\u00fcr einen unserer Dienste freiwillig angegeben haben.<\/p>\nUm dieses Recht auszu\u00fcben, k\u00f6nnen Sie uns jederzeit per E-Mail an contact@chateaudesyam.fr oder per Post an die folgende Adresse schreiben<br \/>\nSARL M.C.P. - 225 CHE DE BENAISY - 39300 SYAM\n<h2>Zweck der Verarbeitung personenbezogener Daten<\/h2>\n<p>M.C.P. verpflichtet sich, die Privatsph\u00e4re und die pers\u00f6nlichen Daten zu sch\u00fctzen, die Besucher f\u00fcr Kommunikations- und Informationszwecke zur Verf\u00fcgung stellen k\u00f6nnen. Diese Informationen sind wichtig f\u00fcr uns, um Ihnen den bestm\u00f6glichen Service bieten zu k\u00f6nnen.<\/p>\n<p>Die bereitgestellten Informationen dienen dazu, Ihre Informationsanfragen, Ihre Anfragen zu numerischen Studien oder Ihr Abonnement unserer Newsletter zu verwalten.<\/p>\n<h2>\u00dcbermittlung von pers\u00f6nlichen Informationen<\/h2>\n<p>M.C.P. SARL verpflichtet sich, keine pers\u00f6nlichen Informationen \u00fcber Sie an Dritte weiterzugeben oder zu verkaufen oder diese Informationen f\u00fcr irgendwelche unbeabsichtigten Zwecke zu verwenden.<\/p>\n<h2>Sicherheit und Datenschutz<\/h2>\n<p>Die SARL M.C.P. verpflichtet sich, alle notwendigen Vorkehrungen zu treffen, um die Sicherheit der Daten zu gew\u00e4hrleisten und insbesondere zu verhindern, dass diese verf\u00e4lscht oder besch\u00e4digt werden oder unbefugten Dritten zug\u00e4nglich sind.<\/p>\n<h2>Informationen \u00fcber Cookies<\/h2>\n<p>Der Nutzer wird dar\u00fcber informiert, dass bei seinen Besuchen auf der Website www.chateaudesyam.fr automatisch ein oder mehrere Cookies auf seinem Computer installiert werden k\u00f6nnen. Ein Cookie ist eine kleine Datei, die keine Identifizierung des Nutzers zul\u00e4sst, sondern Informationen \u00fcber die Navigation eines Computers auf einer Website aufzeichnet. Die auf diese Weise gewonnenen Daten sollen die sp\u00e4tere Navigation auf der Website erleichtern und auch verschiedene Ma\u00dfnahmen zur Messung der Besucherfrequenz erm\u00f6glichen.<\/p>\n\n<h2>Erfasste Daten<\/h2>\n<p>M.C.P. SARL kann IP-Adressen, das Herkunftsland und die Stadt der Besucher, das verwendete Betriebssystem und andere technische Informationen zu statistischen Zwecken aufzeichnen, um seine Dienstleistungen zu verbessern.<\/p>\n<p>Die SARL M.C.P. sammelt \u00fcber ihr Kontaktformular auf der Seite \"Kontakt\" die folgenden Informationen:<\/p>\n<ul>\n<li>Nachname<\/li>\n<li>Vornamen<\/li>\n<li>Telefon<\/li>\n<li>E-Mail Adresse<\/li>\n<\/ul>\n<p>Im Zusammenhang mit der Reservierung eines G\u00e4stezimmers oder eines Besuchs in La Villa werden die folgenden Rechnungsdaten vom Internetnutzer angefordert:<\/p>\n<ul>\n<li>Nachname<\/li>\n<li>Vornamen<\/li>\n<li>Unternehmen<\/li>\n<li>Land<\/li>\n<li>Postanschrift<\/li>\n<li>Postleitzahl<\/li>\n<li>Stadt<\/li>\n<li>E-Mail<\/li>\n<\/ul>\n<h2>Sichere Zahlungen<\/h2>\n<p>Bankgesch\u00e4fte werden sicher von unserem Partner verwaltet <a href=\"https:\/\/stripe.com\/fr\/privacy#translation\" target=\"_blank\" rel=\"noopener\">Streifen<\/a>. Die SARL M.C.P. hat keine Kenntnis von den Kreditkarteninformationen und verf\u00fcgt \u00fcber keine diesbez\u00fcglichen Daten.<\/p>","protected":false},"excerpt":{"rendered":"<p>Confidentialit\u00e9 des donn\u00e9es personnelles Devant le d\u00e9veloppement des nouveaux outils de communication, il est n\u00e9cessaire de porter une attention particuli\u00e8re \u00e0 la protection de la vie priv\u00e9e. C&rsquo;est pourquoi, nous nous engageons \u00e0 respecter la confidentialit\u00e9 des renseignements personnels que nous collectons. Loi Informatique et libert\u00e9s du 6 janvier 1978. Conform\u00e9ment aux articles 39 et [&hellip;]<\/p>\n","protected":false},"author":1,"featured_media":0,"parent":0,"menu_order":0,"comment_status":"closed","ping_status":"open","template":"","meta":{"_seopress_robots_primary_cat":"","_seopress_titles_title":"","_seopress_titles_desc":"","_seopress_robots_index":"yes","inline_featured_image":false,"site-sidebar-layout":"no-sidebar","site-content-layout":"page-builder","ast-site-content-layout":"default","site-content-style":"default","site-sidebar-style":"default","ast-global-header-display":"","ast-banner-title-visibility":"","ast-main-header-display":"","ast-hfb-above-header-display":"","ast-hfb-below-header-display":"","ast-hfb-mobile-header-display":"","site-post-title":"disabled","ast-breadcrumbs-content":"","ast-featured-img":"disabled","footer-sml-layout":"","ast-disable-related-posts":"","theme-transparent-header-meta":"default","adv-header-id-meta":"","stick-header-meta":"default","header-above-stick-meta":"","header-main-stick-meta":"","header-below-stick-meta":"","astra-migrate-meta-layouts":"default","ast-page-background-enabled":"default","ast-page-background-meta":{"desktop":{"background-color":"","background-image":"","background-repeat":"repeat","background-position":"center center","background-size":"auto","background-attachment":"scroll","background-type":"","background-media":"","overlay-type":"","overlay-color":"","overlay-opacity":"","overlay-gradient":""},"tablet":{"background-color":"","background-image":"","background-repeat":"repeat","background-position":"center center","background-size":"auto","background-attachment":"scroll","background-type":"","background-media":"","overlay-type":"","overlay-color":"","overlay-opacity":"","overlay-gradient":""},"mobile":{"background-color":"","background-image":"","background-repeat":"repeat","background-position":"center center","background-size":"auto","background-attachment":"scroll","background-type":"","background-media":"","overlay-type":"","overlay-color":"","overlay-opacity":"","overlay-gradient":""}},"ast-content-background-meta":{"desktop":{"background-color":"var(--ast-global-color-5)","background-image":"","background-repeat":"repeat","background-position":"center center","background-size":"auto","background-attachment":"scroll","background-type":"","background-media":"","overlay-type":"","overlay-color":"","overlay-opacity":"","overlay-gradient":""},"tablet":{"background-color":"var(--ast-global-color-5)","background-image":"","background-repeat":"repeat","background-position":"center center","background-size":"auto","background-attachment":"scroll","background-type":"","background-media":"","overlay-type":"","overlay-color":"","overlay-opacity":"","overlay-gradient":""},"mobile":{"background-color":"var(--ast-global-color-5)","background-image":"","background-repeat":"repeat","background-position":"center center","background-size":"auto","background-attachment":"scroll","background-type":"","background-media":"","overlay-type":"","overlay-color":"","overlay-opacity":"","overlay-gradient":""}},"footnotes":""},"class_list":["post-3","page","type-page","status-publish","hentry"],"_links":{"self":[{"href":"https:\/\/www.chateaudesyam.fr\/de\/wp-json\/wp\/v2\/pages\/3","targetHints":{"allow":["GET"]}}],"collection":[{"href":"https:\/\/www.chateaudesyam.fr\/de\/wp-json\/wp\/v2\/pages"}],"about":[{"href":"https:\/\/www.chateaudesyam.fr\/de\/wp-json\/wp\/v2\/types\/page"}],"author":[{"embeddable":true,"href":"https:\/\/www.chateaudesyam.fr\/de\/wp-json\/wp\/v2\/users\/1"}],"replies":[{"embeddable":true,"href":"https:\/\/www.chateaudesyam.fr\/de\/wp-json\/wp\/v2\/comments?post=3"}],"version-history":[{"count":0,"href":"https:\/\/www.chateaudesyam.fr\/de\/wp-json\/wp\/v2\/pages\/3\/revisions"}],"wp:attachment":[{"href":"https:\/\/www.chateaudesyam.fr\/de\/wp-json\/wp\/v2\/media?parent=3"}],"curies":[{"name":"wp","href":"https:\/\/api.w.org\/{rel}","templated":true}]}}