{"id":47,"date":"2021-05-12T16:10:27","date_gmt":"2021-05-12T14:10:27","guid":{"rendered":"https:\/\/syam.onpressidium.com\/?page_id=47"},"modified":"2026-03-06T16:43:55","modified_gmt":"2026-03-06T15:43:55","slug":"la-villa","status":"publish","type":"page","link":"https:\/\/www.chateaudesyam.fr\/de\/la-villa\/","title":{"rendered":"La Villa"},"content":{"rendered":"<div class=\"page-header\">\n    <div class=\"page-header__media\">\n        <img loading=\"lazy\" decoding=\"async\" width=\"1920\" height=\"900\" src=\"https:\/\/www.chateaudesyam.fr\/wp-content\/uploads\/2026\/03\/header-la-villa.webp\" class=\"page-header__img\" alt=\"\" aria-hidden=\"true\" srcset=\"https:\/\/www.chateaudesyam.fr\/wp-content\/uploads\/2026\/03\/header-la-villa.webp 1920w, https:\/\/www.chateaudesyam.fr\/wp-content\/uploads\/2026\/03\/header-la-villa-480x225.webp 480w, https:\/\/www.chateaudesyam.fr\/wp-content\/uploads\/2026\/03\/header-la-villa-768x360.webp 768w, https:\/\/www.chateaudesyam.fr\/wp-content\/uploads\/2026\/03\/header-la-villa-1200x563.webp 1200w\" sizes=\"auto, (max-width: 1920px) 100vw, 1920px\" \/>    <\/div>\n            <div class=\"page-header__title-wrap\">\n            <div class=\"page-header__title-inner\">\n                <h1 class=\"page-header__title\">La Villa Palladienne<\/h1>\n            <\/div>\n        <\/div>\n    <\/div>\n\n<h2>\n\t\t\tEine kleine Geschichte\t<\/h2>\n\t<p>Die Villa Palladienne wurde ab 1818 erbaut. Ihr Schirmherr, Emmanuel Jobez, war der Sohn von Claude Jobez, Schmiedemeister und bekannter Politiker.<\/p>\n<p>Die Familie Jobez, die vom Vater auf den Sohn \u00fcberging, hatte im 19. Jahrhundert einen gro\u00dfen Einfluss auf das politische, soziale und wirtschaftliche Leben im Jura. Sie bauten Fabriken, Schulen, Kirchen und Schl\u00f6sser.<\/p>\n<p>Emmanuel war der Erbe dieser fabelhaften Reise, die in der rauen Landschaft von Bellefontaine begann, wo sich sein Vorfahre Le Grand Claude 1788 aus der Gewalt der Domherren von Saint-Claude befreite. (Leibeigenschaft, die die Menschen daran hinderte, Eigent\u00fcmer zu werden).<\/p>\n<p>Die Geschichte der Familie Jobez beginnt im 18. Jahrhundert in der rauen Landschaft des Haut-Jura in Bellefontaine. Die Familie Jobez hat keinen Titel, keinen Besitz, keinen Reichtum, ganz im Gegenteil, denn die Familie unterliegt der Leibeigenschaft, sie ist den M\u00e4gden von Saint-Claude unterstellt.\u00a0<\/p>\n<p>Dank seines Mutes und seiner Entschlossenheit gelang es dem gro\u00dfen Claude, dem Vater von Claude Jobez und dem Gro\u00dfvater von Emmanuel, sich 1788 aus der Knechtschaft zu befreien, die auf seiner Familie lastete, und so der n\u00e4chsten Generation die Freiheit zu erm\u00f6glichen.<\/p>\n<figure itemscope itemtype=\"https:\/\/schema.org\/ImageObject\">\n\t\t\t\t<img decoding=\"async\" src=\"https:\/\/www.chateaudesyam.fr\/wp-content\/uploads\/2021\/07\/la-villa-section-histoire.jpg\" alt=\"la-villa-abschnitt-geschichte\" height=\"652\" width=\"562\" title=\"la-villa-abschnitt-geschichte\" onerror=\"this.style.display='none'\" loading=\"lazy\" \/>\n\t<\/figure>\n\t<p>Sein Sohn Claude Jobez begann als Landwirt, wurde aber bald zum Hausierer von Comtois-Uhren und machte sich dank seiner unvergleichlichen kaufm\u00e4nnischen Ausstrahlung selbst\u00e4ndig. Sobald er die Mittel dazu hatte, kaufte er die Hoch\u00f6fen von Rochejean im Doubs. Dann die von Baudin in der N\u00e4he von Selli\u00e8res im Bas-Jura, dann die von Champagnole und Bourg-de-Sirod und schlie\u00dflich der Bau eines hochmodernen Werks in Syam, am Ufer des Ain.\u00a0<\/p>\n<p>Zun\u00e4chst stellten sie landwirtschaftliche Werkzeuge mit bemerkenswerter Sch\u00e4rfe her.<\/p>\n<p>Dank dieses Know-hows wird Claude Jobez zum Lieferanten Napoleons und fertigt Klingen f\u00fcr den Krieg, insbesondere Schwerter und Bajonette, wodurch er sein Verm\u00f6gen verzehnfachen kann. Neben seinen gesch\u00e4ftlichen Erfolgen erwarb sich Claude Jobez die Anerkennung seiner Kollegen, indem er zum B\u00fcrgermeister von Morez und anschlie\u00dfend zum Generalrat des Jura gew\u00e4hlt wurde.<\/p>\n<p>Claude Jobez und seine Frau hatten zwei Kinder, Emmanuel und Ad\u00e9la\u00efde. Sie w\u00fcnschen sich das Beste f\u00fcr ihre Ausbildung. Der studienbegabte Emmanuel trat im Alter von 17 Jahren in die Sorbonne ein und studierte Literatur, Architektur, Politik und Musik. Er begegnete Schriftstellern wie Chateaubriand, Alfred de Musset, Stendhal, Benjamin Constant und Lamartine. W\u00e4hrend einer Italienreise geriet er in den Bann der Arbeiten von Andrea Palladio, dem gro\u00dfen Architekten der italienischen Renaissance. Er war so fasziniert, dass er sich vorstellte, die ber\u00fchmte Villa Rotonda in Syam im Jura nachzubauen, die der gro\u00dfe Meister im 16. Jahrhundert in Vicenza f\u00fcr eine venezianische Adelsfamilie errichtet hatte. Als Erbe des gr\u00f6\u00dften Teils des immensen Verm\u00f6gens seines Vaters verlie\u00df er das Gesch\u00e4ft seines Vaters zugunsten seines Schwagers Etienne Monnier, um sich diesem Projekt und der Politik zu widmen. 1815 wurde er Abgeordneter des Jura. Er war 30 Jahre alt.<\/p>\n<figure itemscope itemtype=\"https:\/\/schema.org\/ImageObject\">\n\t\t\t\t<img decoding=\"async\" src=\"https:\/\/www.chateaudesyam.fr\/wp-content\/uploads\/2021\/05\/colonne.jpg\" alt=\"Spalte\" height=\"500\" width=\"368\" title=\"Spalte\" onerror=\"this.style.display='none'\" loading=\"lazy\" \/>\n\t<\/figure>\n<figure itemscope itemtype=\"https:\/\/schema.org\/ImageObject\">\n\t\t\t\t<img decoding=\"async\" src=\"https:\/\/www.chateaudesyam.fr\/wp-content\/uploads\/2021\/07\/villa-architecture.jpg\" alt=\"villa-architektur\" height=\"411\" width=\"271\" title=\"villa-architektur\" onerror=\"this.style.display='none'\" loading=\"lazy\" \/>\n\t<\/figure>\n<figure itemscope itemtype=\"https:\/\/schema.org\/ImageObject\">\n\t\t\t\t<img decoding=\"async\" src=\"https:\/\/www.chateaudesyam.fr\/wp-content\/uploads\/2021\/05\/mg-4847-bd.jpg\" alt=\"mg-4847-bd\" height=\"510\" width=\"368\" title=\"mg-4847-bd\" onerror=\"this.style.display='none'\" loading=\"lazy\" \/>\n\t<\/figure>\n<h2>\n\t\t\tArchitektur\t<\/h2>\n<h3>\n\t\t\tZwischen Neoklassizismus und Neopalladianismus\t<\/h3>\n\t<p>Tausend Meilen von Italien entfernt, tauchen Sie in dieser Villa aus dem 19. Jahrhundert, einer lebendigen Hommage an den Meister Andrea Palladio, in die Lebenskunst der venezianischen Renaissancepal\u00e4ste ein.<\/p>\n<p>Der Neoklassizismus ist eine Weiterf\u00fchrung der klassischen Werke der Antike. In seinem Buch <em>Die Architektur<\/em>Vitruv, ein wahrer Kodifizierer der architektonischen Praxis seiner Zeit, legt drei wesentliche Eigenschaften f\u00fcr jedes Geb\u00e4ude fest: dauerhaft, n\u00fctzlich und sch\u00f6n.<\/p>\n<p>Seiner Meinung nach ist die Architektur eine Nachahmung der Natur.<\/p>\n<p>Die palladianische Villa in Syam ist ein Werk, das einer klassischen Auffassung von Architektur entspricht. Andrea Palladio war ein italienischer Architekt der italienischen Renaissance, dessen Werk \u00fcber die von Vitruv errichteten Codes hinausging. Sein Schwerpunkt lag auf mathematischen Proportionen.<\/p>\n<p>Er ist weltber\u00fchmt daf\u00fcr, Licht ins Haus zu bringen.<\/p>\n<h2>\n\t\t\tEin ungew\u00f6hnliches Design\t<\/h2>\n<h3>\n\t\t\tDie Zahl 8\t<\/h3>\n\tEin Besuch in der palladianischen Villa ist eine Abfolge von Erlebnissen.<br \/>\nEines der ungew\u00f6hnlichsten Beispiele ist die Enth\u00fcllung, dass alle Rippen der Villa ein Vielfaches der Zahl 8 sind.\nDas Haus ist ein Quadrat von 24 mal 24 Metern und 16 Metern H\u00f6he.<br \/>\n8 gro\u00dfe S\u00e4le pro Stockwerk, verteilt auf eine zentrale Rotunde, die von 8 neoklassizistischen S\u00e4ulen getragen wird.\n<p>Die Rotunde hat 4 runde Balkone mit Blick auf eine Glasdecke. Es gibt 8 Stufen zum Haus und 8 Stufen zu den Kellern. Auf der Parkebene befindet sich das Haus an der Kreuzung der beiden Ellipsen einer gro\u00dfen Acht, die die Hauptpromenade bildet.<\/p>\n<figure itemscope itemtype=\"https:\/\/schema.org\/ImageObject\">\n\t\t\t\t<img decoding=\"async\" src=\"https:\/\/www.chateaudesyam.fr\/wp-content\/uploads\/2021\/07\/villa-section-insolite-.jpg\" alt=\"villa-section-insolite-\" height=\"373\" width=\"562\" title=\"villa-section-insolite-\" onerror=\"this.style.display='none'\" loading=\"lazy\" \/>\n\t<\/figure>\n<h2>\n\t\t\tDekorative K\u00fcnste\t<\/h2>\n<h3>\n\t\t\tDie einzigartige Sammlung von Hintergrundbildern\t<\/h3>\n\t<p>Ein wahrer Schatz von Syam. Es handelt sich um die bedeutendste Sammlung von Tapeten und Panoramabildern des 19. Jahrhunderts in einem der \u00d6ffentlichkeit zug\u00e4nglichen Haus. Die gr\u00f6\u00dften Hersteller sind vertreten und zeichnen Dekore in einem au\u00dfergew\u00f6hnlichen Erhaltungszustand. Zuber, Defoss\u00e9, Leroy, Pierce-Fontaine, Mader, Joseph Dufour... Jedes St\u00fcck ist eine einzigartige Dekoration.<\/p>\n<p>Pompejanisch inspirierte Fresken (Bischofssaal, Rosensaal), Geschichte des Altertums (Billard), Toile de Jouy... Eine Vielzahl von Dekorationen, die die politische, k\u00fcnstlerische und soziale Geschichte von der griechischen Antike \u00fcber das Kaiserreich bis zur Romantik erz\u00e4hlen.<\/p>\n<p>Panoramatapeten ersetzten gemalte Fresken und gespannte Stoffe in dem Bem\u00fchen, modern zu sein. In jenen Jahren. Tapete war ein innovatives Verfahren.<\/p>\n<p>In der palladianischen Villa in Syam schlie\u00dflich befindet sich eine himmlische Dekoration, ein Fresko, das direkt auf den Putz der Kuppel der Rotunde gemalt wurde. Musikalische Pracht und Putten sind mit antiken Draperien in Sepiat\u00f6nen von unendlicher Sch\u00f6nheit geschm\u00fcckt.<\/p>\n<figure itemscope itemtype=\"https:\/\/schema.org\/ImageObject\">\n\t\t\t\t<img decoding=\"async\" src=\"https:\/\/www.chateaudesyam.fr\/wp-content\/uploads\/2021\/07\/arts-deco-2.jpg\" alt=\"Kunst-Deko-2\" height=\"200\" width=\"174\" title=\"Kunst-Deko-2\" onerror=\"this.style.display='none'\" loading=\"lazy\" \/>\n\t<\/figure>\n<figure itemscope itemtype=\"https:\/\/schema.org\/ImageObject\">\n\t\t\t\t<img decoding=\"async\" src=\"https:\/\/www.chateaudesyam.fr\/wp-content\/uploads\/2021\/07\/arts-deco-1.jpg\" alt=\"Kunst-Deko-1\" height=\"380\" width=\"304\" title=\"Kunst-Deko-1\" onerror=\"this.style.display='none'\" loading=\"lazy\" \/>\n\t<\/figure>\n<figure itemscope itemtype=\"https:\/\/schema.org\/ImageObject\">\n\t\t\t\t<img decoding=\"async\" src=\"https:\/\/www.chateaudesyam.fr\/wp-content\/uploads\/2021\/07\/arts-deco-3.jpg\" alt=\"Kunst-Deko-3\" height=\"310\" width=\"465\" title=\"Kunst-Deko-3\" onerror=\"this.style.display='none'\" loading=\"lazy\" \/>\n\t<\/figure>\n<figure itemscope itemtype=\"https:\/\/schema.org\/ImageObject\">\n\t\t\t\t<img decoding=\"async\" src=\"https:\/\/www.chateaudesyam.fr\/wp-content\/uploads\/2021\/07\/villa-section-mobilier.jpg\" alt=\"villa-teil-m\u00f6bel\" height=\"350\" width=\"562\" title=\"villa-teil-m\u00f6bel\" onerror=\"this.style.display='none'\" loading=\"lazy\" \/>\n\t<\/figure>\n<h2>\n\t\t\tDie M\u00f6bel\t<\/h2>\n<h3>\n\t\t\tVollst\u00e4ndig mit Stilm\u00f6beln eingerichtet \t<\/h3>\n\t<p>Das Haus verf\u00fcgt \u00fcber seine urspr\u00fcngliche Einrichtung, da die Wohnungen nie bewegt wurden: b\u00fcrgerliche M\u00f6bel aus der Zeit des Empire, der Restauration, Charles X. und Louis-Philippe.<\/p>\n<p>Das kubanische Mahagoni und die kostbaren Intarsien (Frisierkommode Boule) machen diese Kollektion so vielf\u00e4ltig wie harmonisch: Ebenholz, Birne, Zitrone, Palisander, Amaranth, Nussbaum...<\/p>\n<p>Die M\u00f6bel sind \u00e4u\u00dferst komfortabel. Man sp\u00fcrt, dass die Priorit\u00e4t f\u00fcr seine Bewohner die Sanftheit des Lebens und das Wohlbefinden war.<\/p>\n<h2>\n\t\t\tEine perfekt erhaltene Dekoration\t<\/h2>\n<h3>\n\t\t\tParkettb\u00f6den, Kronleuchter und Ornamente\t<\/h3>\n\t<p>Die Parkettb\u00f6den in jedem Zimmer der Villa Palladienne sind einzigartig und stellen ein Kunstwerk f\u00fcr sich dar. F\u00fcr diese Arbeit wurden die besten Tischler herangezogen.<\/p>\n<p>Zwei Jahrhunderte sp\u00e4ter beweist ihr heutiger Zustand, in dem sie perfekt erhalten sind, die Qualit\u00e4t der geleisteten Arbeit.<\/p>\n<p>Sie sind wie Mosaike gefertigt und ersetzen den Marmor und die Mosaike der italienischen Villen. Verschiedene Holzarten werden gemischt, um technische und \u00e4sthetische Ziele zu erreichen (Akustik im Zimmer des Monsignore). Das Ergebnis ist ein Boden, der so sch\u00f6n ist wie in Italien und auf dem es sich das ganze Jahr \u00fcber angenehm leben l\u00e4sst. Bevorzugt wurden die edelsten Holzarten: Eiche, Kirsche, Tanne, Ahorn, Kastanie usw.<\/p>\n<p>Die Kronleuchter sind Unikate, b\u00f6hmische Kronleuchter aus Kristall und vergoldeter Bronze, Empire-Kronleuchter aus lackiertem Blech und Bronze, italienische Kronleuchter aus vergoldetem Holz, die einen eklektischen und sehr sicheren Geschmack zeigen.<\/p>\n<figure itemscope itemtype=\"https:\/\/schema.org\/ImageObject\">\n\t\t\t\t<img decoding=\"async\" src=\"https:\/\/www.chateaudesyam.fr\/wp-content\/uploads\/2021\/07\/villa-section-lustre-.jpg\" alt=\"villa-section-lustre-\" height=\"336\" width=\"540\" title=\"villa-section-lustre-\" onerror=\"this.style.display='none'\" loading=\"lazy\" \/>\n\t<\/figure>\n<figure itemscope itemtype=\"https:\/\/schema.org\/ImageObject\">\n\t\t\t\t<img decoding=\"async\" src=\"https:\/\/www.chateaudesyam.fr\/wp-content\/uploads\/2021\/07\/villa-section-parquet.jpg\" alt=\"villa-section-parquet\" height=\"336\" width=\"540\" title=\"villa-section-parquet\" onerror=\"this.style.display='none'\" loading=\"lazy\" \/>\n\t<\/figure>\n<figure itemscope itemtype=\"https:\/\/schema.org\/ImageObject\">\n\t\t\t\t<img decoding=\"async\" src=\"https:\/\/www.chateaudesyam.fr\/wp-content\/uploads\/2021\/07\/bibli-1.jpg\" alt=\"bibli-1\" height=\"360\" width=\"562\" title=\"bibli-1\" onerror=\"this.style.display='none'\" loading=\"lazy\" \/>\n\t<\/figure>\n<figure itemscope itemtype=\"https:\/\/schema.org\/ImageObject\">\n\t\t\t\t<img decoding=\"async\" src=\"https:\/\/www.chateaudesyam.fr\/wp-content\/uploads\/2021\/07\/bibli-2-2.jpg\" alt=\"bibli-2-2\" height=\"368\" width=\"368\" title=\"bibli-2-2\" onerror=\"this.style.display='none'\" loading=\"lazy\" \/>\n\t<\/figure>\n<h2>\n\t\t\tSyam's Bibliothek\t<\/h2>\n\t<p>Dank der Bem\u00fchungen der derzeitigen Eigent\u00fcmer, Brigitte Cannard und Claude Darbon, wird die bemerkenswerte Bibliothek der Villa Palladienne nach und nach restauriert.<\/p>\n<p>Damals besa\u00df Emmanuel Jobez im zweiten Stock des Hauses eine pr\u00e4chtige Bibliothek: 24 Meter lang... bis zu 36.000 B\u00fccher!<\/p>\n<p>Dieselben B\u00fccher, dieselben Autoren, an denselben Stellen in der urspr\u00fcnglichen Bibliothek, das ist das k\u00fchne Gl\u00fccksspiel der jetzigen Besitzer des Geb\u00e4udes!<\/p>\n<h3>\n\t\t\tBesuchen Sie die Villa Paladienne\t<\/h3>\n\t<a href=\"https:\/\/www.chateaudesyam.fr\/de\/produkt\/visiter-la-villa-palladienne\/\" target=\"_self\" role=\"button\" aria-label=\"Mehr lesen\">\n\t\t\t\t\t\tMehr lesen\n\t\t\t\t\t<\/a>","protected":false},"excerpt":{"rendered":"<p>Un peu d&rsquo;Histoire La Villa Palladienne a \u00e9t\u00e9 \u00e9difi\u00e9e \u00e0 partir de 1818. Son commanditaire Emmanuel Jobez \u00e9tait le fils de Claude Jobez, Ma\u00eetre de Forges et homme politique reconnu. Les Jobez, de p\u00e8res en fils, ont consid\u00e9rablement influenc\u00e9 la vie politique, sociale et \u00e9conomique du Jura au 19\u00e8me si\u00e8cle. Ils ont \u00e9difi\u00e9 des usines, [&hellip;]<\/p>\n","protected":false},"author":1,"featured_media":7276,"parent":0,"menu_order":0,"comment_status":"closed","ping_status":"closed","template":"","meta":{"_seopress_robots_primary_cat":"","_seopress_titles_title":"Pr\u00e9sentation de La Villa Palladienne","_seopress_titles_desc":"De son histoire \u00e0 son architecture en passant par les arts d\u00e9coratifs et la biblioth\u00e8que, laissez-vous emporter par le passionnant pass\u00e9 du Ch\u00e2teau de Syam.","_seopress_robots_index":"","inline_featured_image":false,"site-sidebar-layout":"no-sidebar","site-content-layout":"page-builder","ast-site-content-layout":"full-width-container","site-content-style":"unboxed","site-sidebar-style":"unboxed","ast-global-header-display":"","ast-banner-title-visibility":"","ast-main-header-display":"","ast-hfb-above-header-display":"","ast-hfb-below-header-display":"","ast-hfb-mobile-header-display":"","site-post-title":"disabled","ast-breadcrumbs-content":"","ast-featured-img":"disabled","footer-sml-layout":"","ast-disable-related-posts":"","theme-transparent-header-meta":"default","adv-header-id-meta":"","stick-header-meta":"default","header-above-stick-meta":"","header-main-stick-meta":"","header-below-stick-meta":"","astra-migrate-meta-layouts":"set","ast-page-background-enabled":"default","ast-page-background-meta":{"desktop":{"background-color":"","background-image":"","background-repeat":"repeat","background-position":"center center","background-size":"auto","background-attachment":"scroll","background-type":"","background-media":"","overlay-type":"","overlay-color":"","overlay-opacity":"","overlay-gradient":""},"tablet":{"background-color":"","background-image":"","background-repeat":"repeat","background-position":"center center","background-size":"auto","background-attachment":"scroll","background-type":"","background-media":"","overlay-type":"","overlay-color":"","overlay-opacity":"","overlay-gradient":""},"mobile":{"background-color":"","background-image":"","background-repeat":"repeat","background-position":"center center","background-size":"auto","background-attachment":"scroll","background-type":"","background-media":"","overlay-type":"","overlay-color":"","overlay-opacity":"","overlay-gradient":""}},"ast-content-background-meta":{"desktop":{"background-color":"var(--ast-global-color-5)","background-image":"","background-repeat":"repeat","background-position":"center center","background-size":"auto","background-attachment":"scroll","background-type":"","background-media":"","overlay-type":"","overlay-color":"","overlay-opacity":"","overlay-gradient":""},"tablet":{"background-color":"var(--ast-global-color-5)","background-image":"","background-repeat":"repeat","background-position":"center center","background-size":"auto","background-attachment":"scroll","background-type":"","background-media":"","overlay-type":"","overlay-color":"","overlay-opacity":"","overlay-gradient":""},"mobile":{"background-color":"var(--ast-global-color-5)","background-image":"","background-repeat":"repeat","background-position":"center center","background-size":"auto","background-attachment":"scroll","background-type":"","background-media":"","overlay-type":"","overlay-color":"","overlay-opacity":"","overlay-gradient":""}},"footnotes":""},"class_list":["post-47","page","type-page","status-publish","has-post-thumbnail","hentry"],"_links":{"self":[{"href":"https:\/\/www.chateaudesyam.fr\/de\/wp-json\/wp\/v2\/pages\/47","targetHints":{"allow":["GET"]}}],"collection":[{"href":"https:\/\/www.chateaudesyam.fr\/de\/wp-json\/wp\/v2\/pages"}],"about":[{"href":"https:\/\/www.chateaudesyam.fr\/de\/wp-json\/wp\/v2\/types\/page"}],"author":[{"embeddable":true,"href":"https:\/\/www.chateaudesyam.fr\/de\/wp-json\/wp\/v2\/users\/1"}],"replies":[{"embeddable":true,"href":"https:\/\/www.chateaudesyam.fr\/de\/wp-json\/wp\/v2\/comments?post=47"}],"version-history":[{"count":4,"href":"https:\/\/www.chateaudesyam.fr\/de\/wp-json\/wp\/v2\/pages\/47\/revisions"}],"predecessor-version":[{"id":7293,"href":"https:\/\/www.chateaudesyam.fr\/de\/wp-json\/wp\/v2\/pages\/47\/revisions\/7293"}],"wp:featuredmedia":[{"embeddable":true,"href":"https:\/\/www.chateaudesyam.fr\/de\/wp-json\/wp\/v2\/media\/7276"}],"wp:attachment":[{"href":"https:\/\/www.chateaudesyam.fr\/de\/wp-json\/wp\/v2\/media?parent=47"}],"curies":[{"name":"wp","href":"https:\/\/api.w.org\/{rel}","templated":true}]}}