{"id":49,"date":"2021-05-12T16:10:53","date_gmt":"2021-05-12T14:10:53","guid":{"rendered":"https:\/\/syam.onpressidium.com\/?page_id=49"},"modified":"2026-03-06T17:03:55","modified_gmt":"2026-03-06T16:03:55","slug":"chambres-dhotes-gites","status":"publish","type":"page","link":"https:\/\/www.chateaudesyam.fr\/de\/chambres-dhotes-gites\/","title":{"rendered":"Bed &amp; Breakfast &amp; Unterk\u00fcnfte"},"content":{"rendered":"<div class=\"page-header\">\n    <div class=\"page-header__media\">\n        <img loading=\"lazy\" decoding=\"async\" width=\"1600\" height=\"656\" src=\"https:\/\/www.chateaudesyam.fr\/wp-content\/uploads\/2026\/02\/dormir-villa-palladienne.webp\" class=\"page-header__img\" alt=\"\" aria-hidden=\"true\" srcset=\"https:\/\/www.chateaudesyam.fr\/wp-content\/uploads\/2026\/02\/dormir-villa-palladienne.webp 1600w, https:\/\/www.chateaudesyam.fr\/wp-content\/uploads\/2026\/02\/dormir-villa-palladienne-480x197.webp 480w, https:\/\/www.chateaudesyam.fr\/wp-content\/uploads\/2026\/02\/dormir-villa-palladienne-768x315.webp 768w, https:\/\/www.chateaudesyam.fr\/wp-content\/uploads\/2026\/02\/dormir-villa-palladienne-1200x492.webp 1200w\" sizes=\"auto, (max-width: 1600px) 100vw, 1600px\" \/>    <\/div>\n            <div class=\"page-header__title-wrap\">\n            <div class=\"page-header__title-inner\">\n                <h1 class=\"page-header__title\">G\u00e4stezimmer<\/h1>\n            <\/div>\n        <\/div>\n    <\/div>\n\n<h2>\n\t\t\tBuchen Sie\t<\/h2>\n\t<p>Buchen Sie Ihr Zimmer direkt online auf unserer Website und erhalten Sie die beste Rate.<\/p>\n\t<a href=\"https:\/\/www.chateaudesyam.fr\/de\/reserver\/\" target=\"_self\" role=\"button\" aria-label=\"Buchen Sie ein Zimmer\">\n\t\t\t\t\t\tBuchen Sie ein Zimmer\n\t\t\t\t\t<\/a>\n\t<a href=\"#gites\" target=\"_self\" role=\"button\" aria-label=\"Buchen Sie eine G\u00eete\">\n\t\t\t\t\t\tBuchen Sie eine G\u00eete\n\t\t\t\t\t<\/a>\n\t<a href=\"https:\/\/www.chateaudesyam.fr\/de\/plaisir-doffrir\/\" target=\"_self\" role=\"button\" aria-label=\"Unsere Geschenkpakete\">\n\t\t\t\t\t\tUnsere Geschenkpakete\n\t\t\t\t\t<\/a>\n<h2>\n\t\t\tVerbringen Sie eine Nacht in La Villa Palladienne\t<\/h2>\n\t<p>Wir empfangen Sie in den G\u00e4stezimmern mit einem Gourmet-Fr\u00fchst\u00fcck, das je nach Wetterlage in Ihrem Zimmer oder auf der Terrasse serviert wird. Die Gelassenheit des Ortes, der authentische Luxus der Zimmer von Herrn Sadi Carnot, George Sand... entdecken Sie La Villa Palladienne in Syam.<\/p>\n<p>Zum Abendessen empfehlen wir ein charmantes Gasthaus in der N\u00e4he (4 km, k\u00f6stliches regionales Degustationsmen\u00fc f\u00fcr ca. 50 \u20ac pro Person).<\/p>\n<p>Um ein H\u00f6chstma\u00df an Ruhe und Frieden zu erreichen, sollten Samstagabende vermieden werden.<\/p>\n<p>Seien Sie versichert, dass wir unser M\u00f6glichstes tun werden, um sicherzustellen, dass Sie eine tolle Zeit in diesem wunderbaren Haus verbringen.<\/p>\n<p>Wir hoffen, dass dieser urspr\u00fcngliche, harmonische und ruhige Ort Sie inspirieren wird und Sie K\u00f6rper, Herz und Geist ausruhen k\u00f6nnen...<\/p>\n<h2>\n\t\t\tEr\u00f6ffnungstermine\t<\/h2>\n\t\t<h3>Ge\u00f6ffnet vom 17. April bis zum 03. November<\/h3>\t\t\t\n<h2>\n\t\t\tPreise\t<\/h2>\n\t\t\t\t\t\t\t\t\t\tEine Nacht in der Villa.\n\t\t\t250,00 \u20ac\n\t\t\t\t\t\t\t\t\t<p>Zwei Gourmet-Fr\u00fchst\u00fccke und zwei F\u00fchrungen inklusive.<\/p>\t\t\t\t\t\t\t\t\n\t\t\t250,00 \u20ac\n\t\t\t\t\t\t\t\t\t\tPrestige-Formel\n\t\t\t350,00 \u20ac\n\t\t\t\t\t\t\t\t\t<p>Eine Nacht f\u00fcr ein Paar mit zwei unvergesslichen Schlemmerfr\u00fchst\u00fccken und einem romantischen Abendessen in einem Gasthaus ganz in der N\u00e4he von La Villa.<br \/>Besichtigung des Schlosses inklusive.<\/p>\t\t\t\t\t\t\t\t\n\t\t\t350,00 \u20ac\n\t<a href=\"https:\/\/www.chateaudesyam.fr\/de\/plaisir-doffrir\/\" target=\"_self\" role=\"button\" aria-label=\"Freude am Geben\">\n\t\t\t\t\t\tDie Freude am Geben\n\t\t\t\t\t<\/a>\n<h2>\n\t\t\tFAQ\t<\/h2>\n\t\t\t\tWelche Unterkunftsm\u00f6glichkeiten werden im Schloss Syam angeboten?\n\t\t\t\t\t<p>Wir bieten zwei unterschiedliche Erlebnisse auf unserem Anwesen: die historische Eleganz unserer G\u00e4stezimmer, die sich direkt in der Palladianischen Villa befinden, und den Komfort unserer vier Ferienh\u00e4user, die sich in den Nebengeb\u00e4uden in Fer \u00e0 Cheval einbetten und sich perfekt f\u00fcr Gruppen- oder Familienaufenthalte im Jura eignen.<\/p>\n\t\t\t\tIst das Schloss Syam f\u00fcr einen Gruppenaufenthalt oder eine Familienveranstaltung geeignet?\n\t\t\t\t\t<p>Auf jeden Fall. Dank unserer renovierten G\u00eetes k\u00f6nnen wir zus\u00e4tzlich zu den G\u00e4stezimmern bis zu 44 Personen beherbergen. Dies ist der ideale Ort, um Ihre G\u00e4ste bei einer prestigetr\u00e4chtigen Hochzeit in der Franche-Comt\u00e9 zu zentralisieren .<\/p>\n\t\t\t\tWas beinhaltet eine \u00dcbernachtung in einem G\u00e4stezimmer in der Villa Palladiana?\n\t\t\t\t\t<p>Jede \u00dcbernachtung ist ein Eintauchen in die Lebenskunst des 19. Jahrhunderts. Sie genie\u00dfen ein liebevoll eingerichtetes Zimmer (Panoramatapeten, Stilm\u00f6bel) und einen privilegierten Zugang zur ruhigen Umgebung des Parks. Es ist der perfekte Zwischenstopp f\u00fcr alle, die eine ungew\u00f6hnliche Luxusunterkunft in der N\u00e4he der Wasserf\u00e4lle des H\u00e9risson suchen.<\/p>\n\t\t\t\tWelche Freizeitaktivit\u00e4ten befinden sich in der N\u00e4he des Anwesens?\n\t\t\t\t\t<p>Das in Syam gelegene Schloss ist der ideale Ausgangspunkt, um die Sch\u00e4tze des Jura zu entdecken: die Pertes de l'Ain (3 km entfernt), die Gorges de la Langouette oder auch die K\u00f6niglichen Salinen von Arc-et-Senans. Eine strategische Lage zwischen Dole, Lons-le-Saunier und der Schweizer Grenze.<\/p>\n<figure itemscope itemtype=\"https:\/\/schema.org\/ImageObject\">\n\t\t\t\t<img decoding=\"async\" src=\"https:\/\/www.chateaudesyam.fr\/wp-content\/uploads\/2026\/02\/chambre-hote-syam-768x325.webp\" alt=\"Ein wundersch\u00f6nes Schlosszimmer mit einem gro\u00dfen Bett und einer raffinierten Dekoration.\" height=\"325\" width=\"768\" title=\"kammer-hote-syam\" onerror=\"this.style.display='none'\" loading=\"lazy\" \/>\n\t<\/figure>\n<figure itemscope itemtype=\"https:\/\/schema.org\/ImageObject\">\n\t\t\t\t<img decoding=\"async\" src=\"https:\/\/www.chateaudesyam.fr\/wp-content\/uploads\/2021\/07\/sdb.jpg\" alt=\"sdb\" height=\"400\" width=\"562\" title=\"sdb\" onerror=\"this.style.display='none'\" loading=\"lazy\" \/>\n\t<\/figure>\n<h2>\n\t\t\tDie G\u00eetes\t<\/h2>\n\t<p>Gegen\u00fcber von La Villa Palladienne, in Form eines \"Hufeisens\", wurden die ehemaligen Stallungen zu Ferienh\u00e4usern umgebaut und k\u00f6nnen Gruppen oder Familien beherbergen.<\/p>\n<p>Wie die K\u00f6nigliche Saline von Arcs-et-Senans wurde auch dieses pr\u00e4chtige Geb\u00e4ude von Claude Nicolas Ledoux entworfen. Es ist sehr originell und weist eine meisterhafte Architektur auf.<\/p>\n<p>Unsere komfortablen Ferienh\u00e4user im Erdgeschoss mit einer schattigen Terrasse sind mit Gartenm\u00f6beln und Grill ausgestattet.<\/p>\n<figure itemscope itemtype=\"https:\/\/schema.org\/ImageObject\">\n\t\t\t\t<img decoding=\"async\" src=\"https:\/\/www.chateaudesyam.fr\/wp-content\/uploads\/2021\/06\/cesar.jpg\" alt=\"cesar\" height=\"271\" width=\"271\" title=\"cesar\" onerror=\"this.style.display='none'\" loading=\"lazy\" \/>\n\t<\/figure>\n<h3>\n\t\t\tG\u00eete \" C\u00e9sar \" in Le Fer \u00e0 Cheval (maximal 5 Personen)\t<\/h3>\n\t1 Duplex-Wohnung mit 2 Schlafzimmern, K\u00fcche, Wohnzimmer, Bad und separatem WC.<br \/>\nAusgestattet, mit allem Komfort. Gartenebene.<br \/>\nMindestens 2 N\u00e4chte: 440 \u20ac (inklusive Bettw\u00e4sche und Handt\u00fccher).\n<p>M\u00f6glicher Aufenthalt von Sonntag bis Freitag, au\u00dfer Samstag Nacht, Reinigungsgeb\u00fchr 50 \u20ac und Kurtaxe 1\u20ac pro Erwachsener pro Nacht zus\u00e4tzlich.<\/p>\n\t<a href=\"https:\/\/www.chateaudesyam.fr\/de\/reservation-cesar\/\" target=\"_self\" role=\"button\" aria-label=\"Buchen Sie\">\n\t\t\t\t\t\tBuchen Sie\n\t\t\t\t\t<\/a>\n<figure itemscope itemtype=\"https:\/\/schema.org\/ImageObject\">\n\t\t\t\t<img decoding=\"async\" src=\"https:\/\/www.chateaudesyam.fr\/wp-content\/uploads\/2021\/06\/rosalie.jpg\" alt=\"rosalie\" height=\"271\" width=\"271\" title=\"rosalie\" onerror=\"this.style.display='none'\" loading=\"lazy\" \/>\n\t<\/figure>\n<h3>\n\t\t\tG\u00eete \" Rosalie \" in Le Fer \u00e0 Cheval (maximal 9 Personen)\t<\/h3>\n\t1 Duplex-Wohnung, 4 Schlafzimmer, K\u00fcche, Wohnzimmer, 2 B\u00e4der, 2 Toiletten.<br \/>\nAusgestattet, mit allem Komfort. Gartenebene.<br \/>\nMindestens 2 N\u00e4chte: 600 \u20ac (inklusive Bettw\u00e4sche und Handt\u00fccher).\n<p>M\u00f6glicher Aufenthalt von Sonntag bis Freitag, au\u00dfer Samstag Nacht, Reinigungsgeb\u00fchr 50 \u20ac und Kurtaxe 1\u20ac pro Erwachsener pro Nacht zus\u00e4tzlich.<\/p>\n\t<a href=\"https:\/\/www.chateaudesyam.fr\/de\/reservation-rosalie\/\" target=\"_self\" role=\"button\" aria-label=\"Buchen Sie\">\n\t\t\t\t\t\tBuchen Sie\n\t\t\t\t\t<\/a>\n<figure itemscope itemtype=\"https:\/\/schema.org\/ImageObject\">\n\t\t\t\t<img decoding=\"async\" src=\"https:\/\/www.chateaudesyam.fr\/wp-content\/uploads\/2021\/07\/gites-1.jpg\" alt=\"gites-1\" height=\"430\" width=\"756\" title=\"gites-1\" onerror=\"this.style.display='none'\" loading=\"lazy\" \/>\n\t<\/figure>\n<figure itemscope itemtype=\"https:\/\/schema.org\/ImageObject\">\n\t\t\t\t<img decoding=\"async\" src=\"https:\/\/www.chateaudesyam.fr\/wp-content\/uploads\/2021\/07\/gites-3.jpg\" alt=\"gites-3\" height=\"400\" width=\"562\" title=\"gites-3\" onerror=\"this.style.display='none'\" loading=\"lazy\" \/>\n\t<\/figure>","protected":false},"excerpt":{"rendered":"<p>R\u00e9server R\u00e9servez directement votre chambre en ligne sur notre site et b\u00e9n\u00e9ficiez du meilleur tarif. R\u00e9server une chambre R\u00e9server un g\u00eete Nos formules cadeaux Passez une nuit \u00e0 La Villa Palladienne Nous vous accueillons en chambres d&rsquo;h\u00f4tes avec petit-d\u00e9jeuner gourmand servi en chambre ou en terrasse selon la m\u00e9t\u00e9o. S\u00e9r\u00e9nit\u00e9 des lieux, luxe authentique des [&hellip;]<\/p>\n","protected":false},"author":1,"featured_media":7224,"parent":0,"menu_order":0,"comment_status":"closed","ping_status":"closed","template":"","meta":{"_seopress_robots_primary_cat":"","_seopress_titles_title":"Chambres d'h\u00f4tes & G\u00eetes \u00e0 La Villa Palladienne","_seopress_titles_desc":"D'une capacit\u00e9 de 1 \u00e0 9 personnes : r\u00e9servez en ligne votre s\u00e9jour avec petit-d\u00e9jeuner gourmand servi en chambre ou en terrasse.","_seopress_robots_index":"","inline_featured_image":false,"site-sidebar-layout":"no-sidebar","site-content-layout":"page-builder","ast-site-content-layout":"full-width-container","site-content-style":"unboxed","site-sidebar-style":"unboxed","ast-global-header-display":"","ast-banner-title-visibility":"","ast-main-header-display":"","ast-hfb-above-header-display":"","ast-hfb-below-header-display":"","ast-hfb-mobile-header-display":"","site-post-title":"disabled","ast-breadcrumbs-content":"","ast-featured-img":"disabled","footer-sml-layout":"","ast-disable-related-posts":"","theme-transparent-header-meta":"default","adv-header-id-meta":"","stick-header-meta":"default","header-above-stick-meta":"","header-main-stick-meta":"","header-below-stick-meta":"","astra-migrate-meta-layouts":"set","ast-page-background-enabled":"default","ast-page-background-meta":{"desktop":{"background-color":"","background-image":"","background-repeat":"repeat","background-position":"center center","background-size":"auto","background-attachment":"scroll","background-type":"","background-media":"","overlay-type":"","overlay-color":"","overlay-opacity":"","overlay-gradient":""},"tablet":{"background-color":"","background-image":"","background-repeat":"repeat","background-position":"center center","background-size":"auto","background-attachment":"scroll","background-type":"","background-media":"","overlay-type":"","overlay-color":"","overlay-opacity":"","overlay-gradient":""},"mobile":{"background-color":"","background-image":"","background-repeat":"repeat","background-position":"center center","background-size":"auto","background-attachment":"scroll","background-type":"","background-media":"","overlay-type":"","overlay-color":"","overlay-opacity":"","overlay-gradient":""}},"ast-content-background-meta":{"desktop":{"background-color":"var(--ast-global-color-5)","background-image":"","background-repeat":"repeat","background-position":"center center","background-size":"auto","background-attachment":"scroll","background-type":"","background-media":"","overlay-type":"","overlay-color":"","overlay-opacity":"","overlay-gradient":""},"tablet":{"background-color":"var(--ast-global-color-5)","background-image":"","background-repeat":"repeat","background-position":"center center","background-size":"auto","background-attachment":"scroll","background-type":"","background-media":"","overlay-type":"","overlay-color":"","overlay-opacity":"","overlay-gradient":""},"mobile":{"background-color":"var(--ast-global-color-5)","background-image":"","background-repeat":"repeat","background-position":"center center","background-size":"auto","background-attachment":"scroll","background-type":"","background-media":"","overlay-type":"","overlay-color":"","overlay-opacity":"","overlay-gradient":""}},"footnotes":""},"class_list":["post-49","page","type-page","status-publish","has-post-thumbnail","hentry"],"_links":{"self":[{"href":"https:\/\/www.chateaudesyam.fr\/de\/wp-json\/wp\/v2\/pages\/49","targetHints":{"allow":["GET"]}}],"collection":[{"href":"https:\/\/www.chateaudesyam.fr\/de\/wp-json\/wp\/v2\/pages"}],"about":[{"href":"https:\/\/www.chateaudesyam.fr\/de\/wp-json\/wp\/v2\/types\/page"}],"author":[{"embeddable":true,"href":"https:\/\/www.chateaudesyam.fr\/de\/wp-json\/wp\/v2\/users\/1"}],"replies":[{"embeddable":true,"href":"https:\/\/www.chateaudesyam.fr\/de\/wp-json\/wp\/v2\/comments?post=49"}],"version-history":[{"count":3,"href":"https:\/\/www.chateaudesyam.fr\/de\/wp-json\/wp\/v2\/pages\/49\/revisions"}],"predecessor-version":[{"id":7304,"href":"https:\/\/www.chateaudesyam.fr\/de\/wp-json\/wp\/v2\/pages\/49\/revisions\/7304"}],"wp:featuredmedia":[{"embeddable":true,"href":"https:\/\/www.chateaudesyam.fr\/de\/wp-json\/wp\/v2\/media\/7224"}],"wp:attachment":[{"href":"https:\/\/www.chateaudesyam.fr\/de\/wp-json\/wp\/v2\/media?parent=49"}],"curies":[{"name":"wp","href":"https:\/\/api.w.org\/{rel}","templated":true}]}}