{"id":624,"date":"2021-07-21T18:59:02","date_gmt":"2021-07-21T16:59:02","guid":{"rendered":"https:\/\/syam.onpressidium.com\/?page_id=624"},"modified":"2026-03-06T16:46:03","modified_gmt":"2026-03-06T15:46:03","slug":"plaisir-doffrir","status":"publish","type":"page","link":"https:\/\/www.chateaudesyam.fr\/de\/plaisir-doffrir\/","title":{"rendered":"Die Freude am Geben"},"content":{"rendered":"<div class=\"page-header\">\n    <div class=\"page-header__media\">\n        <img loading=\"lazy\" decoding=\"async\" width=\"1920\" height=\"900\" src=\"https:\/\/www.chateaudesyam.fr\/wp-content\/uploads\/2026\/03\/header-offrir.webp\" class=\"page-header__img\" alt=\"\" aria-hidden=\"true\" srcset=\"https:\/\/www.chateaudesyam.fr\/wp-content\/uploads\/2026\/03\/header-offrir.webp 1920w, https:\/\/www.chateaudesyam.fr\/wp-content\/uploads\/2026\/03\/header-offrir-480x225.webp 480w, https:\/\/www.chateaudesyam.fr\/wp-content\/uploads\/2026\/03\/header-offrir-768x360.webp 768w, https:\/\/www.chateaudesyam.fr\/wp-content\/uploads\/2026\/03\/header-offrir-1200x563.webp 1200w\" sizes=\"auto, (max-width: 1920px) 100vw, 1920px\" \/>    <\/div>\n            <div class=\"page-header__title-wrap\">\n            <div class=\"page-header__title-inner\">\n                <h1 class=\"page-header__title\">Die Freude am Geben<\/h1>\n            <\/div>\n        <\/div>\n    <\/div>\n\n\t<p>M\u00f6chten Sie einem geliebten Menschen eine Freude machen?<\/p>\n<p>Die Villa Palladienne bietet Ihnen eine Auswahl von Geschenken zu bieten, direkt online.<\/p>\n<p>Sie haben die Wahl, den Empf\u00e4nger per E-Mail zu informieren oder ihn zu \u00fcberraschen, indem Sie ihm den Geschenkgutschein selbst \u00fcberreichen.<\/p>\n\t\t\t\t\t\t<a href=\"https:\/\/www.chateaudesyam.fr\/de\/produkt\/visite-de-la-villa-palladienne\/\" target=\"_self\">\n\t\t\t\t\t\t\t\t\t\t\t\t<img decoding=\"async\" src=\"https:\/\/www.chateaudesyam.fr\/wp-content\/uploads\/2021\/07\/vignette_offrir.jpg\" alt=\"Die gef\u00fchrte Tour anbieten\" \/>\n\t\t\t\t\t\t\t\t<h2>Die gef\u00fchrte Tour anbieten<\/h2>\n\t\t\t\t\t\t\t\t\t<p>Eine Villa mit einzigartigem Charakter im Herzen des Jura! Das unter Denkmalschutz stehende Schloss Syam und sein Waldpark werden Sie w\u00e4hrend eines etwa 1,5-st\u00fcndigen Besuchs verzaubern.<\/p>\n<p>12\u20ac \/ Erwachsener - 5\u20ac \/ Kind<\/p>\n<p>Entdecken Sie das Angebot<\/p>\n\t\t\t\t\t\t\t\t\t\t<\/a>\n\t\t\t\t\t\t<a href=\"https:\/\/www.chateaudesyam.fr\/de\/produkt\/une-nuit-a-la-villa-palladienne\/\" target=\"_self\">\n\t\t\t\t\t\t\t\t\t\t\t\t<img decoding=\"async\" src=\"https:\/\/www.chateaudesyam.fr\/wp-content\/uploads\/2021\/07\/offrir-nuit.jpg\" alt=\"Bieten Sie eine \u00dcbernachtung in einem Bed and Breakfast an\" \/>\n\t\t\t\t\t\t\t\t<h2>Bieten Sie eine \u00dcbernachtung in einem Bed and Breakfast an<\/h2>\n\t\t\t\t\t\t\t\t\t<p>F\u00fcr 2 Personen, 2 Gourmet-Fr\u00fchst\u00fccke und 2 Besichtigungen inklusive.<\/p>\n<p>250\u20ac<\/p>\n<p>Entdecken Sie das Angebot<\/p>\n\t\t\t\t\t\t\t\t\t\t<\/a>\n\t\t\t\t\t\t<a href=\"https:\/\/www.chateaudesyam.fr\/de\/produkt\/formule-prestige\/\" target=\"_self\">\n\t\t\t\t\t\t\t\t\t\t\t\t<img decoding=\"async\" src=\"https:\/\/www.chateaudesyam.fr\/wp-content\/uploads\/2021\/07\/offrir-formule.jpg\" alt=\"Bieten Sie die Prestige-Formel an\" \/>\n\t\t\t\t\t\t\t\t<h2>Bieten Sie die Prestige-Formel an<\/h2>\n\t\t\t\t\t\t\t\t\t<p>Eine Nacht f\u00fcr ein Paar mit zwei unvergesslichen Gourmet-Fr\u00fchst\u00fccken und romantischen Abendessen in einem nahe gelegenen Gasthaus.<br \/>Besichtigung des Schlosses inklusive.<\/p>\n<p>350\u20ac<\/p>\n<p>Entdecken Sie das Angebot<\/p>\n\t\t\t\t\t\t\t\t\t\t<\/a>\n\t<h2>G\u00f6nnen Sie sich einen unvergesslichen Tag oder eine unvergessliche Nacht in der Villa Palladienne, im Herzen des Juras!<\/h2>\n<p>Das Ch\u00e2teau de Syam, auch bekannt als Villa Palladienne, befindet sich in Syam, in der N\u00e4he der Stadt Champagnole im Ain-Tal, am Rande des Naturparks Haut-Jura, in der Region Burgund Franche-Comt\u00e9 in Ostfrankreich, eine vierst\u00fcndige Fahrt von Paris entfernt.<\/p>\nDieses venezianisch inspirierte, neoklassizistische Geb\u00e4ude aus dem fr\u00fchen 19. Jahrhundert ist bemerkenswert gut erhalten und gepflegt und vollst\u00e4ndig mit historischen M\u00f6beln ausgestattet.<br \/>\nDie Villa, ein authentisches Herrenhaus aus dem benachbarten Industriestandort Les Forges, und ihr weitl\u00e4ufiger, 10 Hektar gro\u00dfer bewaldeter Park stehen seit 1994 unter Denkmalschutz.\nEntdecken Sie die reiche und faszinierende Geschichte der Stadt oder lassen Sie sie von jemandem entdecken: <strong>ein einzigartiges kulturelles Geschenk machen<\/strong>Eine Entdeckung des Erbes, die eine unvergessliche Erinnerung hinterlassen wird!<br \/>\nOb es sich um eine <strong>weihnachtsgeschenk<\/strong>a <strong>Geburtstagsgeschenk<\/strong>a <strong>Hochzeitsgeschenk<\/strong> oder <strong>Unternehmen<\/strong>trifft damit den Nagel auf den Kopf <strong>ungew\u00f6hnliche und einpr\u00e4gsame Idee<\/strong>.\n<p>Sie k\u00f6nnen w\u00e4hlen, ob Sie eine gef\u00fchrte Tour anbieten, um den einzigartigen Charakter dieses historischen Monuments zu entdecken, oder <strong>ein poetisches Geschenk machen<\/strong> eine Nacht in einem luxuri\u00f6sen G\u00e4stezimmer in der Villa f\u00fcr einen zauberhaften und authentischen Aufenthalt. Denn was k\u00f6nnte ein romantischeres Geschenk sein als<strong>eine Nacht in einem Schloss anbieten<\/strong> ?<\/p>\n<p>Die Gelassenheit der R\u00e4umlichkeiten versetzt Sie sofort in die ruhige Atmosph\u00e4re des fr\u00fchen 19. Jahrhunderts, um eine Zeitreise zu unternehmen, die dank der bemerkenswerten Dekorationen, Fresken, Gem\u00e4lde, M\u00f6bel und bedeutenden Sammlungen von Gegenst\u00e4nden und Dokumenten aus dieser Zeit einen bleibenden Eindruck bei K\u00f6rper und Geist hinterlassen wird. Nicht zu vergessen ist das Gourmet-Fr\u00fchst\u00fcck, das im Zimmer oder auf der Terrasse serviert wird, je nach Ihren W\u00fcnschen.<\/p>\n<p><strong>Eine ungew\u00f6hnliche und originelle Idee<\/strong>Der Jura ist eine sehr romantische und sch\u00f6ne Initiative, um den Jura auf eine andere Art zu entdecken, f\u00fcr romantische und unvergessliche Erinnerungen, die<strong>Geschenkidee<\/strong> perfekt!<\/p>","protected":false},"excerpt":{"rendered":"<p>Vous souhaitez faire plaisir \u00e0 un proche ? La Villa Palladienne vous propose une s\u00e9lection de cadeaux \u00e0 offrir, directement en ligne. Vous aurez le choix de pr\u00e9venir le b\u00e9n\u00e9ficiaire par email ou de lui r\u00e9server la surprise en lui offrant vous-m\u00eame le bon cadeau. Offrir la visite guid\u00e9e Une villa au caract\u00e8re unique au [&hellip;]<\/p>\n","protected":false},"author":1,"featured_media":7294,"parent":0,"menu_order":0,"comment_status":"closed","ping_status":"closed","template":"","meta":{"_seopress_robots_primary_cat":"","_seopress_titles_title":"Offrez une nuit inoubliable \u00e0 la Villa Palladienne, en plein c\u0153ur du Jura !","_seopress_titles_desc":"Faites d\u00e9couvrir l'histoire passionnante de la Villa Palladienne et offrez un cadeau culturel unique qui laissera un souvenir inoubliable !","_seopress_robots_index":"","inline_featured_image":false,"site-sidebar-layout":"no-sidebar","site-content-layout":"page-builder","ast-site-content-layout":"full-width-container","site-content-style":"unboxed","site-sidebar-style":"unboxed","ast-global-header-display":"","ast-banner-title-visibility":"","ast-main-header-display":"","ast-hfb-above-header-display":"","ast-hfb-below-header-display":"","ast-hfb-mobile-header-display":"","site-post-title":"disabled","ast-breadcrumbs-content":"","ast-featured-img":"disabled","footer-sml-layout":"","ast-disable-related-posts":"","theme-transparent-header-meta":"default","adv-header-id-meta":"","stick-header-meta":"default","header-above-stick-meta":"","header-main-stick-meta":"","header-below-stick-meta":"","astra-migrate-meta-layouts":"set","ast-page-background-enabled":"default","ast-page-background-meta":{"desktop":{"background-color":"","background-image":"","background-repeat":"repeat","background-position":"center center","background-size":"auto","background-attachment":"scroll","background-type":"","background-media":"","overlay-type":"","overlay-color":"","overlay-opacity":"","overlay-gradient":""},"tablet":{"background-color":"","background-image":"","background-repeat":"repeat","background-position":"center center","background-size":"auto","background-attachment":"scroll","background-type":"","background-media":"","overlay-type":"","overlay-color":"","overlay-opacity":"","overlay-gradient":""},"mobile":{"background-color":"","background-image":"","background-repeat":"repeat","background-position":"center center","background-size":"auto","background-attachment":"scroll","background-type":"","background-media":"","overlay-type":"","overlay-color":"","overlay-opacity":"","overlay-gradient":""}},"ast-content-background-meta":{"desktop":{"background-color":"var(--ast-global-color-5)","background-image":"","background-repeat":"repeat","background-position":"center center","background-size":"auto","background-attachment":"scroll","background-type":"","background-media":"","overlay-type":"","overlay-color":"","overlay-opacity":"","overlay-gradient":""},"tablet":{"background-color":"var(--ast-global-color-5)","background-image":"","background-repeat":"repeat","background-position":"center center","background-size":"auto","background-attachment":"scroll","background-type":"","background-media":"","overlay-type":"","overlay-color":"","overlay-opacity":"","overlay-gradient":""},"mobile":{"background-color":"var(--ast-global-color-5)","background-image":"","background-repeat":"repeat","background-position":"center center","background-size":"auto","background-attachment":"scroll","background-type":"","background-media":"","overlay-type":"","overlay-color":"","overlay-opacity":"","overlay-gradient":""}},"footnotes":""},"class_list":["post-624","page","type-page","status-publish","has-post-thumbnail","hentry"],"_links":{"self":[{"href":"https:\/\/www.chateaudesyam.fr\/de\/wp-json\/wp\/v2\/pages\/624","targetHints":{"allow":["GET"]}}],"collection":[{"href":"https:\/\/www.chateaudesyam.fr\/de\/wp-json\/wp\/v2\/pages"}],"about":[{"href":"https:\/\/www.chateaudesyam.fr\/de\/wp-json\/wp\/v2\/types\/page"}],"author":[{"embeddable":true,"href":"https:\/\/www.chateaudesyam.fr\/de\/wp-json\/wp\/v2\/users\/1"}],"replies":[{"embeddable":true,"href":"https:\/\/www.chateaudesyam.fr\/de\/wp-json\/wp\/v2\/comments?post=624"}],"version-history":[{"count":2,"href":"https:\/\/www.chateaudesyam.fr\/de\/wp-json\/wp\/v2\/pages\/624\/revisions"}],"predecessor-version":[{"id":7295,"href":"https:\/\/www.chateaudesyam.fr\/de\/wp-json\/wp\/v2\/pages\/624\/revisions\/7295"}],"wp:featuredmedia":[{"embeddable":true,"href":"https:\/\/www.chateaudesyam.fr\/de\/wp-json\/wp\/v2\/media\/7294"}],"wp:attachment":[{"href":"https:\/\/www.chateaudesyam.fr\/de\/wp-json\/wp\/v2\/media?parent=624"}],"curies":[{"name":"wp","href":"https:\/\/api.w.org\/{rel}","templated":true}]}}