{"id":734,"date":"2021-07-30T10:20:07","date_gmt":"2021-07-30T08:20:07","guid":{"rendered":"https:\/\/syam.onpressidium.com\/?page_id=734"},"modified":"2026-03-09T09:28:53","modified_gmt":"2026-03-09T08:28:53","slug":"syam-depuis-geneve","status":"publish","type":"page","link":"https:\/\/www.chateaudesyam.fr\/de\/syam-depuis-geneve\/","title":{"rendered":"Syam: ein charmantes Dorf, das von Genf aus erreichbar ist"},"content":{"rendered":"<div class=\"page-header\">\n    <div class=\"page-header__media\">\n        <img loading=\"lazy\" decoding=\"async\" width=\"1920\" height=\"1000\" src=\"https:\/\/www.chateaudesyam.fr\/wp-content\/uploads\/2021\/07\/bg_suisse.jpg\" class=\"page-header__img\" alt=\"\" aria-hidden=\"true\" srcset=\"https:\/\/www.chateaudesyam.fr\/wp-content\/uploads\/2021\/07\/bg_suisse.jpg 1920w, https:\/\/www.chateaudesyam.fr\/wp-content\/uploads\/2021\/07\/bg_suisse-480x250.jpg 480w, https:\/\/www.chateaudesyam.fr\/wp-content\/uploads\/2021\/07\/bg_suisse-768x400.jpg 768w, https:\/\/www.chateaudesyam.fr\/wp-content\/uploads\/2021\/07\/bg_suisse-1200x625.jpg 1200w\" sizes=\"auto, (max-width: 1920px) 100vw, 1920px\" \/>    <\/div>\n            <div class=\"page-header__title-wrap\">\n            <div class=\"page-header__title-inner\">\n                <h1 class=\"page-header__title\">Syam: ein charmantes Dorf, das von Genf aus erreichbar ist<\/h1>\n            <\/div>\n        <\/div>\n    <\/div>\n\n\tIm Herzen des <strong>Jura<\/strong>Einige Kilometer s\u00fcdlich der Stadt Champagnole, <strong>Syam<\/strong> empf\u00e4ngt Sie in einer gr\u00fcnen Landschaft.<br \/>\nDieses kleine Dorf ist eine wahre Oase der Ruhe und ist nicht <strong>nur 1,5 Stunden von Genf entfernt<\/strong>einer herrlichen Route durch die wundersch\u00f6nen Berge des <strong>Jura<\/strong>.<br \/>\nEin reiches historisches Erbe, das vor allem mit seinen <strong>schmiedet<\/strong>das Dorf <strong>Syam<\/strong> z\u00e4hlt drei Fl\u00fcsse: den Ain, die Lemme und die Saine.<br \/>\nZum Hintergrund: Laut dem Arch\u00e4ologen Andr\u00e9 Berthier soll nicht weit von hier die ber\u00fchmte Schlacht von Alesia stattgefunden haben, die symbolisch f\u00fcr die Niederlage von Vercingetorix steht.\n\t<a href=\"https:\/\/www.chateaudesyam.fr\/de\/la-villa\/\" target=\"_self\" role=\"button\" aria-label=\"Entdecken Sie die Villa\">\n\t\t\t\t\t\tEntdecken Sie die Villa\n\t\t\t\t\t<\/a>\n<figure itemscope itemtype=\"https:\/\/schema.org\/ImageObject\">\n\t\t\t\t<img decoding=\"async\" src=\"https:\/\/www.chateaudesyam.fr\/wp-content\/uploads\/2021\/07\/syam03.jpg\" alt=\"syam03\" height=\"400\" width=\"600\" title=\"syam03\" onerror=\"this.style.display='none'\" loading=\"lazy\" \/>\n\t<\/figure>\n<figure itemscope itemtype=\"https:\/\/schema.org\/ImageObject\">\n\t\t\t\t<img decoding=\"async\" src=\"https:\/\/www.chateaudesyam.fr\/wp-content\/uploads\/2021\/07\/syam01.jpg\" alt=\"syam01\" height=\"400\" width=\"600\" title=\"syam01\" onerror=\"this.style.display='none'\" loading=\"lazy\" \/>\n\t<\/figure>\n\t<h2>Eine nat\u00fcrliche und kulturelle Umgebung zu entdecken in der N\u00e4he der Schweiz<\/h2>\nDank seiner N\u00e4he zum <strong>Schweiz<\/strong>das Dorf <strong>Syam<\/strong> liegt ideal in einer Umgebung, die reich an symboltr\u00e4chtigen Orten ist, die es zu entdecken gilt. Einerseits zieht die Region besonders Liebhaber grandioser Naturr\u00e4ume in ihren Bann.<br \/>\nDie Cascades du H\u00e9risson sind ein Muss auf dem Plateau der 7 Seen. Auf einem baumbestandenen Pfad ziehen sich die Wasserf\u00e4lle des H\u00e9risson mal ruhig, mal sprudelnd dahin. Im Nordosten bieten die Pertes de l'Ain eine \u00e4u\u00dferst angenehme Wanderroute in v\u00f6lliger Harmonie mit der Natur. Nicht weit von Syam entfernt lockt das Dorf Baume-les-Messieurs Besucher aus aller Welt mit seinen H\u00f6hlen, seinem Recul\u00e9e und seiner Benediktinerabtei.\n\tIn der Region gibt es au\u00dferdem zahlreiche Seen wie Chalain, Vouglans oder Clairvaux-les-Lacs, die in einer pr\u00e4chtigen Umgebung zwischen Azurblau und Smaragdgr\u00fcn eingebettet sind.<br \/>\nAndererseits befinden sich verschiedene kleine St\u00e4dte mit unvergleichlichem Charme in der Umgebung von <strong>Syam<\/strong>. Venus von <strong>Frankreich<\/strong> wie auch <strong>Schweiz<\/strong>Wenn Sie sich f\u00fcr eine Reise nach Frankreich entscheiden, werden Sie zweifellos das Dorf Ch\u00e2teau-Chalon mit seinem bemerkenswerten Aussichtspunkt, die von Louis Pasteur geliebte Stadt Arbois, Salins-les-Bains mit seiner zum UNESCO-Weltkulturerbe geh\u00f6renden Saline und seinen beiden Forts, die Pr\u00e4fektur des Departements Lons-le-Saunier mit ihrer h\u00fcbschen Rue du Commerce mit ihren Steinarkaden sowie die dynamische Stadt Dole im Westen des Landes zu sch\u00e4tzen wissen. <strong>Jura<\/strong>. Ein weiterer typischer Ort in unserer sch\u00f6nen Region: die <strong>K\u00f6nigliche Saline von Arc-et-Senans<\/strong>in der Abteilung f\u00fcr <strong>Doubs<\/strong>und seine halbrunde Architektur.\n<figure itemscope itemtype=\"https:\/\/schema.org\/ImageObject\">\n\t\t\t\t<img decoding=\"async\" src=\"https:\/\/www.chateaudesyam.fr\/wp-content\/uploads\/2021\/07\/jura01.jpg\" alt=\"jura01\" height=\"400\" width=\"600\" title=\"jura01\" onerror=\"this.style.display='none'\" loading=\"lazy\" \/>\n\t<\/figure>\n<figure itemscope itemtype=\"https:\/\/schema.org\/ImageObject\">\n\t\t\t\t<img decoding=\"async\" src=\"https:\/\/www.chateaudesyam.fr\/wp-content\/uploads\/2021\/07\/jura02.jpg\" alt=\"jura02\" height=\"400\" width=\"600\" title=\"jura02\" onerror=\"this.style.display='none'\" loading=\"lazy\" \/>\n\t<\/figure>\n\t<h2>Leckere lokale Produkte<\/h2>\n<p>Es gibt noch einen weiteren Schatz, der der Stolz der Stadt ist <strong>Jura<\/strong> : sein Weinbaugebiet. Zwischen Genfer See und der Ebene der Bresse sind die H\u00e4nge des Juras mit Weinreben bewachsen, aus denen k\u00f6stliche Rebsorten entstehen, die mit Genuss und M\u00e4\u00dfigung verkostet werden sollten. Die Weinstra\u00dfen f\u00fchren durch gr\u00fcne Landschaften, um Winzer zu treffen, die Ihnen den Pulsard, Vin jaune, Vin de paille, Trouseau oder auch Savagnin n\u00e4her bringen. Das jurassische Terroir bietet eine Vielzahl ausgezeichneter Produkte wie den ber\u00fchmten Comt\u00e9, der vor allem mit dem Fort des Rousses in Verbindung gebracht wird, <strong>nahe der Schweizer Grenze<\/strong>.<\/p>\n\t<h2>Die Villa Palladienne in Syam: ein au\u00dfergew\u00f6hnlicher Ort f\u00fcr Ihren Aufenthalt im Jura<\/h2>\n<p>Im Jura gibt es nicht nur zahlreiche St\u00e4dte, D\u00f6rfer und Natursch\u00f6nheiten zu entdecken, sondern auch einen au\u00dfergew\u00f6hnlichen Ort mit atypischer Eleganz. <strong>La Villa Palladienne<\/strong>oder <strong>Ch\u00e2teau de Syam<\/strong>Ein garantierter Tapetenwechsel, leicht erreichbar von der <strong>Schweiz<\/strong>und insbesondere seit <strong>Genf<\/strong> und <strong>Nyon<\/strong>. Die Geschichte dieser erstaunlichen und pr\u00e4chtigen Villa ist eng mit den Schmieden von <strong>Syam<\/strong>Die Familie Jobez hat damit ein Verm\u00f6gen verdient. Die Besichtigung f\u00fchrt Sie direkt in das Italien der Renaissance. Fresken, Tapeten, M\u00f6bel, Parkettb\u00f6den, Kronleuchter: In der <strong>Palladianische Villa<\/strong>Alles, bis ins kleinste Detail, zieht die Blicke auf sich und erregt Bewunderung. Um noch einen Schritt weiter zu gehen, schlagen wir Ihnen vor, die Nacht in diesem Geb\u00e4ude mit seinen tausend Wundern zu verbringen. Wie k\u00f6nnte man sich einen romantischeren Aufenthalt nur einen Steinwurf entfernt von der <strong>Schweiz<\/strong> ? Anl\u00e4sslich eines <strong>Geburtstag<\/strong> oder einfach eine Veranstaltung zu organisieren <strong>unvergessliche \u00dcberraschung<\/strong>Lassen Sie sich vom Komfort und der Originalit\u00e4t der <strong>Palladianische Villa<\/strong> !<\/p>\n\t<a href=\"https:\/\/www.chateaudesyam.fr\/de\/la-villa\/\" target=\"_self\" role=\"button\" aria-label=\"Entdecken Sie die Villa\">\n\t\t\t\t\t\tEntdecken Sie die Villa\n\t\t\t\t\t<\/a>\n<figure itemscope itemtype=\"https:\/\/schema.org\/ImageObject\">\n\t\t\t\t<img decoding=\"async\" src=\"https:\/\/www.chateaudesyam.fr\/wp-content\/uploads\/2021\/07\/syam04.jpg\" alt=\"syam04\" height=\"400\" width=\"600\" title=\"syam04\" onerror=\"this.style.display='none'\" loading=\"lazy\" \/>\n\t<\/figure>\n<h3>\n\t\t\tBesuchen Sie die Villa Paladienne\t<\/h3>\n\t<a href=\"https:\/\/www.chateaudesyam.fr\/de\/produkt\/visiter-la-villa-palladienne\/\" target=\"_self\" role=\"button\" aria-label=\"Mehr lesen\">\n\t\t\t\t\t\tMehr lesen\n\t\t\t\t\t<\/a>","protected":false},"excerpt":{"rendered":"<p>Au c\u0153ur du Jura, \u00e0 quelques kilom\u00e8tres au sud de la ville de Champagnole, Syam vous accueille dans un paysage verdoyant. V\u00e9ritable havre de paix, ce petit village ne se trouve qu&rsquo;\u00e0 1 h 30 de Gen\u00e8ve, en suivant un superbe itin\u00e9raire dans les magnifiques monts du Jura. Riche d&rsquo;un patrimoine historique notamment li\u00e9 \u00e0 [&hellip;]<\/p>\n","protected":false},"author":1,"featured_media":736,"parent":0,"menu_order":0,"comment_status":"closed","ping_status":"closed","template":"","meta":{"_seopress_robots_primary_cat":"","_seopress_titles_title":"Syam : un village au charme fou accessible depuis Gen\u00e8ve","_seopress_titles_desc":"La Villa Palladienne vous assure un d\u00e9paysement garanti au c\u0153ur du Jura, facilement accessible depuis la Suisse, notamment Gen\u00e8ve.","_seopress_robots_index":"","inline_featured_image":false,"site-sidebar-layout":"no-sidebar","site-content-layout":"page-builder","ast-site-content-layout":"full-width-container","site-content-style":"unboxed","site-sidebar-style":"unboxed","ast-global-header-display":"","ast-banner-title-visibility":"","ast-main-header-display":"","ast-hfb-above-header-display":"","ast-hfb-below-header-display":"","ast-hfb-mobile-header-display":"","site-post-title":"disabled","ast-breadcrumbs-content":"","ast-featured-img":"disabled","footer-sml-layout":"","ast-disable-related-posts":"","theme-transparent-header-meta":"default","adv-header-id-meta":"","stick-header-meta":"default","header-above-stick-meta":"","header-main-stick-meta":"","header-below-stick-meta":"","astra-migrate-meta-layouts":"set","ast-page-background-enabled":"default","ast-page-background-meta":{"desktop":{"background-color":"","background-image":"","background-repeat":"repeat","background-position":"center center","background-size":"auto","background-attachment":"scroll","background-type":"","background-media":"","overlay-type":"","overlay-color":"","overlay-opacity":"","overlay-gradient":""},"tablet":{"background-color":"","background-image":"","background-repeat":"repeat","background-position":"center center","background-size":"auto","background-attachment":"scroll","background-type":"","background-media":"","overlay-type":"","overlay-color":"","overlay-opacity":"","overlay-gradient":""},"mobile":{"background-color":"","background-image":"","background-repeat":"repeat","background-position":"center center","background-size":"auto","background-attachment":"scroll","background-type":"","background-media":"","overlay-type":"","overlay-color":"","overlay-opacity":"","overlay-gradient":""}},"ast-content-background-meta":{"desktop":{"background-color":"var(--ast-global-color-5)","background-image":"","background-repeat":"repeat","background-position":"center center","background-size":"auto","background-attachment":"scroll","background-type":"","background-media":"","overlay-type":"","overlay-color":"","overlay-opacity":"","overlay-gradient":""},"tablet":{"background-color":"var(--ast-global-color-5)","background-image":"","background-repeat":"repeat","background-position":"center center","background-size":"auto","background-attachment":"scroll","background-type":"","background-media":"","overlay-type":"","overlay-color":"","overlay-opacity":"","overlay-gradient":""},"mobile":{"background-color":"var(--ast-global-color-5)","background-image":"","background-repeat":"repeat","background-position":"center center","background-size":"auto","background-attachment":"scroll","background-type":"","background-media":"","overlay-type":"","overlay-color":"","overlay-opacity":"","overlay-gradient":""}},"footnotes":""},"class_list":["post-734","page","type-page","status-publish","has-post-thumbnail","hentry"],"_links":{"self":[{"href":"https:\/\/www.chateaudesyam.fr\/de\/wp-json\/wp\/v2\/pages\/734","targetHints":{"allow":["GET"]}}],"collection":[{"href":"https:\/\/www.chateaudesyam.fr\/de\/wp-json\/wp\/v2\/pages"}],"about":[{"href":"https:\/\/www.chateaudesyam.fr\/de\/wp-json\/wp\/v2\/types\/page"}],"author":[{"embeddable":true,"href":"https:\/\/www.chateaudesyam.fr\/de\/wp-json\/wp\/v2\/users\/1"}],"replies":[{"embeddable":true,"href":"https:\/\/www.chateaudesyam.fr\/de\/wp-json\/wp\/v2\/comments?post=734"}],"version-history":[{"count":2,"href":"https:\/\/www.chateaudesyam.fr\/de\/wp-json\/wp\/v2\/pages\/734\/revisions"}],"predecessor-version":[{"id":7314,"href":"https:\/\/www.chateaudesyam.fr\/de\/wp-json\/wp\/v2\/pages\/734\/revisions\/7314"}],"wp:featuredmedia":[{"embeddable":true,"href":"https:\/\/www.chateaudesyam.fr\/de\/wp-json\/wp\/v2\/media\/736"}],"wp:attachment":[{"href":"https:\/\/www.chateaudesyam.fr\/de\/wp-json\/wp\/v2\/media?parent=734"}],"curies":[{"name":"wp","href":"https:\/\/api.w.org\/{rel}","templated":true}]}}