{"id":7395,"date":"2026-04-07T09:38:01","date_gmt":"2026-04-07T07:38:01","guid":{"rendered":"https:\/\/www.chateaudesyam.fr\/?page_id=7395"},"modified":"2026-04-07T09:39:32","modified_gmt":"2026-04-07T07:39:32","slug":"visites-en-groupe","status":"publish","type":"page","link":"https:\/\/www.chateaudesyam.fr\/de\/visites-en-groupe\/","title":{"rendered":"Gruppenbesuche"},"content":{"rendered":"<div class=\"page-header\">\n    <div class=\"page-header__media\">\n        <img loading=\"lazy\" decoding=\"async\" width=\"1500\" height=\"1000\" src=\"https:\/\/www.chateaudesyam.fr\/wp-content\/uploads\/2026\/03\/header-visites.webp\" class=\"page-header__img\" alt=\"\" aria-hidden=\"true\" srcset=\"https:\/\/www.chateaudesyam.fr\/wp-content\/uploads\/2026\/03\/header-visites.webp 1500w, https:\/\/www.chateaudesyam.fr\/wp-content\/uploads\/2026\/03\/header-visites-480x320.webp 480w, https:\/\/www.chateaudesyam.fr\/wp-content\/uploads\/2026\/03\/header-visites-768x512.webp 768w, https:\/\/www.chateaudesyam.fr\/wp-content\/uploads\/2026\/03\/header-visites-1200x800.webp 1200w\" sizes=\"auto, (max-width: 1500px) 100vw, 1500px\" \/>    <\/div>\n            <div class=\"page-header__title-wrap\">\n            <div class=\"page-header__title-inner\">\n                <h1 class=\"page-header__title\">Gruppenbesuche<\/h1>\n            <\/div>\n        <\/div>\n    <\/div>\n\r\n<p>Sie organisieren eine\u00a0<strong>Busausflug<\/strong>, eine\u00a0<strong>Vereinsausflug<\/strong>\u00a0oder ein\u00a0<strong>Schulreise<\/strong>\u00a0dans le massif du Jura ? La Villa Palladienne de Syam est l&rsquo;\u00e9tape culturelle incontournable entre <strong>les\u00a0Salines Royales d&rsquo;Arc-et-Senans<\/strong>\u00a0und der\u00a0<strong>Haut-Jura<\/strong>.<\/p>\r\n<p><a role=\"button\" href=\"mailto:contact@chateaudesyam.fr\" target=\"_self\" aria-label=\"Kontaktieren Sie uns\"> Kontaktieren Sie uns <\/a><\/p>\r\n<nav>\r\n<ul>\r\n<li tabindex=\"0\" data-index=\"0\">\r\n<h3><a tabindex=\"-1\">Busunternehmen und Reiseb\u00fcros <\/a><\/h3>\r\n<\/li>\r\n<li tabindex=\"0\" data-index=\"1\">\r\n<h3><a tabindex=\"-1\">Vereine und Clubs <\/a><\/h3>\r\n<\/li>\r\n<li tabindex=\"0\" data-index=\"2\">\r\n<h3><a tabindex=\"-1\">Schulgruppen und p\u00e4dagogische Ausfl\u00fcge <\/a><\/h3>\r\n<\/li>\r\n<\/ul>\r\n<\/nav>\r\n<h3>Busunternehmen und Reiseb\u00fcros<\/h3>\r\n<p>Situ\u00e9 \u00e0 proximit\u00e9 imm\u00e9diate de Champagnole, notre monument historique offre un cadre prestigieux et une logistique parfaitement adapt\u00e9e aux groupes de grande capacit\u00e9 (jusqu&rsquo;\u00e0 60 personnes).<br \/>Le Ch\u00e2teau de Syam, avec son architecture palladienne unique en France, est une p\u00e9pite patrimoniale qui enrichit tout itin\u00e9raire culturel dans l&rsquo;Est de la France.<\/p>\r\n<ul>\r\n<li>Einfaches Parken: Gro\u00dfz\u00fcgiger Busparkplatz vor dem Anwesen.<\/li>\r\n<li>Kontrolliertes Timing: Fl\u00fcssige Besuche, um Ihren Fahrplan einzuhalten.<\/li>\r\n<\/ul>\r\n<h3>Vereine und Clubs<\/h3>\r\n<p>Verbinden Sie Kultur und Entspannung! Nach einem Spaziergang zu den\u00a0<strong>Verluste in Ain<\/strong>\u00a0oder zu\u00a0<strong>Schluchten der Langouette<\/strong>, venez d\u00e9couvrir une demeure historique enti\u00e8rement meubl\u00e9e d&rsquo;\u00e9poque. Notre aire de pique-nique ombrag\u00e9e et la proximit\u00e9 de restaurants locaux permettent une organisation sereine de votre journ\u00e9e.<\/p>\r\n<h3>Schulgruppen und p\u00e4dagogische Ausfl\u00fcge<\/h3>\r\n<p>Un support p\u00e9dagogique grandeur nature. De l&rsquo;histoire des Ma\u00eetres de Forges \u00e0 l&rsquo;architecture n\u00e9oclassique, la visite de la Villa Palladienne s&rsquo;inscrit parfaitement dans les programmes d&rsquo;histoire et d&rsquo;histoire des arts. Une\u00a0<strong>Schulausflug in den Jura<\/strong>\u00a0qui marquera l&rsquo;esprit des \u00e9l\u00e8ves.<\/p>\r\n<!-- \/content --><!-- \/tabs -->\r\n<h2>Warum sollten Sie die Villa Palladienne in Ihre Jura-Rundreise einbeziehen?<\/h2>\r\n<p><strong>Wussten Sie schon?<\/strong> La Villa Palladienne est l&rsquo;un des rares ch\u00e2teaux priv\u00e9s du Jura class\u00e9 Monument Historique \u00e0 proposer un parcours de visite aussi complet, incluant la rotonde, les salons d&rsquo;apparat et le parc bicentenaire.<\/p>\r\n<h3>Planen Sie Ihren n\u00e4chsten Ausflug: Erhalten Sie unseren Partner-Guide<\/h3>\r\n<p><strong>Vous \u00eates autocariste, pr\u00e9sident d&rsquo;association ou responsable scolaire ?<\/strong><br \/>\u00dcberlassen Sie bei Ihrem n\u00e4chsten Ausflug in den Jura nichts dem Zufall. Um Ihnen dabei zu helfen, eine unvergessliche und stressfreie Route zu entwerfen, haben wir alle technischen und touristischen Informationen in unserem\u00a0<strong>Spezielle Gruppenbrosch\u00fcre.<\/strong><\/p>\r\n<figure><img loading=\"lazy\" decoding=\"async\" title=\"brosch\u00fcre-autocarists\" src=\"https:\/\/www.chateaudesyam.fr\/wp-content\/uploads\/2026\/03\/brochure-autocaristes-480x679.webp\" alt=\"Erste Seite unserer Brosch\u00fcre f\u00fcr Busreisende\" width=\"480\" height=\"679\" \/><\/figure>\r\n<h2>FAQ: Organisieren Sie Ihren Gruppenbesuch in der Burg Syam<\/h2>\r\n<p>Ist die Burg Syam f\u00fcr Reisebusse zug\u00e4nglich?<\/p>\r\n<p>Ja, die\u00a0<strong>Palladianische Villa<\/strong>\u00a0est parfaitement adapt\u00e9e \u00e0 l\u2019accueil des\u00a0<strong>Busunternehmen<\/strong>. Nous disposons d\u2019un<strong>\u00a0kostenloser Busparkplatz<\/strong>\u00a0et spacieux directement \u00e0 l\u2019entr\u00e9e du domaine, avec une zone de retournement facilit\u00e9e. Situ\u00e9 pr\u00e8s de<strong>\u00a0Champagnole (39)<\/strong>, Das Schloss ist ein idealer logistischer Zwischenstopp f\u00fcr Touren durch den Jura.<\/p>\r\n<p>Welche Angebote gibt es f\u00fcr Rentnerverb\u00e4nde und -clubs?<\/p>\r\n<p>Sie sollten etwa 2 Stunden vor Ort und 12 \u20ac pro Besucher einplanen. Wir k\u00f6nnen einen Empfang mit Kaffee, Tee und Mini-Viennoiseries, eine Tea-Time f\u00fcr Feinschmecker oder eine Cr\u00e9mant-Verkostung organisieren. F\u00fcr die\u00a0<strong>Vereine<\/strong>, <strong>clubs d\u2019a\u00een\u00e9s<\/strong> und <strong>Gruppen von Einzelpersonen<\/strong>, Der Besuch ist geleitet oder\u00a0<strong>Audioguide<\/strong>, \u00e0 votre convenance sur r\u00e9servation. C\u2019est une sortie culturelle tr\u00e8s appr\u00e9ci\u00e9e pour sa convivialit\u00e9 et la beaut\u00e9 de son cadre historique.<\/p>\r\n<p>Ist der Ort f\u00fcr Wandergruppen geeignet?<\/p>\r\n<p>Ideal gelegen in der N\u00e4he von\u00a0<strong>Pertes de l\u2019Ain<\/strong>\u00a0und\u00a0<strong>Schluchten der Langouette<\/strong>, Unser Anwesen ist ein beliebter Zwischenstopp f\u00fcr die\u00a0<strong>Wandergruppen<\/strong>. Sie k\u00f6nnen Ihre Wanderung in der Natur mit einem kulturellen Besuch verbinden. Eine\u00a0<strong>Picknickplatz<\/strong>\u00a0steht Ihnen im Park f\u00fcr eine entspannende Pause zur Verf\u00fcgung.<\/p>\r\n<p>Bieten Sie p\u00e4dagogische F\u00fchrungen f\u00fcr Schulgruppen an?<\/p>\r\n<p>Auf jeden Fall. Die Burg Syam ist ein au\u00dfergew\u00f6hnliches Medium f\u00fcr eine\u00a0<strong>Schulausflug in den Jura<\/strong>. De l\u2019architecture n\u00e9oclassique, inspir\u00e9e de Palladio, \u00e0 l\u2019histoire des Ma\u00eetres de Forges, la visite permet d\u2019illustrer les programmes d\u2019histoire et d\u2019arts. Nous adaptons l\u2019accueil pour faciliter la gestion des classes et des accompagnateurs.<\/p>\r\n<p>Quelle est la dur\u00e9e moyenne d\u2019une visite pour un groupe ?<\/p>\r\n<p>Um Ihre Reiseplanung optimal zu gestalten, planen Sie etwa\u00a0<strong>1:15 bis 1:30 Uhr<\/strong>\u00a0vor Ort zu besuchen. Dazu geh\u00f6rt die Erkundung der Innenr\u00e4ume der Villa und ein freier Spaziergang durch den zweihundert Jahre alten Park. Wir sind es gewohnt, mit\u00a0<strong>Reiseveranstalter<\/strong>\u00a0mit strengen Zeitvorgaben.<\/p>\r\n<p>Existe-t-il des offres combin\u00e9es avec d\u2019autres sites du Jura ?<\/p>\r\n<p>Das Schloss von Syam ist der ideale Partner f\u00fcr eine Rundreise \u00abKulturerbe des Jura\u00bb. Wir befinden uns nur 40 Minuten von\u00a0<strong>Salines Royales d\u2019Arc-et-Senans<\/strong>\u00a0und\u00a0<strong>Salinen von Salins-les-Bains<\/strong> und des <strong>Fort des Rousses<\/strong>. Die Organisation eines Tagesausflugs, der diese UNESCO-St\u00e4tten mit unserer Palladianischen Villa kombiniert, garantiert Ihren G\u00e4sten einen kulturellen Ausflug auf h\u00f6chstem Niveau.<\/p>\r\n<p>Unter welchen Bedingungen sind Begleitpersonen kostenlos?<\/p>\r\n<p>Um die Arbeit von Fachleuten zu erleichtern, bieten wir die\u00a0<strong>gratuit\u00e9 aux chauffeurs de l\u2019autocar<\/strong> ainsi qu\u2019aux accompagnateurs (ou responsables du groupe). Un accueil personnalis\u00e9 vous est r\u00e9serv\u00e9 pour coordonner l\u2019arriv\u00e9e de vos participants.<\/p>\r\n<figure><img loading=\"lazy\" decoding=\"async\" title=\"Besuch01\" src=\"https:\/\/www.chateaudesyam.fr\/wp-content\/uploads\/2021\/05\/visite01.jpg\" alt=\"Besuch01\" width=\"465\" height=\"586\" \/><\/figure>\r\n<figure><img loading=\"lazy\" decoding=\"async\" title=\"besuchen02\" src=\"https:\/\/www.chateaudesyam.fr\/wp-content\/uploads\/2021\/05\/visite02.jpg\" alt=\"besuchen02\" width=\"472\" height=\"486\" \/><\/figure>","protected":false},"excerpt":{"rendered":"<p>Vous organisez une\u00a0excursion en autocar, une\u00a0sortie associative\u00a0ou un\u00a0voyage scolaire\u00a0dans le massif du Jura ? La Villa Palladienne de Syam est l&rsquo;\u00e9tape culturelle incontournable entre les\u00a0Salines Royales d&rsquo;Arc-et-Senans\u00a0et le\u00a0Haut-Jura. Nous contacter Autocaristes et Agences de Voyages Associations et Clubs Groupes Scolaires et Sorties P\u00e9dagogiques Autocaristes et Agences de Voyages Situ\u00e9 \u00e0 proximit\u00e9 imm\u00e9diate de Champagnole, notre [&hellip;]<\/p>\n","protected":false},"author":1,"featured_media":7360,"parent":0,"menu_order":0,"comment_status":"closed","ping_status":"closed","template":"","meta":{"_seopress_robots_primary_cat":"","_seopress_titles_title":"Visiter La Villa Palladienne","_seopress_titles_desc":"Villa au caract\u00e8re unique au c\u0153ur du Jura, d\u00e9couvrez le Ch\u00e2teau de Syam, class\u00e9 Monument Historique, et son parc forestier lors des visites guid\u00e9es.","_seopress_robots_index":"","inline_featured_image":false,"site-sidebar-layout":"no-sidebar","site-content-layout":"page-builder","ast-site-content-layout":"full-width-container","site-content-style":"unboxed","site-sidebar-style":"unboxed","ast-global-header-display":"","ast-banner-title-visibility":"","ast-main-header-display":"","ast-hfb-above-header-display":"","ast-hfb-below-header-display":"","ast-hfb-mobile-header-display":"","site-post-title":"disabled","ast-breadcrumbs-content":"","ast-featured-img":"disabled","footer-sml-layout":"","ast-disable-related-posts":"","theme-transparent-header-meta":"default","adv-header-id-meta":"","stick-header-meta":"default","header-above-stick-meta":"","header-main-stick-meta":"","header-below-stick-meta":"","astra-migrate-meta-layouts":"set","ast-page-background-enabled":"default","ast-page-background-meta":{"desktop":{"background-color":"","background-image":"","background-repeat":"repeat","background-position":"center center","background-size":"auto","background-attachment":"scroll","background-type":"","background-media":"","overlay-type":"","overlay-color":"","overlay-opacity":"","overlay-gradient":""},"tablet":{"background-color":"","background-image":"","background-repeat":"repeat","background-position":"center center","background-size":"auto","background-attachment":"scroll","background-type":"","background-media":"","overlay-type":"","overlay-color":"","overlay-opacity":"","overlay-gradient":""},"mobile":{"background-color":"","background-image":"","background-repeat":"repeat","background-position":"center center","background-size":"auto","background-attachment":"scroll","background-type":"","background-media":"","overlay-type":"","overlay-color":"","overlay-opacity":"","overlay-gradient":""}},"ast-content-background-meta":{"desktop":{"background-color":"var(--ast-global-color-5)","background-image":"","background-repeat":"repeat","background-position":"center center","background-size":"auto","background-attachment":"scroll","background-type":"","background-media":"","overlay-type":"","overlay-color":"","overlay-opacity":"","overlay-gradient":""},"tablet":{"background-color":"var(--ast-global-color-5)","background-image":"","background-repeat":"repeat","background-position":"center center","background-size":"auto","background-attachment":"scroll","background-type":"","background-media":"","overlay-type":"","overlay-color":"","overlay-opacity":"","overlay-gradient":""},"mobile":{"background-color":"var(--ast-global-color-5)","background-image":"","background-repeat":"repeat","background-position":"center center","background-size":"auto","background-attachment":"scroll","background-type":"","background-media":"","overlay-type":"","overlay-color":"","overlay-opacity":"","overlay-gradient":""}},"footnotes":""},"class_list":["post-7395","page","type-page","status-publish","has-post-thumbnail","hentry"],"_links":{"self":[{"href":"https:\/\/www.chateaudesyam.fr\/de\/wp-json\/wp\/v2\/pages\/7395","targetHints":{"allow":["GET"]}}],"collection":[{"href":"https:\/\/www.chateaudesyam.fr\/de\/wp-json\/wp\/v2\/pages"}],"about":[{"href":"https:\/\/www.chateaudesyam.fr\/de\/wp-json\/wp\/v2\/types\/page"}],"author":[{"embeddable":true,"href":"https:\/\/www.chateaudesyam.fr\/de\/wp-json\/wp\/v2\/users\/1"}],"replies":[{"embeddable":true,"href":"https:\/\/www.chateaudesyam.fr\/de\/wp-json\/wp\/v2\/comments?post=7395"}],"version-history":[{"count":3,"href":"https:\/\/www.chateaudesyam.fr\/de\/wp-json\/wp\/v2\/pages\/7395\/revisions"}],"predecessor-version":[{"id":7399,"href":"https:\/\/www.chateaudesyam.fr\/de\/wp-json\/wp\/v2\/pages\/7395\/revisions\/7399"}],"wp:featuredmedia":[{"embeddable":true,"href":"https:\/\/www.chateaudesyam.fr\/de\/wp-json\/wp\/v2\/media\/7360"}],"wp:attachment":[{"href":"https:\/\/www.chateaudesyam.fr\/de\/wp-json\/wp\/v2\/media?parent=7395"}],"curies":[{"name":"wp","href":"https:\/\/api.w.org\/{rel}","templated":true}]}}