{"id":1318,"date":"2021-09-09T17:07:47","date_gmt":"2021-09-09T15:07:47","guid":{"rendered":"https:\/\/syam.onpressidium.com\/?page_id=1318"},"modified":"2026-03-09T09:28:39","modified_gmt":"2026-03-09T08:28:39","slug":"syam-un-village-au-charme-fou-en-bourgogne-franche-comte","status":"publish","type":"page","link":"https:\/\/www.chateaudesyam.fr\/en\/syam-un-village-au-charme-fou-en-bourgogne-franche-comte\/","title":{"rendered":"Syam: a charming village in Burgundy-Franche-Comt\u00e9"},"content":{"rendered":"<div class=\"page-header\">\n    <div class=\"page-header__media\">\n        <img loading=\"lazy\" decoding=\"async\" width=\"1920\" height=\"1000\" src=\"https:\/\/www.chateaudesyam.fr\/wp-content\/uploads\/2021\/07\/bg_suisse.jpg\" class=\"page-header__img\" alt=\"\" aria-hidden=\"true\" srcset=\"https:\/\/www.chateaudesyam.fr\/wp-content\/uploads\/2021\/07\/bg_suisse.jpg 1920w, https:\/\/www.chateaudesyam.fr\/wp-content\/uploads\/2021\/07\/bg_suisse-480x250.jpg 480w, https:\/\/www.chateaudesyam.fr\/wp-content\/uploads\/2021\/07\/bg_suisse-768x400.jpg 768w, https:\/\/www.chateaudesyam.fr\/wp-content\/uploads\/2021\/07\/bg_suisse-1200x625.jpg 1200w\" sizes=\"auto, (max-width: 1920px) 100vw, 1920px\" \/>    <\/div>\n            <div class=\"page-header__title-wrap\">\n            <div class=\"page-header__title-inner\">\n                <h1 class=\"page-header__title\">Syam: a charming village in the Jura<\/h1>\n            <\/div>\n        <\/div>\n    <\/div>\n\n\t<p>The region of <strong>Burgundy-Franche-Comt\u00e9<\/strong> There are many wonders, natural sites, sights, historical and cultural heritages to visit.<\/p>\n<p>From <strong>Lons-le-Saunier<\/strong> \u00e0 <strong>Montb\u00e9liard<\/strong>of <strong>Dijon<\/strong> \u00e0 <strong>Besan\u00e7on<\/strong>The road trip takes visitors to the <strong>Jura<\/strong>. Whether you live here or are staying to discover the region, here's a good tip: take the opportunity to pass through the charming village of <strong>Syam<\/strong> ! <a href=\"https:\/\/www.chateaudesyam.fr\/en\/visiter-la-villa\/\">The visit of <strong>La Villa Palladienne<\/strong><\/a>also known as <strong>Ch\u00e2teau de Syam<\/strong>It is definitely worth a visit.<\/p>\n\t<a href=\"https:\/\/www.chateaudesyam.fr\/en\/la-villa\/\" target=\"_self\" role=\"button\" aria-label=\"Discover the villa\">\n\t\t\t\t\t\tDiscover the villa\n\t\t\t\t\t<\/a>\n<figure itemscope itemtype=\"https:\/\/schema.org\/ImageObject\">\n\t\t\t\t<img decoding=\"async\" src=\"https:\/\/www.chateaudesyam.fr\/wp-content\/uploads\/2021\/07\/syam03.jpg\" alt=\"syam03\" height=\"400\" width=\"600\" title=\"syam03\" onerror=\"this.style.display='none'\" loading=\"lazy\" \/>\n\t<\/figure>\n<figure itemscope itemtype=\"https:\/\/schema.org\/ImageObject\">\n\t\t\t\t<img decoding=\"async\" src=\"https:\/\/www.chateaudesyam.fr\/wp-content\/uploads\/2021\/09\/salines-royales.jpg\" alt=\"saltworks-royal\" height=\"400\" width=\"600\" title=\"saltworks-royal\" onerror=\"this.style.display='none'\" loading=\"lazy\" \/>\n\t<\/figure>\n\t<strong>Historical monument<\/strong>This 19th century villa immerses the visitor in the refreshing and bewitching atmosphere of the Venetian Renaissance palaces. Built in the incomparable style of the Master Andrea Palladio, it bears the name of the man who was nothing less than the chief architect of the Serenissima Republic of Venice.<br \/>\n<strong>La Villa Palladienne<\/strong> is a remarkable place with<a href=\"https:\/\/www.chateaudesyam.fr\/en\/la-villa\/\">a totally unusual architecture<\/a> in <strong>Burgundy-Franche-Comt\u00e9<\/strong>. It is therefore a tourist attraction not to be missed if you are visiting the area, taking a spa treatment in <strong>Salins-les-Bains<\/strong>discover <strong>Dole<\/strong>on <strong>Doubs<\/strong> or the <strong>Jura<\/strong>.\n\t<p>From mosaic parquet floors with multiple wood species to chandeliers, all unique pieces, <a href=\"https:\/\/www.chateaudesyam.fr\/en\/visiter-la-villa\/\">the guided tour<\/a> reveals a thousand and one secrets of construction and ornamentation. An example? All the ribs used in the building are multiples of 8!<\/p>\n<p>From one room to the next, the unique collection of wallpapers and panoramas transports the visitor from Greek and Roman antiquity to the French Second Empire via the Romantic period.<\/p>\n<p>As for the furnishings, you can admire original furniture, reflecting various eras from the empire style to Louis-Philippe furniture.<\/p>\n\t<a href=\"https:\/\/www.chateaudesyam.fr\/en\/visiter-la-villa\/\" target=\"_self\" role=\"button\" aria-label=\"Visit the villa\">\n\t\t\t\t\t\tVisit the villa\n\t\t\t\t\t<\/a>\n<figure itemscope itemtype=\"https:\/\/schema.org\/ImageObject\">\n\t\t\t\t<img decoding=\"async\" src=\"https:\/\/www.chateaudesyam.fr\/wp-content\/uploads\/2021\/07\/home_carousel_1.jpg\" alt=\"home_carousel_1\" height=\"483\" width=\"582\" title=\"home_carousel_1\" onerror=\"this.style.display='none'\" loading=\"lazy\" \/>\n\t<\/figure>\n<figure itemscope itemtype=\"https:\/\/schema.org\/ImageObject\">\n\t\t\t\t<img decoding=\"async\" src=\"https:\/\/www.chateaudesyam.fr\/wp-content\/uploads\/2021\/09\/cascade-billaude.jpg\" alt=\"cascade-billaude\" height=\"400\" width=\"600\" title=\"cascade-billaude\" onerror=\"this.style.display='none'\" loading=\"lazy\" \/>\n\t<\/figure>\n\t<p>If you do <strong>the Burgundy wine route<\/strong>If you visit <strong>Lyon<\/strong>, <strong>Pontarlier<\/strong>or the <strong>Haut-Jura Regional Park<\/strong>Take the opportunity to get away to <strong>Syam<\/strong> to admire <strong>La Villa Palladienne<\/strong>.<\/p>\n<p>It is even possible to stop off at this major tourist attraction and regional heritage site. Indeed, there are <a href=\"https:\/\/www.chateaudesyam.fr\/en\/chambres-dhotes-gites\/\">bed and breakfast<\/a> with gourmet breakfast welcome visitors and ensure a comfortable rest in a villa as original as it is serene.<\/p>\n<p>In addition, the former stables of the <strong>Syam Castle<\/strong> are now being rehabilitated into <a href=\"https:\/\/www.chateaudesyam.fr\/en\/chambres-dhotes-gites\/\">cottages<\/a>. They are inspired by Claude Nicolas Ledoux, as is the <strong>Royal Salt Works of Arc-et-Senans<\/strong>A UNESCO World Heritage Site, the former salt factory is only 50 km away.<\/p>\n<p>In the vicinity, the <strong>Gorges de la Langouette<\/strong>the <strong>La Billaude waterfall<\/strong>s, the <strong>losses in the Ain<\/strong> complete your stay with nature outings in places of wild beauty.<\/p>\n<h3>\n\t\t\tVisit the Villa Paladienne\t<\/h3>\n\t<a href=\"https:\/\/www.chateaudesyam.fr\/en\/product\/visiter-la-villa-palladienne\/\" target=\"_self\" role=\"button\" aria-label=\"Read more\">\n\t\t\t\t\t\tRead more\n\t\t\t\t\t<\/a>","protected":false},"excerpt":{"rendered":"<p>La r\u00e9gion de Bourgogne-Franche-Comt\u00e9 rec\u00e8le de nombreuses merveilles, sites naturels, curiosit\u00e9s, patrimoines historiques et culturels \u00e0 visiter. De Lons-le-Saunier \u00e0 Montb\u00e9liard, de Dijon \u00e0 Besan\u00e7on, sillonner les routes emm\u00e8ne les visiteurs du c\u00f4t\u00e9 du Jura. Que l&rsquo;on y habite, que l&rsquo;on y s\u00e9journe pour d\u00e9couvrir la r\u00e9gion, voici un bon conseil : profitez-en pour passer [&hellip;]<\/p>\n","protected":false},"author":1,"featured_media":736,"parent":0,"menu_order":0,"comment_status":"closed","ping_status":"closed","template":"","meta":{"_seopress_robots_primary_cat":"","_seopress_titles_title":"Syam : un village au charme fou en Bourgogne-Franche-Comt\u00e9","_seopress_titles_desc":"D\u00e9couvrez Syam, un village pittoresque en Bourgogne-Franche-Comt\u00e9, o\u00f9 le charme authentique se m\u00eale \u00e0 une riche histoire. Id\u00e9al pour une escapade paisible au c\u0153ur de la nature.","_seopress_robots_index":"","inline_featured_image":false,"site-sidebar-layout":"no-sidebar","site-content-layout":"page-builder","ast-site-content-layout":"full-width-container","site-content-style":"unboxed","site-sidebar-style":"unboxed","ast-global-header-display":"","ast-banner-title-visibility":"","ast-main-header-display":"","ast-hfb-above-header-display":"","ast-hfb-below-header-display":"","ast-hfb-mobile-header-display":"","site-post-title":"disabled","ast-breadcrumbs-content":"","ast-featured-img":"disabled","footer-sml-layout":"","ast-disable-related-posts":"","theme-transparent-header-meta":"default","adv-header-id-meta":"","stick-header-meta":"default","header-above-stick-meta":"","header-main-stick-meta":"","header-below-stick-meta":"","astra-migrate-meta-layouts":"set","ast-page-background-enabled":"default","ast-page-background-meta":{"desktop":{"background-color":"","background-image":"","background-repeat":"repeat","background-position":"center center","background-size":"auto","background-attachment":"scroll","background-type":"","background-media":"","overlay-type":"","overlay-color":"","overlay-opacity":"","overlay-gradient":""},"tablet":{"background-color":"","background-image":"","background-repeat":"repeat","background-position":"center center","background-size":"auto","background-attachment":"scroll","background-type":"","background-media":"","overlay-type":"","overlay-color":"","overlay-opacity":"","overlay-gradient":""},"mobile":{"background-color":"","background-image":"","background-repeat":"repeat","background-position":"center center","background-size":"auto","background-attachment":"scroll","background-type":"","background-media":"","overlay-type":"","overlay-color":"","overlay-opacity":"","overlay-gradient":""}},"ast-content-background-meta":{"desktop":{"background-color":"var(--ast-global-color-5)","background-image":"","background-repeat":"repeat","background-position":"center center","background-size":"auto","background-attachment":"scroll","background-type":"","background-media":"","overlay-type":"","overlay-color":"","overlay-opacity":"","overlay-gradient":""},"tablet":{"background-color":"var(--ast-global-color-5)","background-image":"","background-repeat":"repeat","background-position":"center center","background-size":"auto","background-attachment":"scroll","background-type":"","background-media":"","overlay-type":"","overlay-color":"","overlay-opacity":"","overlay-gradient":""},"mobile":{"background-color":"var(--ast-global-color-5)","background-image":"","background-repeat":"repeat","background-position":"center center","background-size":"auto","background-attachment":"scroll","background-type":"","background-media":"","overlay-type":"","overlay-color":"","overlay-opacity":"","overlay-gradient":""}},"footnotes":""},"class_list":["post-1318","page","type-page","status-publish","has-post-thumbnail","hentry"],"_links":{"self":[{"href":"https:\/\/www.chateaudesyam.fr\/en\/wp-json\/wp\/v2\/pages\/1318","targetHints":{"allow":["GET"]}}],"collection":[{"href":"https:\/\/www.chateaudesyam.fr\/en\/wp-json\/wp\/v2\/pages"}],"about":[{"href":"https:\/\/www.chateaudesyam.fr\/en\/wp-json\/wp\/v2\/types\/page"}],"author":[{"embeddable":true,"href":"https:\/\/www.chateaudesyam.fr\/en\/wp-json\/wp\/v2\/users\/1"}],"replies":[{"embeddable":true,"href":"https:\/\/www.chateaudesyam.fr\/en\/wp-json\/wp\/v2\/comments?post=1318"}],"version-history":[{"count":2,"href":"https:\/\/www.chateaudesyam.fr\/en\/wp-json\/wp\/v2\/pages\/1318\/revisions"}],"predecessor-version":[{"id":7313,"href":"https:\/\/www.chateaudesyam.fr\/en\/wp-json\/wp\/v2\/pages\/1318\/revisions\/7313"}],"wp:featuredmedia":[{"embeddable":true,"href":"https:\/\/www.chateaudesyam.fr\/en\/wp-json\/wp\/v2\/media\/736"}],"wp:attachment":[{"href":"https:\/\/www.chateaudesyam.fr\/en\/wp-json\/wp\/v2\/media?parent=1318"}],"curies":[{"name":"wp","href":"https:\/\/api.w.org\/{rel}","templated":true}]}}