{"id":15,"date":"2020-03-05T14:12:59","date_gmt":"2020-03-05T13:12:59","guid":{"rendered":"https:\/\/syam.onpressidium.com\/?page_id=15"},"modified":"2022-06-07T19:30:25","modified_gmt":"2022-06-07T17:30:25","slug":"contact","status":"publish","type":"page","link":"https:\/\/www.chateaudesyam.fr\/en\/contact\/","title":{"rendered":"Contact"},"content":{"rendered":"<h1>\n\t\tContact us\n\t<\/h1>\n<h2>\n\t\tContact details\n\t<\/h2>\n<h2>\n\t\tThe Palladian Villa - Syam Castle \n\t<\/h2>\n\t\t\t\t<p>225 chemin de Benaisy<br \/>39300 Syam<\/p>\n\t<a href=\"tel:+33384516414\" target=\"_self\" aria-label=\"Go to tel:+33384516414\" rel=\"noopener\"><\/a>\t\t\t\t\n\t\t\t\t<p>+33 3 84 51 64 14<\/p>\n\t<a href=\"tel:+33687541457\" target=\"_self\" aria-label=\"Go to tel:+33687541457\" rel=\"noopener\"><\/a>\t\t\t\t\n\t\t\t\t<p>+33 6 87 54 14 57<\/p>\n\t\t\t\t<p>contact@chateaudesyam.fr<\/p>\n\t<iframe src=\"https:\/\/www.google.com\/maps\/embed?pb=!1m18!1m12!1m3!1d2736.0494412491075!2d5.943260315797839!3d46.70475895783!2m3!1f0!2f0!3f0!3m2!1i1024!2i768!4f13.1!3m3!1m2!1s0x478d02dc7be48abf%3A0x46a33c7e8061c6e7!2sVilla%20palladienne%20de%20Syam!5e0!3m2!1sfr!2sfr!4v1622135605274!5m2!1sfr!2sfr\" width=\"100%\" height=\"450\" allowfullscreen=\"\" loading=\"lazy\"><\/iframe>\n<h2>\n\t\tOur partners\n\t<\/h2>\n\t\t\t\t\t\t\t<img decoding=\"async\" src=\"https:\/\/www.chateaudesyam.fr\/wp-content\/uploads\/2020\/03\/logo_monument_historique.png\" alt=\"Elegant Palladian villa in Ch\u00e2teauneuf-sur-Yam, classic architecture, luxurious interior, unforgettable stay, peaceful setting.\" data-no-lazy=\"1\"  > \n\t\t\t\t\t\t\t<img decoding=\"async\" src=\"https:\/\/www.chateaudesyam.fr\/wp-content\/uploads\/2020\/03\/logo-demeureshistoriques.png\" alt=\"Elegant Palladian villa with classical architecture and landscaped gardens in Ch\u00e2teauneuf-sur-Yam, historic and luxurious style.\" data-no-lazy=\"1\"  > \n\t\t\t\t\t\t\t<img decoding=\"async\" src=\"https:\/\/www.chateaudesyam.fr\/wp-content\/uploads\/2020\/03\/logo-made-in-jura.png\" alt=\"Elegant Palladian villa with historic architecture, surrounded by lush gardens, close to Ch\u00e2teau des Yams for a unique experience in France.\" data-no-lazy=\"1\"  > \n\t\t\t\t\t\t\t<img decoding=\"async\" src=\"https:\/\/www.chateaudesyam.fr\/wp-content\/uploads\/2020\/03\/logo-vmf.png\" alt=\"Elegant Palladian villa at Ch\u00e2teau des Yams, classical architectural style, sophisticated landscaped garden, luxury stay in Normandy.\" data-no-lazy=\"1\"  >","protected":false},"excerpt":{"rendered":"<p>Contact us Contact details La Villa palladienne - Ch\u00e2teau de Syam 225 chemin de Benaisy39300 Syam +33 3 84 51 64 14 +33 6 87 54 14 57 contact@chateaudesyam.fr Our partners<\/p>","protected":false},"author":1,"featured_media":0,"parent":0,"menu_order":0,"comment_status":"closed","ping_status":"closed","template":"","meta":{"_seopress_robots_primary_cat":"","_seopress_titles_title":"Contact | La Villa Palladienne","_seopress_titles_desc":"Une demande de devis ? Une r\u00e9servation de groupe ? Des questions sur nos prestations ? Nous sommes \u00e0 votre disposition pour r\u00e9pondre \u00e0 vos questions.","_seopress_robots_index":"","inline_featured_image":false,"site-sidebar-layout":"no-sidebar","site-content-layout":"page-builder","ast-site-content-layout":"default","site-content-style":"default","site-sidebar-style":"default","ast-global-header-display":"","ast-banner-title-visibility":"","ast-main-header-display":"","ast-hfb-above-header-display":"","ast-hfb-below-header-display":"","ast-hfb-mobile-header-display":"","site-post-title":"disabled","ast-breadcrumbs-content":"","ast-featured-img":"disabled","footer-sml-layout":"","ast-disable-related-posts":"","theme-transparent-header-meta":"default","adv-header-id-meta":"","stick-header-meta":"default","header-above-stick-meta":"","header-main-stick-meta":"","header-below-stick-meta":"","astra-migrate-meta-layouts":"default","ast-page-background-enabled":"default","ast-page-background-meta":{"desktop":{"background-color":"","background-image":"","background-repeat":"repeat","background-position":"center center","background-size":"auto","background-attachment":"scroll","background-type":"","background-media":"","overlay-type":"","overlay-color":"","overlay-opacity":"","overlay-gradient":""},"tablet":{"background-color":"","background-image":"","background-repeat":"repeat","background-position":"center center","background-size":"auto","background-attachment":"scroll","background-type":"","background-media":"","overlay-type":"","overlay-color":"","overlay-opacity":"","overlay-gradient":""},"mobile":{"background-color":"","background-image":"","background-repeat":"repeat","background-position":"center center","background-size":"auto","background-attachment":"scroll","background-type":"","background-media":"","overlay-type":"","overlay-color":"","overlay-opacity":"","overlay-gradient":""}},"ast-content-background-meta":{"desktop":{"background-color":"var(--ast-global-color-5)","background-image":"","background-repeat":"repeat","background-position":"center center","background-size":"auto","background-attachment":"scroll","background-type":"","background-media":"","overlay-type":"","overlay-color":"","overlay-opacity":"","overlay-gradient":""},"tablet":{"background-color":"var(--ast-global-color-5)","background-image":"","background-repeat":"repeat","background-position":"center center","background-size":"auto","background-attachment":"scroll","background-type":"","background-media":"","overlay-type":"","overlay-color":"","overlay-opacity":"","overlay-gradient":""},"mobile":{"background-color":"var(--ast-global-color-5)","background-image":"","background-repeat":"repeat","background-position":"center center","background-size":"auto","background-attachment":"scroll","background-type":"","background-media":"","overlay-type":"","overlay-color":"","overlay-opacity":"","overlay-gradient":""}},"footnotes":""},"class_list":["post-15","page","type-page","status-publish","hentry"],"_links":{"self":[{"href":"https:\/\/www.chateaudesyam.fr\/en\/wp-json\/wp\/v2\/pages\/15","targetHints":{"allow":["GET"]}}],"collection":[{"href":"https:\/\/www.chateaudesyam.fr\/en\/wp-json\/wp\/v2\/pages"}],"about":[{"href":"https:\/\/www.chateaudesyam.fr\/en\/wp-json\/wp\/v2\/types\/page"}],"author":[{"embeddable":true,"href":"https:\/\/www.chateaudesyam.fr\/en\/wp-json\/wp\/v2\/users\/1"}],"replies":[{"embeddable":true,"href":"https:\/\/www.chateaudesyam.fr\/en\/wp-json\/wp\/v2\/comments?post=15"}],"version-history":[{"count":0,"href":"https:\/\/www.chateaudesyam.fr\/en\/wp-json\/wp\/v2\/pages\/15\/revisions"}],"wp:attachment":[{"href":"https:\/\/www.chateaudesyam.fr\/en\/wp-json\/wp\/v2\/media?parent=15"}],"curies":[{"name":"wp","href":"https:\/\/api.w.org\/{rel}","templated":true}]}}