{"id":17,"date":"2020-03-05T14:12:53","date_gmt":"2020-03-05T13:12:53","guid":{"rendered":"https:\/\/syam.onpressidium.com\/?page_id=17"},"modified":"2025-08-05T16:45:04","modified_gmt":"2025-08-05T14:45:04","slug":"mentions-legales","status":"publish","type":"page","link":"https:\/\/www.chateaudesyam.fr\/en\/mentions-legales\/","title":{"rendered":"Legal information"},"content":{"rendered":"<h1>\n\t\t\tLegal information\t<\/h1>\n\t<h2>Presentation of the site<\/h2>\n<p>In accordance with the provisions of Articles 6-III and 19 of Law No. 2004-575 of 21 June 2004 for Confidence in the Digital Economy, known as the L.C.E.N., we bring to the attention of users and visitors to the site www.chateaudesyam.fr the following information:<\/p>\n<strong>Legal information:<\/strong><br \/>\nOwner : SARL M.C.P.<br \/>\nAddress : 225 CHE DE BENAISY 39300 SYAM<br \/>\nTel: +33 3 84 51 64 14<br \/>\nWith a capital of : 24 391,84 \u20ac<br \/>\nSIRET : 42003300300021 - R.C.S. of Lons-le-Saunier<br \/>\nE-mail address: contact@chateaudesyam.fr\n<p>The site creator and webmaster is: Agence Netalys - contact@netalys.fr<\/p>\nThe site host is: PRESSIDIUM\u00ae - TECHIO LIMITED<br \/>\nThe Grange Barn, Pikes End, Pinner,<br \/>\nLondon, HA5 2EX, United Kingdom<br \/>\nVAT Number: GB 164453310<br \/>\nCompany No.: 08416088<br \/>\nPhone: (020) 3397 7256<br \/>\nEmail: info -at- techio.com\n<p>The site is hosted on a server located in Paris, France.<\/p>\n<h2>Description of services provided<\/h2>\nThe purpose of the www.chateaudesyam.fr website is to provide information about all the company's activities.<br \/>\nThe owner of the site endeavours to provide information on the site www.chateaudesyam.fr that is as accurate as possible. However, it cannot be held responsible for omissions, inaccuracies and shortcomings in updating, whether these are its fault or the fault of third-party partners who provide this information.<br \/>\nAll the information provided on the www.chateaudesyam.fr website is given for information purposes only, is not exhaustive and is subject to change. It is given subject to modifications having been made since it was put on line.\n<h2>Intellectual property and counterfeiting<\/h2>\nThe owner of the site is the owner of the intellectual property rights or holds the rights of use on all the elements accessible on the site, in particular the texts, images, graphics, logo, icons, sounds, software...<br \/>\nAny reproduction, representation, modification, publication, total or partial adaptation of the elements of the site, whatever the means or the process used, is forbidden, except with prior written authorisation to the email: contact@chateaudesyam.fr.<br \/>\nAny unauthorised use of the site or of any of the elements it contains will be considered as constituting an infringement and will be prosecuted in accordance with the provisions of articles L.335-2 et seq. of the Intellectual Property Code.\n<h2>Hyperlinks and cookies<\/h2>\n<p>The site www.chateaudesyam.fr contains a certain number of hypertext links to other sites set up with the authorisation of the site owner. However, the owner of the site does not have the possibility of checking the content of the sites thus visited and therefore declines all responsibility for the possible risks of illicit content.<\/p>\n<p>The user is informed that during his visits to the www.chateaudesyam.fr website, one or more cookies may be automatically installed on his computer.<\/p>\n<p><a href=\"https:\/\/www.chateaudesyam.fr\/en\/politique-en-matiere-de-cookies\/\">Learn more about our cookie policy.<\/a><\/p>\n<h2>Protection of property and people - personal data management<\/h2>\n<p>User: Internet user connecting to and using the above-mentioned site: www.chateaudesyam.fr<\/p>\n<p>In France, personal data is protected by law no. 78-87 of 6 January 1978, law no. 2004-801 of 6 August 2004, article L. 226-13 of the Criminal Code and the European Directive of 24 October 1995.<\/p>\n<p>On the www.chateaudesyam.fr website, the owner of the site only collects personal information about the user for the purpose of certain services offered by the www.chateaudesyam.fr website. The user provides this information with full knowledge of the facts, in particular when he\/she enters it. The user of the site www.chateaudesyam.fr is then informed whether or not he\/she is required to provide this information.<\/p>\n<p>In accordance with the provisions of articles 38 and following of the law 78-17 of January 6, 1978 relating to data processing, files and freedoms, any user has a right of access, rectification, deletion and opposition to personal data concerning him. To exercise this right, send your request to www.chateaudesyam.fr by email: contact@chateaudesyam.fr or by sending a written and signed request, accompanied by a copy of the identity document with the signature of the holder of the document, specifying the address to which the reply should be sent.<\/p>\n<p>No personal information of the user of the site www.chateaudesyam.fr is published without the user's knowledge, exchanged, transferred, ceded or sold on any medium whatsoever to third parties. Only the assumption of the purchase of the site www.chateaudesyam.fr from the owner of the site and its rights would allow the transmission of the said information to the eventual purchaser who would in turn be bound by the same obligation of conservation and modification of the data vis-\u00e0-vis the user of the site www.chateaudesyam.fr.<\/p>\n<p>The databases are protected by the provisions of the law of 1 July 1998 transposing the directive 96\/9 of 11 March 1996 on the legal protection of databases.<\/p>\n<p><a href=\"https:\/\/www.chateaudesyam.fr\/en\/confidentialite-des-donnees\/\">More information on our privacy policy.<\/a><\/p>","protected":false},"excerpt":{"rendered":"<p>Mentions l\u00e9gales Pr\u00e9sentation du site Conform\u00e9ment aux dispositions des articles 6-III et 19 de la Loi n\u00b0 2004-575 du 21 juin 2004 pour la Confiance dans l&rsquo;\u00e9conomie num\u00e9rique, dite L.C.E.N., nous portons \u00e0 la connaissance des utilisateurs et visiteurs du site www.chateaudesyam.fr les informations suivantes : Informations l\u00e9gales : Propri\u00e9taire : SARL M.C.P. Adresse : [&hellip;]<\/p>\n","protected":false},"author":1,"featured_media":0,"parent":0,"menu_order":0,"comment_status":"closed","ping_status":"closed","template":"","meta":{"_seopress_robots_primary_cat":"","_seopress_titles_title":"","_seopress_titles_desc":"","_seopress_robots_index":"yes","inline_featured_image":false,"site-sidebar-layout":"no-sidebar","site-content-layout":"page-builder","ast-site-content-layout":"default","site-content-style":"default","site-sidebar-style":"default","ast-global-header-display":"","ast-banner-title-visibility":"","ast-main-header-display":"","ast-hfb-above-header-display":"","ast-hfb-below-header-display":"","ast-hfb-mobile-header-display":"","site-post-title":"disabled","ast-breadcrumbs-content":"","ast-featured-img":"disabled","footer-sml-layout":"","ast-disable-related-posts":"","theme-transparent-header-meta":"default","adv-header-id-meta":"","stick-header-meta":"","header-above-stick-meta":"","header-main-stick-meta":"","header-below-stick-meta":"","astra-migrate-meta-layouts":"default","ast-page-background-enabled":"default","ast-page-background-meta":{"desktop":{"background-color":"","background-image":"","background-repeat":"repeat","background-position":"center center","background-size":"auto","background-attachment":"scroll","background-type":"","background-media":"","overlay-type":"","overlay-color":"","overlay-opacity":"","overlay-gradient":""},"tablet":{"background-color":"","background-image":"","background-repeat":"repeat","background-position":"center center","background-size":"auto","background-attachment":"scroll","background-type":"","background-media":"","overlay-type":"","overlay-color":"","overlay-opacity":"","overlay-gradient":""},"mobile":{"background-color":"","background-image":"","background-repeat":"repeat","background-position":"center center","background-size":"auto","background-attachment":"scroll","background-type":"","background-media":"","overlay-type":"","overlay-color":"","overlay-opacity":"","overlay-gradient":""}},"ast-content-background-meta":{"desktop":{"background-color":"var(--ast-global-color-5)","background-image":"","background-repeat":"repeat","background-position":"center center","background-size":"auto","background-attachment":"scroll","background-type":"","background-media":"","overlay-type":"","overlay-color":"","overlay-opacity":"","overlay-gradient":""},"tablet":{"background-color":"var(--ast-global-color-5)","background-image":"","background-repeat":"repeat","background-position":"center center","background-size":"auto","background-attachment":"scroll","background-type":"","background-media":"","overlay-type":"","overlay-color":"","overlay-opacity":"","overlay-gradient":""},"mobile":{"background-color":"var(--ast-global-color-5)","background-image":"","background-repeat":"repeat","background-position":"center center","background-size":"auto","background-attachment":"scroll","background-type":"","background-media":"","overlay-type":"","overlay-color":"","overlay-opacity":"","overlay-gradient":""}},"footnotes":""},"class_list":["post-17","page","type-page","status-publish","hentry"],"_links":{"self":[{"href":"https:\/\/www.chateaudesyam.fr\/en\/wp-json\/wp\/v2\/pages\/17","targetHints":{"allow":["GET"]}}],"collection":[{"href":"https:\/\/www.chateaudesyam.fr\/en\/wp-json\/wp\/v2\/pages"}],"about":[{"href":"https:\/\/www.chateaudesyam.fr\/en\/wp-json\/wp\/v2\/types\/page"}],"author":[{"embeddable":true,"href":"https:\/\/www.chateaudesyam.fr\/en\/wp-json\/wp\/v2\/users\/1"}],"replies":[{"embeddable":true,"href":"https:\/\/www.chateaudesyam.fr\/en\/wp-json\/wp\/v2\/comments?post=17"}],"version-history":[{"count":0,"href":"https:\/\/www.chateaudesyam.fr\/en\/wp-json\/wp\/v2\/pages\/17\/revisions"}],"wp:attachment":[{"href":"https:\/\/www.chateaudesyam.fr\/en\/wp-json\/wp\/v2\/media?parent=17"}],"curies":[{"name":"wp","href":"https:\/\/api.w.org\/{rel}","templated":true}]}}