{"id":3,"date":"2020-02-12T14:37:02","date_gmt":"2020-02-12T14:37:02","guid":{"rendered":"https:\/\/syam.onpressidium.com\/?page_id=3"},"modified":"2021-08-03T14:28:43","modified_gmt":"2021-08-03T12:28:43","slug":"confidentialite-des-donnees","status":"publish","type":"page","link":"https:\/\/www.chateaudesyam.fr\/en\/confidentialite-des-donnees\/","title":{"rendered":"Data privacy"},"content":{"rendered":"<h1>\n\t\tConfidentiality of personal data\n\t<\/h1>\n\tWith the development of new communication tools, it is necessary to pay particular attention to the protection of privacy. This is why we are committed to respecting the confidentiality of the personal information we collect.<br \/>\nData Protection Act of 6 January 1978.\n<p>In accordance with articles 39 and following of the law n\u00b0 78-17 of January 6, 1978 relating to data processing, files and freedoms, any person can obtain communication and, if necessary, rectification or deletion of information concerning him\/her. These data are those that you have voluntarily recorded when requesting information or registering for one of our services.<\/p>\nTo exercise this right, you can write to us at any time by email: contact@chateaudesyam.fr, or by post to the following address<br \/>\nSARL M.C.P. - 225 CHE DE BENAISY - 39300 SYAM\n<h2>Purpose of processing personal information<\/h2>\n<p>M.C.P. is committed to protecting the privacy and personal information that visitors may provide for communication and information purposes. This information is important to us in order to provide you with the best possible service.<\/p>\n<p>The information provided is intended to manage your requests for information, your requests for numerical studies or your subscription to our newsletters.<\/p>\n<h2>Transmission of personal information<\/h2>\n<p>M.C.P. SARL undertakes not to transfer or sell any personal information about you to third parties or to use this information for any unintended purpose.<\/p>\n<h2>Security and data protection<\/h2>\n<p>SARL M.C.P. undertakes to take all necessary precautions to preserve the security of the data and, in particular, to prevent them from being distorted, damaged or accessed by unauthorised third parties.<\/p>\n<h2>Information on cookies<\/h2>\n<p>The user is informed that during his visits to the www.chateaudesyam.fr website, one or more cookies may be automatically installed on his computer. A cookie is a small file which does not allow the user to be identified, but which records information relating to the navigation of a computer on a site. The data thus obtained is intended to facilitate subsequent navigation on the site and is also intended to allow various measures of frequentation.<\/p>\n\n<h2>Data collected<\/h2>\n<p>M.C.P. SARL may record IP addresses, the country and city of origin of its visitors, the operating system used, and other technical information for statistical purposes in order to improve its services.<\/p>\n<p>Through its contact form located on the \"Contact\" page, SARL M.C.P. collects the following information:<\/p>\n<ul>\n<li>Name<\/li>\n<li>First name<\/li>\n<li>Phone<\/li>\n<li>Email address<\/li>\n<\/ul>\n<p>In the context of a reservation for a guest room or a visit to La Villa, the following billing information is requested from the Internet user:<\/p>\n<ul>\n<li>Name<\/li>\n<li>First name<\/li>\n<li>Company<\/li>\n<li>Country<\/li>\n<li>Mailing address<\/li>\n<li>Postal code<\/li>\n<li>City<\/li>\n<li>E-mail address<\/li>\n<\/ul>\n<h2>Secure payments<\/h2>\n<p>Bank transactions are managed securely by our partner <a href=\"https:\/\/stripe.com\/fr\/privacy#translation\" target=\"_blank\" rel=\"noopener\">Stripe<\/a>. The SARL M.C.P. has no knowledge of the credit card information and does not hold any data relating to this.<\/p>","protected":false},"excerpt":{"rendered":"<p>Confidentialit\u00e9 des donn\u00e9es personnelles Devant le d\u00e9veloppement des nouveaux outils de communication, il est n\u00e9cessaire de porter une attention particuli\u00e8re \u00e0 la protection de la vie priv\u00e9e. C&rsquo;est pourquoi, nous nous engageons \u00e0 respecter la confidentialit\u00e9 des renseignements personnels que nous collectons. Loi Informatique et libert\u00e9s du 6 janvier 1978. Conform\u00e9ment aux articles 39 et [&hellip;]<\/p>\n","protected":false},"author":1,"featured_media":0,"parent":0,"menu_order":0,"comment_status":"closed","ping_status":"open","template":"","meta":{"_seopress_robots_primary_cat":"","_seopress_titles_title":"","_seopress_titles_desc":"","_seopress_robots_index":"yes","inline_featured_image":false,"site-sidebar-layout":"no-sidebar","site-content-layout":"page-builder","ast-site-content-layout":"default","site-content-style":"default","site-sidebar-style":"default","ast-global-header-display":"","ast-banner-title-visibility":"","ast-main-header-display":"","ast-hfb-above-header-display":"","ast-hfb-below-header-display":"","ast-hfb-mobile-header-display":"","site-post-title":"disabled","ast-breadcrumbs-content":"","ast-featured-img":"disabled","footer-sml-layout":"","ast-disable-related-posts":"","theme-transparent-header-meta":"default","adv-header-id-meta":"","stick-header-meta":"default","header-above-stick-meta":"","header-main-stick-meta":"","header-below-stick-meta":"","astra-migrate-meta-layouts":"default","ast-page-background-enabled":"default","ast-page-background-meta":{"desktop":{"background-color":"","background-image":"","background-repeat":"repeat","background-position":"center center","background-size":"auto","background-attachment":"scroll","background-type":"","background-media":"","overlay-type":"","overlay-color":"","overlay-opacity":"","overlay-gradient":""},"tablet":{"background-color":"","background-image":"","background-repeat":"repeat","background-position":"center center","background-size":"auto","background-attachment":"scroll","background-type":"","background-media":"","overlay-type":"","overlay-color":"","overlay-opacity":"","overlay-gradient":""},"mobile":{"background-color":"","background-image":"","background-repeat":"repeat","background-position":"center center","background-size":"auto","background-attachment":"scroll","background-type":"","background-media":"","overlay-type":"","overlay-color":"","overlay-opacity":"","overlay-gradient":""}},"ast-content-background-meta":{"desktop":{"background-color":"var(--ast-global-color-5)","background-image":"","background-repeat":"repeat","background-position":"center center","background-size":"auto","background-attachment":"scroll","background-type":"","background-media":"","overlay-type":"","overlay-color":"","overlay-opacity":"","overlay-gradient":""},"tablet":{"background-color":"var(--ast-global-color-5)","background-image":"","background-repeat":"repeat","background-position":"center center","background-size":"auto","background-attachment":"scroll","background-type":"","background-media":"","overlay-type":"","overlay-color":"","overlay-opacity":"","overlay-gradient":""},"mobile":{"background-color":"var(--ast-global-color-5)","background-image":"","background-repeat":"repeat","background-position":"center center","background-size":"auto","background-attachment":"scroll","background-type":"","background-media":"","overlay-type":"","overlay-color":"","overlay-opacity":"","overlay-gradient":""}},"footnotes":""},"class_list":["post-3","page","type-page","status-publish","hentry"],"_links":{"self":[{"href":"https:\/\/www.chateaudesyam.fr\/en\/wp-json\/wp\/v2\/pages\/3","targetHints":{"allow":["GET"]}}],"collection":[{"href":"https:\/\/www.chateaudesyam.fr\/en\/wp-json\/wp\/v2\/pages"}],"about":[{"href":"https:\/\/www.chateaudesyam.fr\/en\/wp-json\/wp\/v2\/types\/page"}],"author":[{"embeddable":true,"href":"https:\/\/www.chateaudesyam.fr\/en\/wp-json\/wp\/v2\/users\/1"}],"replies":[{"embeddable":true,"href":"https:\/\/www.chateaudesyam.fr\/en\/wp-json\/wp\/v2\/comments?post=3"}],"version-history":[{"count":0,"href":"https:\/\/www.chateaudesyam.fr\/en\/wp-json\/wp\/v2\/pages\/3\/revisions"}],"wp:attachment":[{"href":"https:\/\/www.chateaudesyam.fr\/en\/wp-json\/wp\/v2\/media?parent=3"}],"curies":[{"name":"wp","href":"https:\/\/api.w.org\/{rel}","templated":true}]}}