{"id":47,"date":"2021-05-12T16:10:27","date_gmt":"2021-05-12T14:10:27","guid":{"rendered":"https:\/\/syam.onpressidium.com\/?page_id=47"},"modified":"2026-03-06T16:43:55","modified_gmt":"2026-03-06T15:43:55","slug":"la-villa","status":"publish","type":"page","link":"https:\/\/www.chateaudesyam.fr\/en\/la-villa\/","title":{"rendered":"La Villa"},"content":{"rendered":"<div class=\"page-header\">\n    <div class=\"page-header__media\">\n        <img loading=\"lazy\" decoding=\"async\" width=\"1920\" height=\"900\" src=\"https:\/\/www.chateaudesyam.fr\/wp-content\/uploads\/2026\/03\/header-la-villa.webp\" class=\"page-header__img\" alt=\"\" aria-hidden=\"true\" srcset=\"https:\/\/www.chateaudesyam.fr\/wp-content\/uploads\/2026\/03\/header-la-villa.webp 1920w, https:\/\/www.chateaudesyam.fr\/wp-content\/uploads\/2026\/03\/header-la-villa-480x225.webp 480w, https:\/\/www.chateaudesyam.fr\/wp-content\/uploads\/2026\/03\/header-la-villa-768x360.webp 768w, https:\/\/www.chateaudesyam.fr\/wp-content\/uploads\/2026\/03\/header-la-villa-1200x563.webp 1200w\" sizes=\"auto, (max-width: 1920px) 100vw, 1920px\" \/>    <\/div>\n            <div class=\"page-header__title-wrap\">\n            <div class=\"page-header__title-inner\">\n                <h1 class=\"page-header__title\">La Villa Palladienne<\/h1>\n            <\/div>\n        <\/div>\n    <\/div>\n\n<h2>\n\t\t\tA little history\t<\/h2>\n\t<p>The Villa Palladienne was built from 1818. Its patron, Emmanuel Jobez, was the son of Claude Jobez, Master of Forges and well-known politician.<\/p>\n<p>The Jobez family, from father to son, had a considerable influence on the political, social and economic life of the Jura in the 19th century. They built factories, schools, churches and castles.<\/p>\n<p>Emmanuel was the heir of this fabulous journey which began in the harsh countryside of Bellefontaine where, in 1788, his ancestor Le Grand Claude freed himself from the mainmorte of the canons of Saint-Claude. (Servitude which prevented people from becoming owners).<\/p>\n<p>The story of the Jobez family begins in the 18th century in the harsh countryside of the Haut-Jura in Bellefontaine. The Jobez family has no title, no property, no wealth, quite the contrary, because the family is subject to servitude, it is subject to the handmaidens of Saint-Claude.\u00a0<\/p>\n<p>In 1788, thanks to his courage and determination, the great Claude, father of Claude Jobez and grandfather of Emmanuel, succeeded in freeing himself from the servitude that weighed on his family and thus enabled the next generation to be free.<\/p>\n<figure itemscope itemtype=\"https:\/\/schema.org\/ImageObject\">\n\t\t\t\t<img decoding=\"async\" src=\"https:\/\/www.chateaudesyam.fr\/wp-content\/uploads\/2021\/07\/la-villa-section-histoire.jpg\" alt=\"la-villa-section-history\" height=\"652\" width=\"562\" title=\"la-villa-section-history\" onerror=\"this.style.display='none'\" loading=\"lazy\" \/>\n\t<\/figure>\n\t<p>His son Claude Jobez started out as a farmer, but soon became a peddler of Comtois clocks and, thanks to his unparalleled commercial charisma, he went into business. As soon as he had the means, he bought the Rochejean blast furnaces in the Doubs. Then those of Baudin near Selli\u00e8res in the Bas-Jura, then those of Champagnole and Bourg-de-Sirod before building a state-of-the-art factory in Syam, on the banks of the Ain.\u00a0<\/p>\n<p>At first, they made agricultural tools with remarkable sharpness.<\/p>\n<p>This know-how enabled Claude Jobez to become a supplier to Napoleon and to manufacture blades for war, in particular swords and bayonets, which allowed him to increase his fortune tenfold. In addition to his business success, Claude Jobez obtained the recognition of his peers by being elected Mayor of Morez and then General Councillor of the Jura.<\/p>\n<p>Claude Jobez and his wife had two children, Emmanuel and Ad\u00e9la\u00efde. They wish the best for their education. Emmanuel, gifted for studies, entered the Sorbonne at the age of 17 and studied literature, architecture, politics and music. He met writers such as Chateaubriand, Alfred de Musset, Stendhal, Benjamin Constant and Lamartine. During a trip to Italy, he fell under the spell of the work of Andrea Palladio, the great architect of the Italian renaissance. He became so fascinated that he imagined building a replica of the famous Villa Rotonda in Syam in the Jura, built in the 16th century in Vicenza by the great master for an aristocratic family from Venice. Heir to most of his father's immense fortune, he abandoned his father's business in favour of his brother-in-law Etienne Monnier to devote himself to this project and to politics. He became deputy of the Jura in 1815. He was 30 years old.<\/p>\n<figure itemscope itemtype=\"https:\/\/schema.org\/ImageObject\">\n\t\t\t\t<img decoding=\"async\" src=\"https:\/\/www.chateaudesyam.fr\/wp-content\/uploads\/2021\/05\/colonne.jpg\" alt=\"column\" height=\"500\" width=\"368\" title=\"column\" onerror=\"this.style.display='none'\" loading=\"lazy\" \/>\n\t<\/figure>\n<figure itemscope itemtype=\"https:\/\/schema.org\/ImageObject\">\n\t\t\t\t<img decoding=\"async\" src=\"https:\/\/www.chateaudesyam.fr\/wp-content\/uploads\/2021\/07\/villa-architecture.jpg\" alt=\"villa-architecture\" height=\"411\" width=\"271\" title=\"villa-architecture\" onerror=\"this.style.display='none'\" loading=\"lazy\" \/>\n\t<\/figure>\n<figure itemscope itemtype=\"https:\/\/schema.org\/ImageObject\">\n\t\t\t\t<img decoding=\"async\" src=\"https:\/\/www.chateaudesyam.fr\/wp-content\/uploads\/2021\/05\/mg-4847-bd.jpg\" alt=\"mg-4847-bd\" height=\"510\" width=\"368\" title=\"mg-4847-bd\" onerror=\"this.style.display='none'\" loading=\"lazy\" \/>\n\t<\/figure>\n<h2>\n\t\t\tArchitecture\t<\/h2>\n<h3>\n\t\t\tBetween neoclassicism and neopalladianism\t<\/h3>\n\t<p>A thousand miles from Italy, immerse yourself in the art of living of the Venetian Renaissance palaces through this 19th century villa, a vibrant tribute to the master Andrea Palladio.<\/p>\n<p>Neoclassicism is a continuation of the classical works of antiquity. In his book <em>De Architectura<\/em>Vitruvius, a true codifier of the architectural practice of his time, sets out three essential qualities for any building: durable, useful and beautiful.<\/p>\n<p>According to him, architecture is an imitation of nature.<\/p>\n<p>The Palladian Villa in Syam is a work that corresponds to a classical conception of architecture. Andrea Palladio was an Italian architect of the Italian Renaissance whose work transcended the codes built by Vitruvius. His focus was on mathematical proportions.<\/p>\n<p>He is world famous for bringing light into homes.<\/p>\n<h2>\n\t\t\tAn unusual design\t<\/h2>\n<h3>\n\t\t\tThe number 8\t<\/h3>\n\tA visit to the Palladian Villa is a succession of experiences.<br \/>\nOne of the most unusual is the revelation that all the ribs of The Villa are multiples of the number 8.\nThe house is a square measuring 24 by 24 metres and 16 metres high.<br \/>\n8 large rooms per level, distributed by a central rotunda supported by 8 neoclassical columns.\n<p>The Rotunda has 4 circular balconies overlooking a glass ceiling. There are 8 steps to the house and 8 steps to the cellars. At the park level, the house is located at the junction of the two ellipses of a huge figure 8 which forms the main promenade.<\/p>\n<figure itemscope itemtype=\"https:\/\/schema.org\/ImageObject\">\n\t\t\t\t<img decoding=\"async\" src=\"https:\/\/www.chateaudesyam.fr\/wp-content\/uploads\/2021\/07\/villa-section-insolite-.jpg\" alt=\"villa-section-insolite-\" height=\"373\" width=\"562\" title=\"villa-section-insolite-\" onerror=\"this.style.display='none'\" loading=\"lazy\" \/>\n\t<\/figure>\n<h2>\n\t\t\tDecorative arts\t<\/h2>\n<h3>\n\t\t\tThe unique collection of wallpapers\t<\/h3>\n\t<p>A real treasure of Syam. It is the most important collection of 19th century wallpapers and panoramics in a house open to the public. The greatest manufacturers are represented and sign decors in an extraordinary state of conservation. Zuber, Defoss\u00e9, Leroy, Pierce-Fontaine, Mader, Joseph Dufour... Each piece is a unique decoration.<\/p>\n<p>Frescoes of Pompeian inspiration (Bishop's room, Rose room), history of antiquity (billiards), toile de Jouy... Variety of decorations which tell the political, artistic and social history from Greek antiquity to the Empire through the romantic period.<\/p>\n<p>Panoramic wallpapers replaced painted frescoes and stretched fabrics in an effort to be modern. In those years. Wallpaper was an innovative process.<\/p>\n<p>Finally, at the Palladian Villa in Syam, there is a celestial decoration, a fresco painted directly on the plaster in the dome of the Rotunda. Musical glories and cherubs are adorned with antique draperies in sepia tones of infinite beauty.<\/p>\n<figure itemscope itemtype=\"https:\/\/schema.org\/ImageObject\">\n\t\t\t\t<img decoding=\"async\" src=\"https:\/\/www.chateaudesyam.fr\/wp-content\/uploads\/2021\/07\/arts-deco-2.jpg\" alt=\"arts-deco-2\" height=\"200\" width=\"174\" title=\"arts-deco-2\" onerror=\"this.style.display='none'\" loading=\"lazy\" \/>\n\t<\/figure>\n<figure itemscope itemtype=\"https:\/\/schema.org\/ImageObject\">\n\t\t\t\t<img decoding=\"async\" src=\"https:\/\/www.chateaudesyam.fr\/wp-content\/uploads\/2021\/07\/arts-deco-1.jpg\" alt=\"arts-deco-1\" height=\"380\" width=\"304\" title=\"arts-deco-1\" onerror=\"this.style.display='none'\" loading=\"lazy\" \/>\n\t<\/figure>\n<figure itemscope itemtype=\"https:\/\/schema.org\/ImageObject\">\n\t\t\t\t<img decoding=\"async\" src=\"https:\/\/www.chateaudesyam.fr\/wp-content\/uploads\/2021\/07\/arts-deco-3.jpg\" alt=\"arts-deco-3\" height=\"310\" width=\"465\" title=\"arts-deco-3\" onerror=\"this.style.display='none'\" loading=\"lazy\" \/>\n\t<\/figure>\n<figure itemscope itemtype=\"https:\/\/schema.org\/ImageObject\">\n\t\t\t\t<img decoding=\"async\" src=\"https:\/\/www.chateaudesyam.fr\/wp-content\/uploads\/2021\/07\/villa-section-mobilier.jpg\" alt=\"villa-section-furniture\" height=\"350\" width=\"562\" title=\"villa-section-furniture\" onerror=\"this.style.display='none'\" loading=\"lazy\" \/>\n\t<\/figure>\n<h2>\n\t\t\tThe furniture\t<\/h2>\n<h3>\n\t\t\tFully furnished with period furniture \t<\/h3>\n\t<p>The house benefits from its original furnishings, the flats having never been moved: bourgeois furniture from the Empire, Restoration, Charles X and Louis-Philippe periods.<\/p>\n<p>The Cuban mahogany and precious marquetry (Boule dressing table) make this collection as diverse as it is harmonious: ebony, pear, lemon, rosewood, amaranth, walnut...<\/p>\n<p>The furniture is extremely comfortable. One can feel that the priority for its occupants was the softness of life and well-being.<\/p>\n<h2>\n\t\t\tA perfectly preserved decoration\t<\/h2>\n<h3>\n\t\t\tParquet floors, chandeliers and ornaments\t<\/h3>\n\t<p>The parquet floors in each room of La Villa Palladienne are unique and represent works of art in their own right. The best cabinetmakers were called upon to carry out this work.<\/p>\n<p>Two centuries later, their current state, in perfect conservation, proves the quality of the work done.<\/p>\n<p>Made like mosaics, they replace the marble and mosaics of Italian villas. Different types of wood are mixed to achieve technical and aesthetic objectives (acoustics in the Monsignor's room). The result is a floor as beautiful as in Italy, which is pleasant to live on all year round. The noblest types of wood were favoured: oak, cherry, fir, maple, chestnut, etc.<\/p>\n<p>The chandeliers are unique pieces, Bohemian crystal and gilded bronze chandeliers, empire chandeliers in painted sheet metal and bronze, Italian chandeliers in gilded wood, which shows an eclectic and very sure taste.<\/p>\n<figure itemscope itemtype=\"https:\/\/schema.org\/ImageObject\">\n\t\t\t\t<img decoding=\"async\" src=\"https:\/\/www.chateaudesyam.fr\/wp-content\/uploads\/2021\/07\/villa-section-lustre-.jpg\" alt=\"villa-section-lustre-\" height=\"336\" width=\"540\" title=\"villa-section-lustre-\" onerror=\"this.style.display='none'\" loading=\"lazy\" \/>\n\t<\/figure>\n<figure itemscope itemtype=\"https:\/\/schema.org\/ImageObject\">\n\t\t\t\t<img decoding=\"async\" src=\"https:\/\/www.chateaudesyam.fr\/wp-content\/uploads\/2021\/07\/villa-section-parquet.jpg\" alt=\"villa-section-parquet\" height=\"336\" width=\"540\" title=\"villa-section-parquet\" onerror=\"this.style.display='none'\" loading=\"lazy\" \/>\n\t<\/figure>\n<figure itemscope itemtype=\"https:\/\/schema.org\/ImageObject\">\n\t\t\t\t<img decoding=\"async\" src=\"https:\/\/www.chateaudesyam.fr\/wp-content\/uploads\/2021\/07\/bibli-1.jpg\" alt=\"bibli-1\" height=\"360\" width=\"562\" title=\"bibli-1\" onerror=\"this.style.display='none'\" loading=\"lazy\" \/>\n\t<\/figure>\n<figure itemscope itemtype=\"https:\/\/schema.org\/ImageObject\">\n\t\t\t\t<img decoding=\"async\" src=\"https:\/\/www.chateaudesyam.fr\/wp-content\/uploads\/2021\/07\/bibli-2-2.jpg\" alt=\"bibli-2-2\" height=\"368\" width=\"368\" title=\"bibli-2-2\" onerror=\"this.style.display='none'\" loading=\"lazy\" \/>\n\t<\/figure>\n<h2>\n\t\t\tSyam's library\t<\/h2>\n\t<p>Thanks to the efforts of the current owners, Brigitte Cannard and Claude Darbon, the remarkable library of La Villa Palladienne is gradually being restored.<\/p>\n<p>At the time, on the second floor of the house, Emmanuel Jobez had a sumptuous library: 24 metres long... up to 36,000 books!<\/p>\n<p>The same books, the same authors, in the same places in the original library, such is the bold gamble of the current owners of the premises!<\/p>\n<h3>\n\t\t\tVisit the Villa Paladienne\t<\/h3>\n\t<a href=\"https:\/\/www.chateaudesyam.fr\/en\/product\/visiter-la-villa-palladienne\/\" target=\"_self\" role=\"button\" aria-label=\"Read more\">\n\t\t\t\t\t\tRead more\n\t\t\t\t\t<\/a>","protected":false},"excerpt":{"rendered":"<p>Un peu d&rsquo;Histoire La Villa Palladienne a \u00e9t\u00e9 \u00e9difi\u00e9e \u00e0 partir de 1818. Son commanditaire Emmanuel Jobez \u00e9tait le fils de Claude Jobez, Ma\u00eetre de Forges et homme politique reconnu. Les Jobez, de p\u00e8res en fils, ont consid\u00e9rablement influenc\u00e9 la vie politique, sociale et \u00e9conomique du Jura au 19\u00e8me si\u00e8cle. Ils ont \u00e9difi\u00e9 des usines, [&hellip;]<\/p>\n","protected":false},"author":1,"featured_media":7276,"parent":0,"menu_order":0,"comment_status":"closed","ping_status":"closed","template":"","meta":{"_seopress_robots_primary_cat":"","_seopress_titles_title":"Pr\u00e9sentation de La Villa Palladienne","_seopress_titles_desc":"De son histoire \u00e0 son architecture en passant par les arts d\u00e9coratifs et la biblioth\u00e8que, laissez-vous emporter par le passionnant pass\u00e9 du Ch\u00e2teau de Syam.","_seopress_robots_index":"","inline_featured_image":false,"site-sidebar-layout":"no-sidebar","site-content-layout":"page-builder","ast-site-content-layout":"full-width-container","site-content-style":"unboxed","site-sidebar-style":"unboxed","ast-global-header-display":"","ast-banner-title-visibility":"","ast-main-header-display":"","ast-hfb-above-header-display":"","ast-hfb-below-header-display":"","ast-hfb-mobile-header-display":"","site-post-title":"disabled","ast-breadcrumbs-content":"","ast-featured-img":"disabled","footer-sml-layout":"","ast-disable-related-posts":"","theme-transparent-header-meta":"default","adv-header-id-meta":"","stick-header-meta":"default","header-above-stick-meta":"","header-main-stick-meta":"","header-below-stick-meta":"","astra-migrate-meta-layouts":"set","ast-page-background-enabled":"default","ast-page-background-meta":{"desktop":{"background-color":"","background-image":"","background-repeat":"repeat","background-position":"center center","background-size":"auto","background-attachment":"scroll","background-type":"","background-media":"","overlay-type":"","overlay-color":"","overlay-opacity":"","overlay-gradient":""},"tablet":{"background-color":"","background-image":"","background-repeat":"repeat","background-position":"center center","background-size":"auto","background-attachment":"scroll","background-type":"","background-media":"","overlay-type":"","overlay-color":"","overlay-opacity":"","overlay-gradient":""},"mobile":{"background-color":"","background-image":"","background-repeat":"repeat","background-position":"center center","background-size":"auto","background-attachment":"scroll","background-type":"","background-media":"","overlay-type":"","overlay-color":"","overlay-opacity":"","overlay-gradient":""}},"ast-content-background-meta":{"desktop":{"background-color":"var(--ast-global-color-5)","background-image":"","background-repeat":"repeat","background-position":"center center","background-size":"auto","background-attachment":"scroll","background-type":"","background-media":"","overlay-type":"","overlay-color":"","overlay-opacity":"","overlay-gradient":""},"tablet":{"background-color":"var(--ast-global-color-5)","background-image":"","background-repeat":"repeat","background-position":"center center","background-size":"auto","background-attachment":"scroll","background-type":"","background-media":"","overlay-type":"","overlay-color":"","overlay-opacity":"","overlay-gradient":""},"mobile":{"background-color":"var(--ast-global-color-5)","background-image":"","background-repeat":"repeat","background-position":"center center","background-size":"auto","background-attachment":"scroll","background-type":"","background-media":"","overlay-type":"","overlay-color":"","overlay-opacity":"","overlay-gradient":""}},"footnotes":""},"class_list":["post-47","page","type-page","status-publish","has-post-thumbnail","hentry"],"_links":{"self":[{"href":"https:\/\/www.chateaudesyam.fr\/en\/wp-json\/wp\/v2\/pages\/47","targetHints":{"allow":["GET"]}}],"collection":[{"href":"https:\/\/www.chateaudesyam.fr\/en\/wp-json\/wp\/v2\/pages"}],"about":[{"href":"https:\/\/www.chateaudesyam.fr\/en\/wp-json\/wp\/v2\/types\/page"}],"author":[{"embeddable":true,"href":"https:\/\/www.chateaudesyam.fr\/en\/wp-json\/wp\/v2\/users\/1"}],"replies":[{"embeddable":true,"href":"https:\/\/www.chateaudesyam.fr\/en\/wp-json\/wp\/v2\/comments?post=47"}],"version-history":[{"count":4,"href":"https:\/\/www.chateaudesyam.fr\/en\/wp-json\/wp\/v2\/pages\/47\/revisions"}],"predecessor-version":[{"id":7293,"href":"https:\/\/www.chateaudesyam.fr\/en\/wp-json\/wp\/v2\/pages\/47\/revisions\/7293"}],"wp:featuredmedia":[{"embeddable":true,"href":"https:\/\/www.chateaudesyam.fr\/en\/wp-json\/wp\/v2\/media\/7276"}],"wp:attachment":[{"href":"https:\/\/www.chateaudesyam.fr\/en\/wp-json\/wp\/v2\/media?parent=47"}],"curies":[{"name":"wp","href":"https:\/\/api.w.org\/{rel}","templated":true}]}}