{"id":624,"date":"2021-07-21T18:59:02","date_gmt":"2021-07-21T16:59:02","guid":{"rendered":"https:\/\/syam.onpressidium.com\/?page_id=624"},"modified":"2026-03-06T16:46:03","modified_gmt":"2026-03-06T15:46:03","slug":"plaisir-doffrir","status":"publish","type":"page","link":"https:\/\/www.chateaudesyam.fr\/en\/plaisir-doffrir\/","title":{"rendered":"The pleasure of giving"},"content":{"rendered":"<div class=\"page-header\">\n    <div class=\"page-header__media\">\n        <img loading=\"lazy\" decoding=\"async\" width=\"1920\" height=\"900\" src=\"https:\/\/www.chateaudesyam.fr\/wp-content\/uploads\/2026\/03\/header-offrir.webp\" class=\"page-header__img\" alt=\"\" aria-hidden=\"true\" srcset=\"https:\/\/www.chateaudesyam.fr\/wp-content\/uploads\/2026\/03\/header-offrir.webp 1920w, https:\/\/www.chateaudesyam.fr\/wp-content\/uploads\/2026\/03\/header-offrir-480x225.webp 480w, https:\/\/www.chateaudesyam.fr\/wp-content\/uploads\/2026\/03\/header-offrir-768x360.webp 768w, https:\/\/www.chateaudesyam.fr\/wp-content\/uploads\/2026\/03\/header-offrir-1200x563.webp 1200w\" sizes=\"auto, (max-width: 1920px) 100vw, 1920px\" \/>    <\/div>\n            <div class=\"page-header__title-wrap\">\n            <div class=\"page-header__title-inner\">\n                <h1 class=\"page-header__title\">The pleasure of giving<\/h1>\n            <\/div>\n        <\/div>\n    <\/div>\n\n\t<p>Would you like to make a loved one happy?<\/p>\n<p>The Villa Palladienne offers you a selection of gifts to offer, directly online.<\/p>\n<p>You will have the choice to inform the beneficiary by email or to surprise them by offering them the gift voucher yourself.<\/p>\n\t\t\t\t\t\t<a href=\"https:\/\/www.chateaudesyam.fr\/en\/product\/visite-de-la-villa-palladienne\/\" target=\"_self\">\n\t\t\t\t\t\t\t\t\t\t\t\t<img decoding=\"async\" src=\"https:\/\/www.chateaudesyam.fr\/wp-content\/uploads\/2021\/07\/vignette_offrir.jpg\" alt=\"Offer the guided tour\" \/>\n\t\t\t\t\t\t\t\t<h2>Offer the guided tour<\/h2>\n\t\t\t\t\t\t\t\t\t<p>A villa with a unique character in the heart of the Jura! Listed as a Historic Monument, Ch\u00e2teau de Syam and its wooded grounds will enchant you during a visit lasting around 1 hour 30 minutes.<\/p>\n<p>12 \/ adult - \u20ac5 \/ child<\/p>\n<p>Discover the offer<\/p>\n\t\t\t\t\t\t\t\t\t\t<\/a>\n\t\t\t\t\t\t<a href=\"https:\/\/www.chateaudesyam.fr\/en\/product\/une-nuit-a-la-villa-palladienne\/\" target=\"_self\">\n\t\t\t\t\t\t\t\t\t\t\t\t<img decoding=\"async\" src=\"https:\/\/www.chateaudesyam.fr\/wp-content\/uploads\/2021\/07\/offrir-nuit.jpg\" alt=\"Offer a night in a Bed and Breakfast\" \/>\n\t\t\t\t\t\t\t\t<h2>Offer a night in a Bed and Breakfast<\/h2>\n\t\t\t\t\t\t\t\t\t<p>For 2 people, 2 gourmet breakfasts and 2 visits included.<\/p>\n<p>250\u20ac<\/p>\n<p>Discover the offer<\/p>\n\t\t\t\t\t\t\t\t\t\t<\/a>\n\t\t\t\t\t\t<a href=\"https:\/\/www.chateaudesyam.fr\/en\/product\/formule-prestige\/\" target=\"_self\">\n\t\t\t\t\t\t\t\t\t\t\t\t<img decoding=\"async\" src=\"https:\/\/www.chateaudesyam.fr\/wp-content\/uploads\/2021\/07\/offrir-formule.jpg\" alt=\"Offer the Prestige Formula\" \/>\n\t\t\t\t\t\t\t\t<h2>Offer the Prestige Formula<\/h2>\n\t\t\t\t\t\t\t\t\t<p>One night for a couple with two unforgettable gourmet breakfasts and romantic dinners in a nearby inn.<br \/>Visit to the castle included.<\/p>\n<p>350\u20ac<\/p>\n<p>Discover the offer<\/p>\n\t\t\t\t\t\t\t\t\t\t<\/a>\n\t<h2>Treat yourself to an unforgettable day or night at the Villa Palladienne, in the heart of the Jura!<\/h2>\n<p>The Ch\u00e2teau de Syam, also known as the Villa Palladienne, is located in Syam, near the town of Champagnole in the Ain Valley, on the edge of the Haut-Jura Natural Park, in the Burgundy Franche-Comt\u00e9 region of eastern France, a four-hour drive from Paris.<\/p>\nThis Venetian-inspired, neo-classical building from the early 19th century is remarkably well preserved and maintained and is fully furnished with period furniture.<br \/>\nAn authentic mansion from the neighbouring Forges industrial site, the villa and its vast 10-hectare wooded park have been listed as historical monuments since 1994.\nDiscover or have someone discover its rich and fascinating history: <strong>give a unique cultural gift<\/strong>A discovery of heritage that will leave an unforgettable memory!<br \/>\nWhether it is for a <strong>christmas gift<\/strong>a <strong>birthday gift<\/strong>a <strong>wedding gift<\/strong> or <strong>company<\/strong>hit the nail on the head with this <strong>unusual and memorable idea<\/strong>.\n<p>You can choose between offering a guided tour to discover the unique character of this historic monument, or <strong>give a poetic gift<\/strong> a night in a luxurious guest room at the Villa for an enchanting and authentic stay. Indeed, what could be more romantic as a gift than to<strong>offer a night in a castle<\/strong> ?<\/p>\n<p>The serenity of the premises will immediately transport you into the hushed atmosphere of the early 19th century for a journey through time that will leave a mark on the body and mind thanks to the remarkable decorations, frescoes, paintings, furniture and important collections of objects and documents of the period. Not forgetting, for the night in the guest room, the very gourmet breakfast served in the room or on the terrace, according to your preferences.<\/p>\n<p><strong>An unusual and original idea<\/strong>The Jura is an extremely romantic and beautiful initiative to discover the Jura in a different way, for romantic and unforgettable memories, the<strong>gift idea<\/strong> perfect!<\/p>","protected":false},"excerpt":{"rendered":"<p>Vous souhaitez faire plaisir \u00e0 un proche ? La Villa Palladienne vous propose une s\u00e9lection de cadeaux \u00e0 offrir, directement en ligne. Vous aurez le choix de pr\u00e9venir le b\u00e9n\u00e9ficiaire par email ou de lui r\u00e9server la surprise en lui offrant vous-m\u00eame le bon cadeau. Offrir la visite guid\u00e9e Une villa au caract\u00e8re unique au [&hellip;]<\/p>\n","protected":false},"author":1,"featured_media":7294,"parent":0,"menu_order":0,"comment_status":"closed","ping_status":"closed","template":"","meta":{"_seopress_robots_primary_cat":"","_seopress_titles_title":"Offrez une nuit inoubliable \u00e0 la Villa Palladienne, en plein c\u0153ur du Jura !","_seopress_titles_desc":"Faites d\u00e9couvrir l'histoire passionnante de la Villa Palladienne et offrez un cadeau culturel unique qui laissera un souvenir inoubliable !","_seopress_robots_index":"","inline_featured_image":false,"site-sidebar-layout":"no-sidebar","site-content-layout":"page-builder","ast-site-content-layout":"full-width-container","site-content-style":"unboxed","site-sidebar-style":"unboxed","ast-global-header-display":"","ast-banner-title-visibility":"","ast-main-header-display":"","ast-hfb-above-header-display":"","ast-hfb-below-header-display":"","ast-hfb-mobile-header-display":"","site-post-title":"disabled","ast-breadcrumbs-content":"","ast-featured-img":"disabled","footer-sml-layout":"","ast-disable-related-posts":"","theme-transparent-header-meta":"default","adv-header-id-meta":"","stick-header-meta":"default","header-above-stick-meta":"","header-main-stick-meta":"","header-below-stick-meta":"","astra-migrate-meta-layouts":"set","ast-page-background-enabled":"default","ast-page-background-meta":{"desktop":{"background-color":"","background-image":"","background-repeat":"repeat","background-position":"center center","background-size":"auto","background-attachment":"scroll","background-type":"","background-media":"","overlay-type":"","overlay-color":"","overlay-opacity":"","overlay-gradient":""},"tablet":{"background-color":"","background-image":"","background-repeat":"repeat","background-position":"center center","background-size":"auto","background-attachment":"scroll","background-type":"","background-media":"","overlay-type":"","overlay-color":"","overlay-opacity":"","overlay-gradient":""},"mobile":{"background-color":"","background-image":"","background-repeat":"repeat","background-position":"center center","background-size":"auto","background-attachment":"scroll","background-type":"","background-media":"","overlay-type":"","overlay-color":"","overlay-opacity":"","overlay-gradient":""}},"ast-content-background-meta":{"desktop":{"background-color":"var(--ast-global-color-5)","background-image":"","background-repeat":"repeat","background-position":"center center","background-size":"auto","background-attachment":"scroll","background-type":"","background-media":"","overlay-type":"","overlay-color":"","overlay-opacity":"","overlay-gradient":""},"tablet":{"background-color":"var(--ast-global-color-5)","background-image":"","background-repeat":"repeat","background-position":"center center","background-size":"auto","background-attachment":"scroll","background-type":"","background-media":"","overlay-type":"","overlay-color":"","overlay-opacity":"","overlay-gradient":""},"mobile":{"background-color":"var(--ast-global-color-5)","background-image":"","background-repeat":"repeat","background-position":"center center","background-size":"auto","background-attachment":"scroll","background-type":"","background-media":"","overlay-type":"","overlay-color":"","overlay-opacity":"","overlay-gradient":""}},"footnotes":""},"class_list":["post-624","page","type-page","status-publish","has-post-thumbnail","hentry"],"_links":{"self":[{"href":"https:\/\/www.chateaudesyam.fr\/en\/wp-json\/wp\/v2\/pages\/624","targetHints":{"allow":["GET"]}}],"collection":[{"href":"https:\/\/www.chateaudesyam.fr\/en\/wp-json\/wp\/v2\/pages"}],"about":[{"href":"https:\/\/www.chateaudesyam.fr\/en\/wp-json\/wp\/v2\/types\/page"}],"author":[{"embeddable":true,"href":"https:\/\/www.chateaudesyam.fr\/en\/wp-json\/wp\/v2\/users\/1"}],"replies":[{"embeddable":true,"href":"https:\/\/www.chateaudesyam.fr\/en\/wp-json\/wp\/v2\/comments?post=624"}],"version-history":[{"count":2,"href":"https:\/\/www.chateaudesyam.fr\/en\/wp-json\/wp\/v2\/pages\/624\/revisions"}],"predecessor-version":[{"id":7295,"href":"https:\/\/www.chateaudesyam.fr\/en\/wp-json\/wp\/v2\/pages\/624\/revisions\/7295"}],"wp:featuredmedia":[{"embeddable":true,"href":"https:\/\/www.chateaudesyam.fr\/en\/wp-json\/wp\/v2\/media\/7294"}],"wp:attachment":[{"href":"https:\/\/www.chateaudesyam.fr\/en\/wp-json\/wp\/v2\/media?parent=624"}],"curies":[{"name":"wp","href":"https:\/\/api.w.org\/{rel}","templated":true}]}}