{"id":734,"date":"2021-07-30T10:20:07","date_gmt":"2021-07-30T08:20:07","guid":{"rendered":"https:\/\/syam.onpressidium.com\/?page_id=734"},"modified":"2026-03-09T09:28:53","modified_gmt":"2026-03-09T08:28:53","slug":"syam-depuis-geneve","status":"publish","type":"page","link":"https:\/\/www.chateaudesyam.fr\/en\/syam-depuis-geneve\/","title":{"rendered":"Syam: a charming village accessible from Geneva"},"content":{"rendered":"<div class=\"page-header\">\n    <div class=\"page-header__media\">\n        <img loading=\"lazy\" decoding=\"async\" width=\"1920\" height=\"1000\" src=\"https:\/\/www.chateaudesyam.fr\/wp-content\/uploads\/2021\/07\/bg_suisse.jpg\" class=\"page-header__img\" alt=\"\" aria-hidden=\"true\" srcset=\"https:\/\/www.chateaudesyam.fr\/wp-content\/uploads\/2021\/07\/bg_suisse.jpg 1920w, https:\/\/www.chateaudesyam.fr\/wp-content\/uploads\/2021\/07\/bg_suisse-480x250.jpg 480w, https:\/\/www.chateaudesyam.fr\/wp-content\/uploads\/2021\/07\/bg_suisse-768x400.jpg 768w, https:\/\/www.chateaudesyam.fr\/wp-content\/uploads\/2021\/07\/bg_suisse-1200x625.jpg 1200w\" sizes=\"auto, (max-width: 1920px) 100vw, 1920px\" \/>    <\/div>\n            <div class=\"page-header__title-wrap\">\n            <div class=\"page-header__title-inner\">\n                <h1 class=\"page-header__title\">Syam: a charming village accessible from Geneva<\/h1>\n            <\/div>\n        <\/div>\n    <\/div>\n\n\tIn the heart of the <strong>Jura<\/strong>A few kilometres south of the town of Champagnole, <strong>Syam<\/strong> welcomes you in a green landscape.<br \/>\nA true haven of peace, this small village is not <strong>only 1.5 hours from Geneva<\/strong>following a superb route through the beautiful mountains of the <strong>Jura<\/strong>.<br \/>\nRich in historical heritage, notably linked to its <strong>forges<\/strong>the village of <strong>Syam<\/strong> has three rivers: the Ain, the Lemme and the Saine.<br \/>\nFor the record, according to the archaeologist Andr\u00e9 Berthier, the famous battle of Alesia, symbolising the defeat of Vercingetorix, took place not far from here.\n\t<a href=\"https:\/\/www.chateaudesyam.fr\/en\/la-villa\/\" target=\"_self\" role=\"button\" aria-label=\"Discover the villa\">\n\t\t\t\t\t\tDiscover the villa\n\t\t\t\t\t<\/a>\n<figure itemscope itemtype=\"https:\/\/schema.org\/ImageObject\">\n\t\t\t\t<img decoding=\"async\" src=\"https:\/\/www.chateaudesyam.fr\/wp-content\/uploads\/2021\/07\/syam03.jpg\" alt=\"syam03\" height=\"400\" width=\"600\" title=\"syam03\" onerror=\"this.style.display='none'\" loading=\"lazy\" \/>\n\t<\/figure>\n<figure itemscope itemtype=\"https:\/\/schema.org\/ImageObject\">\n\t\t\t\t<img decoding=\"async\" src=\"https:\/\/www.chateaudesyam.fr\/wp-content\/uploads\/2021\/07\/syam01.jpg\" alt=\"syam01\" height=\"400\" width=\"600\" title=\"syam01\" onerror=\"this.style.display='none'\" loading=\"lazy\" \/>\n\t<\/figure>\n\t<h2>A natural and cultural environment to discover near Switzerland<\/h2>\nThanks to its proximity to the <strong>Switzerland<\/strong>the village of <strong>Syam<\/strong> is ideally located in an environment rich in emblematic places to discover. On the one hand, the region is particularly attractive to lovers of magnificent natural areas.<br \/>\nA not-to-be-missed site on the Plateau des 7 lacs, the Cascades du H\u00e9risson roll their ribbon of water, sometimes calm, sometimes bubbling, along a wooded path. To the north-east, the Pertes de l'Ain offer a most pleasant walking trail, in total harmony with nature. Not far from Syam, the village of Baume-les-Messieurs attracts visitors from all walks of life with its caves, cave and Benedictine abbey.\n\tThe region also boasts a large number of lakes, such as Chalain, Vouglans and Clairvaux-les-Lacs, nestling in sumptuous settings of azure blue and emerald green.<br \/>\nOn the other hand, there are a number of small towns in the vicinity of <strong>Syam<\/strong>. Venus of <strong>France<\/strong> as well as <strong>Switzerland<\/strong>In addition to the above, you will undoubtedly appreciate the village of Ch\u00e2teau-Chalon and its remarkable viewpoint, the town of Arbois, a town dear to Louis Pasteur, Salins-les-Bains with its saltworks classified as a Unesco World Heritage Site and its two forts, Lons-le-Saunier, the prefecture of the department, with its pretty rue du Commerce with its stone arcades, and the dynamic town of Dole, to the west of the department. <strong>Jura<\/strong>. Another typical place of our beautiful region: the <strong>Royal Saltworks of Arc-et-Senans<\/strong>in the department of <strong>Doubs<\/strong>and its semi-circular architecture.\n<figure itemscope itemtype=\"https:\/\/schema.org\/ImageObject\">\n\t\t\t\t<img decoding=\"async\" src=\"https:\/\/www.chateaudesyam.fr\/wp-content\/uploads\/2021\/07\/jura01.jpg\" alt=\"jura01\" height=\"400\" width=\"600\" title=\"jura01\" onerror=\"this.style.display='none'\" loading=\"lazy\" \/>\n\t<\/figure>\n<figure itemscope itemtype=\"https:\/\/schema.org\/ImageObject\">\n\t\t\t\t<img decoding=\"async\" src=\"https:\/\/www.chateaudesyam.fr\/wp-content\/uploads\/2021\/07\/jura02.jpg\" alt=\"jura02\" height=\"400\" width=\"600\" title=\"jura02\" onerror=\"this.style.display='none'\" loading=\"lazy\" \/>\n\t<\/figure>\n\t<h2>Delicious local products<\/h2>\n<p>There is another treasure that is the pride of the <strong>Jura<\/strong> : its vineyards. Between Lake Geneva and the Bresse plain, the Jura hillsides are covered with vines from which delicious grape varieties are born, to be tasted with pleasure and moderation. The wine routes criss-cross the green landscapes to meet the winegrowers who will help you discover Poulsard, Vin Jaune, Vin de Paille, Trousseau and Savagnin. The Jura region offers a large number of excellent products such as the famous Comt\u00e9 cheese, particularly associated with the Fort des Rousses, <strong>close to the Swiss border<\/strong>.<\/p>\n\t<h2>The Villa Palladienne in Syam: an exceptional site for your stay in the Jura<\/h2>\n<p>If the Jura is full of towns, villages and natural sites to discover, it is also home to an exceptional place with an atypical elegance. <strong>La Villa Palladienne<\/strong>or <strong>Ch\u00e2teau de Syam<\/strong>This is a guaranteed change of scenery, easily accessible from the <strong>Switzerland<\/strong>and in particular since <strong>Geneva<\/strong> and <strong>Nyon<\/strong>. The history of this amazing and splendid villa is closely linked to the forges of <strong>Syam<\/strong>which made the fortune of the Jobez family. The visit will take you straight to Renaissance Italy. Frescoes, wallpapers, furniture, parquet floors, chandeliers: in the <strong>Palladian Villa<\/strong>Everything, down to the smallest detail, attracts the eye and arouses admiration. To take it a step further, we suggest you spend the night in this building of a thousand wonders. How could you imagine a more romantic stay just a stone's throw from the <strong>Switzerland<\/strong> ? On the occasion of a <strong>birthday<\/strong> or simply to organise a <strong>unforgettable surprise<\/strong>Let yourself be tempted by the comfort and originality of the <strong>Palladian Villa<\/strong> !<\/p>\n\t<a href=\"https:\/\/www.chateaudesyam.fr\/en\/la-villa\/\" target=\"_self\" role=\"button\" aria-label=\"Discover the villa\">\n\t\t\t\t\t\tDiscover the villa\n\t\t\t\t\t<\/a>\n<figure itemscope itemtype=\"https:\/\/schema.org\/ImageObject\">\n\t\t\t\t<img decoding=\"async\" src=\"https:\/\/www.chateaudesyam.fr\/wp-content\/uploads\/2021\/07\/syam04.jpg\" alt=\"syam04\" height=\"400\" width=\"600\" title=\"syam04\" onerror=\"this.style.display='none'\" loading=\"lazy\" \/>\n\t<\/figure>\n<h3>\n\t\t\tVisit the Villa Paladienne\t<\/h3>\n\t<a href=\"https:\/\/www.chateaudesyam.fr\/en\/product\/visiter-la-villa-palladienne\/\" target=\"_self\" role=\"button\" aria-label=\"Read more\">\n\t\t\t\t\t\tRead more\n\t\t\t\t\t<\/a>","protected":false},"excerpt":{"rendered":"<p>Au c\u0153ur du Jura, \u00e0 quelques kilom\u00e8tres au sud de la ville de Champagnole, Syam vous accueille dans un paysage verdoyant. V\u00e9ritable havre de paix, ce petit village ne se trouve qu&rsquo;\u00e0 1 h 30 de Gen\u00e8ve, en suivant un superbe itin\u00e9raire dans les magnifiques monts du Jura. Riche d&rsquo;un patrimoine historique notamment li\u00e9 \u00e0 [&hellip;]<\/p>\n","protected":false},"author":1,"featured_media":736,"parent":0,"menu_order":0,"comment_status":"closed","ping_status":"closed","template":"","meta":{"_seopress_robots_primary_cat":"","_seopress_titles_title":"Syam : un village au charme fou accessible depuis Gen\u00e8ve","_seopress_titles_desc":"La Villa Palladienne vous assure un d\u00e9paysement garanti au c\u0153ur du Jura, facilement accessible depuis la Suisse, notamment Gen\u00e8ve.","_seopress_robots_index":"","inline_featured_image":false,"site-sidebar-layout":"no-sidebar","site-content-layout":"page-builder","ast-site-content-layout":"full-width-container","site-content-style":"unboxed","site-sidebar-style":"unboxed","ast-global-header-display":"","ast-banner-title-visibility":"","ast-main-header-display":"","ast-hfb-above-header-display":"","ast-hfb-below-header-display":"","ast-hfb-mobile-header-display":"","site-post-title":"disabled","ast-breadcrumbs-content":"","ast-featured-img":"disabled","footer-sml-layout":"","ast-disable-related-posts":"","theme-transparent-header-meta":"default","adv-header-id-meta":"","stick-header-meta":"default","header-above-stick-meta":"","header-main-stick-meta":"","header-below-stick-meta":"","astra-migrate-meta-layouts":"set","ast-page-background-enabled":"default","ast-page-background-meta":{"desktop":{"background-color":"","background-image":"","background-repeat":"repeat","background-position":"center center","background-size":"auto","background-attachment":"scroll","background-type":"","background-media":"","overlay-type":"","overlay-color":"","overlay-opacity":"","overlay-gradient":""},"tablet":{"background-color":"","background-image":"","background-repeat":"repeat","background-position":"center center","background-size":"auto","background-attachment":"scroll","background-type":"","background-media":"","overlay-type":"","overlay-color":"","overlay-opacity":"","overlay-gradient":""},"mobile":{"background-color":"","background-image":"","background-repeat":"repeat","background-position":"center center","background-size":"auto","background-attachment":"scroll","background-type":"","background-media":"","overlay-type":"","overlay-color":"","overlay-opacity":"","overlay-gradient":""}},"ast-content-background-meta":{"desktop":{"background-color":"var(--ast-global-color-5)","background-image":"","background-repeat":"repeat","background-position":"center center","background-size":"auto","background-attachment":"scroll","background-type":"","background-media":"","overlay-type":"","overlay-color":"","overlay-opacity":"","overlay-gradient":""},"tablet":{"background-color":"var(--ast-global-color-5)","background-image":"","background-repeat":"repeat","background-position":"center center","background-size":"auto","background-attachment":"scroll","background-type":"","background-media":"","overlay-type":"","overlay-color":"","overlay-opacity":"","overlay-gradient":""},"mobile":{"background-color":"var(--ast-global-color-5)","background-image":"","background-repeat":"repeat","background-position":"center center","background-size":"auto","background-attachment":"scroll","background-type":"","background-media":"","overlay-type":"","overlay-color":"","overlay-opacity":"","overlay-gradient":""}},"footnotes":""},"class_list":["post-734","page","type-page","status-publish","has-post-thumbnail","hentry"],"_links":{"self":[{"href":"https:\/\/www.chateaudesyam.fr\/en\/wp-json\/wp\/v2\/pages\/734","targetHints":{"allow":["GET"]}}],"collection":[{"href":"https:\/\/www.chateaudesyam.fr\/en\/wp-json\/wp\/v2\/pages"}],"about":[{"href":"https:\/\/www.chateaudesyam.fr\/en\/wp-json\/wp\/v2\/types\/page"}],"author":[{"embeddable":true,"href":"https:\/\/www.chateaudesyam.fr\/en\/wp-json\/wp\/v2\/users\/1"}],"replies":[{"embeddable":true,"href":"https:\/\/www.chateaudesyam.fr\/en\/wp-json\/wp\/v2\/comments?post=734"}],"version-history":[{"count":2,"href":"https:\/\/www.chateaudesyam.fr\/en\/wp-json\/wp\/v2\/pages\/734\/revisions"}],"predecessor-version":[{"id":7314,"href":"https:\/\/www.chateaudesyam.fr\/en\/wp-json\/wp\/v2\/pages\/734\/revisions\/7314"}],"wp:featuredmedia":[{"embeddable":true,"href":"https:\/\/www.chateaudesyam.fr\/en\/wp-json\/wp\/v2\/media\/736"}],"wp:attachment":[{"href":"https:\/\/www.chateaudesyam.fr\/en\/wp-json\/wp\/v2\/media?parent=734"}],"curies":[{"name":"wp","href":"https:\/\/api.w.org\/{rel}","templated":true}]}}