{"id":780,"date":"2021-08-02T19:45:10","date_gmt":"2021-08-02T17:45:10","guid":{"rendered":"https:\/\/syam.onpressidium.com\/?page_id=780"},"modified":"2021-08-03T14:29:01","modified_gmt":"2021-08-03T12:29:01","slug":"conditions-generales-de-vente","status":"publish","type":"page","link":"https:\/\/www.chateaudesyam.fr\/en\/conditions-generales-de-vente\/","title":{"rendered":"General terms and conditions of sale"},"content":{"rendered":"<h1>\n\t\tGeneral Terms and Conditions of Sale\n\t<\/h1>\n\t<h2>Arrival \/ Departure<\/h2>\nRooms are available from 6pm.<br \/>\nRooms are vacated by noon at the latest.\n<h2>Reservation policy<\/h2>\n<p>The reservation will be effective upon receipt of payment.<\/p>\n\n<ul>\n<li>By credit card through the website.<\/li>\n<li>For all other means of payment, (bank transfer, bank cheques or cash), <a href=\"https:\/\/www.chateaudesyam.fr\/en\/contact\/\">contact us<\/a>.<\/li>\n<\/ul>\n<h2>Cancellation policy<\/h2>\n<ul>\n<li>If you cancel more than 7 days before your reservation, 100% of your reservation will be returned to you.<\/li>\n<li>If you cancel within 7 days of booking, 50% of your booking will be returned to you.<\/li>\n<li>If you cancel 48 hours before arrival, 0% of the reservation will be returned to you.<\/li>\n<\/ul>\n<h2>Health crisis - BOOK WITH CONFIDENCE<\/h2>\n<p>For all reasons related to COVID 19 (confinement, illness, travel restrictions, etc...) your reservation will be, at your choice :<\/p>\n<ul>\n<li>\u00a0cancelled and we will refund you<\/li>\n<li>postponed to a date of your choice<\/li>\n<\/ul>\n<p>&nbsp;<\/p>","protected":false},"excerpt":{"rendered":"<p>Conditions G\u00e9n\u00e9rales de Vente Arriv\u00e9e \/ D\u00e9part Les chambres sont disponibles \u00e0 partir de 18 heures. Les chambres sont lib\u00e9r\u00e9es au plus tard \u00e0 midi. Politique de r\u00e9servation La r\u00e9servation sera effective d\u00e8s r\u00e9ception du paiement. Par carte bancaire\u00a0par l&rsquo;interm\u00e9diaire du site. Pour tout autres moyens de paiement, (virement, ch\u00e8ques bancaires ou esp\u00e8ces), nous contacter. [&hellip;]<\/p>\n","protected":false},"author":1,"featured_media":0,"parent":0,"menu_order":0,"comment_status":"closed","ping_status":"closed","template":"","meta":{"_seopress_robots_primary_cat":"","_seopress_titles_title":"","_seopress_titles_desc":"","_seopress_robots_index":"yes","inline_featured_image":false,"site-sidebar-layout":"no-sidebar","site-content-layout":"page-builder","ast-site-content-layout":"default","site-content-style":"default","site-sidebar-style":"default","ast-global-header-display":"","ast-banner-title-visibility":"","ast-main-header-display":"","ast-hfb-above-header-display":"","ast-hfb-below-header-display":"","ast-hfb-mobile-header-display":"","site-post-title":"disabled","ast-breadcrumbs-content":"","ast-featured-img":"disabled","footer-sml-layout":"","ast-disable-related-posts":"","theme-transparent-header-meta":"default","adv-header-id-meta":"","stick-header-meta":"default","header-above-stick-meta":"","header-main-stick-meta":"","header-below-stick-meta":"","astra-migrate-meta-layouts":"default","ast-page-background-enabled":"default","ast-page-background-meta":{"desktop":{"background-color":"","background-image":"","background-repeat":"repeat","background-position":"center center","background-size":"auto","background-attachment":"scroll","background-type":"","background-media":"","overlay-type":"","overlay-color":"","overlay-opacity":"","overlay-gradient":""},"tablet":{"background-color":"","background-image":"","background-repeat":"repeat","background-position":"center center","background-size":"auto","background-attachment":"scroll","background-type":"","background-media":"","overlay-type":"","overlay-color":"","overlay-opacity":"","overlay-gradient":""},"mobile":{"background-color":"","background-image":"","background-repeat":"repeat","background-position":"center center","background-size":"auto","background-attachment":"scroll","background-type":"","background-media":"","overlay-type":"","overlay-color":"","overlay-opacity":"","overlay-gradient":""}},"ast-content-background-meta":{"desktop":{"background-color":"var(--ast-global-color-5)","background-image":"","background-repeat":"repeat","background-position":"center center","background-size":"auto","background-attachment":"scroll","background-type":"","background-media":"","overlay-type":"","overlay-color":"","overlay-opacity":"","overlay-gradient":""},"tablet":{"background-color":"var(--ast-global-color-5)","background-image":"","background-repeat":"repeat","background-position":"center center","background-size":"auto","background-attachment":"scroll","background-type":"","background-media":"","overlay-type":"","overlay-color":"","overlay-opacity":"","overlay-gradient":""},"mobile":{"background-color":"var(--ast-global-color-5)","background-image":"","background-repeat":"repeat","background-position":"center center","background-size":"auto","background-attachment":"scroll","background-type":"","background-media":"","overlay-type":"","overlay-color":"","overlay-opacity":"","overlay-gradient":""}},"footnotes":""},"class_list":["post-780","page","type-page","status-publish","hentry"],"_links":{"self":[{"href":"https:\/\/www.chateaudesyam.fr\/en\/wp-json\/wp\/v2\/pages\/780","targetHints":{"allow":["GET"]}}],"collection":[{"href":"https:\/\/www.chateaudesyam.fr\/en\/wp-json\/wp\/v2\/pages"}],"about":[{"href":"https:\/\/www.chateaudesyam.fr\/en\/wp-json\/wp\/v2\/types\/page"}],"author":[{"embeddable":true,"href":"https:\/\/www.chateaudesyam.fr\/en\/wp-json\/wp\/v2\/users\/1"}],"replies":[{"embeddable":true,"href":"https:\/\/www.chateaudesyam.fr\/en\/wp-json\/wp\/v2\/comments?post=780"}],"version-history":[{"count":0,"href":"https:\/\/www.chateaudesyam.fr\/en\/wp-json\/wp\/v2\/pages\/780\/revisions"}],"wp:attachment":[{"href":"https:\/\/www.chateaudesyam.fr\/en\/wp-json\/wp\/v2\/media?parent=780"}],"curies":[{"name":"wp","href":"https:\/\/api.w.org\/{rel}","templated":true}]}}