{"id":1318,"date":"2021-09-09T17:07:47","date_gmt":"2021-09-09T15:07:47","guid":{"rendered":"https:\/\/syam.onpressidium.com\/?page_id=1318"},"modified":"2026-03-09T09:28:39","modified_gmt":"2026-03-09T08:28:39","slug":"syam-un-village-au-charme-fou-en-bourgogne-franche-comte","status":"publish","type":"page","link":"https:\/\/www.chateaudesyam.fr\/nl\/syam-un-village-au-charme-fou-en-bourgogne-franche-comte\/","title":{"rendered":"Syam: een charmant dorp in Bourgogne-Franche-Comt\u00e9"},"content":{"rendered":"<div class=\"page-header\">\n    <div class=\"page-header__media\">\n        <img loading=\"lazy\" decoding=\"async\" width=\"1920\" height=\"1000\" src=\"https:\/\/www.chateaudesyam.fr\/wp-content\/uploads\/2021\/07\/bg_suisse.jpg\" class=\"page-header__img\" alt=\"\" aria-hidden=\"true\" srcset=\"https:\/\/www.chateaudesyam.fr\/wp-content\/uploads\/2021\/07\/bg_suisse.jpg 1920w, https:\/\/www.chateaudesyam.fr\/wp-content\/uploads\/2021\/07\/bg_suisse-480x250.jpg 480w, https:\/\/www.chateaudesyam.fr\/wp-content\/uploads\/2021\/07\/bg_suisse-768x400.jpg 768w, https:\/\/www.chateaudesyam.fr\/wp-content\/uploads\/2021\/07\/bg_suisse-1200x625.jpg 1200w\" sizes=\"auto, (max-width: 1920px) 100vw, 1920px\" \/>    <\/div>\n            <div class=\"page-header__title-wrap\">\n            <div class=\"page-header__title-inner\">\n                <h1 class=\"page-header__title\">Syam: een charmant dorp in de Jura<\/h1>\n            <\/div>\n        <\/div>\n    <\/div>\n\n\t<p>De regio van <strong>Bourgogne-Franche-Comt\u00e9<\/strong> Er zijn vele wonderen, natuurgebieden, bezienswaardigheden, historisch en cultureel erfgoed te bezoeken.<\/p>\n<p>Van <strong>Lons-le-Saunier<\/strong> \u00e0 <strong>Montb\u00e9liard<\/strong>van <strong>Dijon<\/strong> \u00e0 <strong>Besan\u00e7on<\/strong>De road trip neemt bezoekers mee naar de <strong>Jura<\/strong>. Of u hier nu woont of verblijft om de streek te ontdekken, hier is een goede tip: maak van de gelegenheid gebruik om door het charmante dorpje <strong>Syam<\/strong> ! <a href=\"https:\/\/www.chateaudesyam.fr\/nl\/visiter-la-villa\/\">Het bezoek van <strong>La Villa Palladienne<\/strong><\/a>ook bekend als <strong>Ch\u00e2teau de Syam<\/strong>Het is zeker een bezoekje waard.<\/p>\n\t<a href=\"https:\/\/www.chateaudesyam.fr\/nl\/la-villa\/\" target=\"_self\" role=\"button\" aria-label=\"Ontdek de villa\">\n\t\t\t\t\t\tOntdek de villa\n\t\t\t\t\t<\/a>\n<figure itemscope itemtype=\"https:\/\/schema.org\/ImageObject\">\n\t\t\t\t<img decoding=\"async\" src=\"https:\/\/www.chateaudesyam.fr\/wp-content\/uploads\/2021\/07\/syam03.jpg\" alt=\"syam03\" height=\"400\" width=\"600\" title=\"syam03\" onerror=\"this.style.display='none'\" loading=\"lazy\" \/>\n\t<\/figure>\n<figure itemscope itemtype=\"https:\/\/schema.org\/ImageObject\">\n\t\t\t\t<img decoding=\"async\" src=\"https:\/\/www.chateaudesyam.fr\/wp-content\/uploads\/2021\/09\/salines-royales.jpg\" alt=\"zoutziederij-royal\" height=\"400\" width=\"600\" title=\"zoutziederij-royal\" onerror=\"this.style.display='none'\" loading=\"lazy\" \/>\n\t<\/figure>\n\t<strong>Historisch monument<\/strong>Deze 19e eeuwse villa dompelt de bezoeker onder in de verfrissende en betoverende sfeer van de Venetiaanse Renaissance paleizen. Gebouwd in de onvergelijkbare stijl van de meester Andrea Palladio, draagt het de naam van de man die niets minder was dan de hoofdarchitect van de Serenissima Republiek van Veneti\u00eb.<br \/>\n<strong>La Villa Palladienne<\/strong> is een opmerkelijke plaats met<a href=\"https:\/\/www.chateaudesyam.fr\/nl\/la-villa\/\">een totaal ongewone architectuur<\/a> in <strong>Bourgogne-Franche-Comt\u00e9<\/strong>. Het is dus een toeristische trekpleister die u niet mag missen als u de streek bezoekt, een kuur neemt in <strong>Salins-les-Bains<\/strong>ontdek <strong>Dole<\/strong>op <strong>Doubs<\/strong> of de <strong>Jura<\/strong>.\n\t<p>Van moza\u00efek parketvloeren met meerdere houtsoorten tot kroonluchters, allemaal unieke stukken, <a href=\"https:\/\/www.chateaudesyam.fr\/nl\/visiter-la-villa\/\">de rondleiding<\/a> onthult duizend en \u00e9\u00e9n geheimen van constructie en versiering. Een voorbeeld? Alle ribben die in het gebouw gebruikt worden zijn veelvouden van 8!<\/p>\n<p>Van de ene zaal naar de andere voert de unieke collectie behangsels en panorama's de bezoeker mee van de Griekse en Romeinse oudheid naar het Franse Tweede Keizerrijk via de Romantiek.<\/p>\n<p>Wat de inrichting betreft, kunt u originele meubels bewonderen, die verschillende tijdperken weerspiegelen, van de empirestijl tot de Louis-Philippe-meubels.<\/p>\n\t<a href=\"https:\/\/www.chateaudesyam.fr\/nl\/visiter-la-villa\/\" target=\"_self\" role=\"button\" aria-label=\"Bezoek de villa\">\n\t\t\t\t\t\tBezoek de villa\n\t\t\t\t\t<\/a>\n<figure itemscope itemtype=\"https:\/\/schema.org\/ImageObject\">\n\t\t\t\t<img decoding=\"async\" src=\"https:\/\/www.chateaudesyam.fr\/wp-content\/uploads\/2021\/07\/home_carousel_1.jpg\" alt=\"home_carousel_1\" height=\"483\" width=\"582\" title=\"home_carousel_1\" onerror=\"this.style.display='none'\" loading=\"lazy\" \/>\n\t<\/figure>\n<figure itemscope itemtype=\"https:\/\/schema.org\/ImageObject\">\n\t\t\t\t<img decoding=\"async\" src=\"https:\/\/www.chateaudesyam.fr\/wp-content\/uploads\/2021\/09\/cascade-billaude.jpg\" alt=\"cascade-billaude\" height=\"400\" width=\"600\" title=\"cascade-billaude\" onerror=\"this.style.display='none'\" loading=\"lazy\" \/>\n\t<\/figure>\n\t<p>Als je dat doet <strong>de Bourgogne wijnroute<\/strong>Als u <strong>Lyon<\/strong>, <strong>Pontarlier<\/strong>of de <strong>Regionaal park Haut-Jura<\/strong>Maak van de gelegenheid gebruik om weg te gaan naar <strong>Syam<\/strong> om te bewonderen <strong>La Villa Palladienne<\/strong>.<\/p>\n<p>Het is zelfs mogelijk een tussenstop te maken bij deze belangrijke toeristische attractie en regionaal erfgoed. Inderdaad, er zijn <a href=\"https:\/\/www.chateaudesyam.fr\/nl\/chambres-dhotes-gites\/\">bed and breakfast<\/a> met gastronomisch ontbijt verwelkomen bezoekers en zorgen voor een comfortabele rust in een villa zo origineel als het is sereen.<\/p>\n<p>Bovendien zijn de voormalige stallen van de <strong>Kasteel Syam<\/strong> worden nu gerehabiliteerd tot <a href=\"https:\/\/www.chateaudesyam.fr\/nl\/chambres-dhotes-gites\/\">huisjes<\/a>. Ze zijn ge\u00efnspireerd door Claude Nicolas Ledoux, net als de <strong>Koninklijke zoutziederij van Arc-et-Senans<\/strong>De voormalige zoutfabriek, die op de werelderfgoedlijst van UNESCO staat, ligt op slechts 50 km afstand.<\/p>\n<p>In de omgeving, de <strong>Gorges de la Langouette<\/strong>de <strong>De waterval van La Billaude<\/strong>s, de <strong>verliezen in de Ain<\/strong> maak uw verblijf compleet met uitstapjes in de natuur op plaatsen van wilde schoonheid.<\/p>\n<h3>\n\t\t\tBezoek de Villa Paladienne\t<\/h3>\n\t<a href=\"https:\/\/www.chateaudesyam.fr\/nl\/product\/visiter-la-villa-palladienne\/\" target=\"_self\" role=\"button\" aria-label=\"Lees meer\">\n\t\t\t\t\t\tLees meer\n\t\t\t\t\t<\/a>","protected":false},"excerpt":{"rendered":"<p>La r\u00e9gion de Bourgogne-Franche-Comt\u00e9 rec\u00e8le de nombreuses merveilles, sites naturels, curiosit\u00e9s, patrimoines historiques et culturels \u00e0 visiter. De Lons-le-Saunier \u00e0 Montb\u00e9liard, de Dijon \u00e0 Besan\u00e7on, sillonner les routes emm\u00e8ne les visiteurs du c\u00f4t\u00e9 du Jura. Que l&rsquo;on y habite, que l&rsquo;on y s\u00e9journe pour d\u00e9couvrir la r\u00e9gion, voici un bon conseil : profitez-en pour passer [&hellip;]<\/p>\n","protected":false},"author":1,"featured_media":736,"parent":0,"menu_order":0,"comment_status":"closed","ping_status":"closed","template":"","meta":{"_seopress_robots_primary_cat":"","_seopress_titles_title":"Syam : un village au charme fou en Bourgogne-Franche-Comt\u00e9","_seopress_titles_desc":"D\u00e9couvrez Syam, un village pittoresque en Bourgogne-Franche-Comt\u00e9, o\u00f9 le charme authentique se m\u00eale \u00e0 une riche histoire. Id\u00e9al pour une escapade paisible au c\u0153ur de la nature.","_seopress_robots_index":"","inline_featured_image":false,"site-sidebar-layout":"no-sidebar","site-content-layout":"page-builder","ast-site-content-layout":"full-width-container","site-content-style":"unboxed","site-sidebar-style":"unboxed","ast-global-header-display":"","ast-banner-title-visibility":"","ast-main-header-display":"","ast-hfb-above-header-display":"","ast-hfb-below-header-display":"","ast-hfb-mobile-header-display":"","site-post-title":"disabled","ast-breadcrumbs-content":"","ast-featured-img":"disabled","footer-sml-layout":"","ast-disable-related-posts":"","theme-transparent-header-meta":"default","adv-header-id-meta":"","stick-header-meta":"default","header-above-stick-meta":"","header-main-stick-meta":"","header-below-stick-meta":"","astra-migrate-meta-layouts":"set","ast-page-background-enabled":"default","ast-page-background-meta":{"desktop":{"background-color":"","background-image":"","background-repeat":"repeat","background-position":"center center","background-size":"auto","background-attachment":"scroll","background-type":"","background-media":"","overlay-type":"","overlay-color":"","overlay-opacity":"","overlay-gradient":""},"tablet":{"background-color":"","background-image":"","background-repeat":"repeat","background-position":"center center","background-size":"auto","background-attachment":"scroll","background-type":"","background-media":"","overlay-type":"","overlay-color":"","overlay-opacity":"","overlay-gradient":""},"mobile":{"background-color":"","background-image":"","background-repeat":"repeat","background-position":"center center","background-size":"auto","background-attachment":"scroll","background-type":"","background-media":"","overlay-type":"","overlay-color":"","overlay-opacity":"","overlay-gradient":""}},"ast-content-background-meta":{"desktop":{"background-color":"var(--ast-global-color-5)","background-image":"","background-repeat":"repeat","background-position":"center center","background-size":"auto","background-attachment":"scroll","background-type":"","background-media":"","overlay-type":"","overlay-color":"","overlay-opacity":"","overlay-gradient":""},"tablet":{"background-color":"var(--ast-global-color-5)","background-image":"","background-repeat":"repeat","background-position":"center center","background-size":"auto","background-attachment":"scroll","background-type":"","background-media":"","overlay-type":"","overlay-color":"","overlay-opacity":"","overlay-gradient":""},"mobile":{"background-color":"var(--ast-global-color-5)","background-image":"","background-repeat":"repeat","background-position":"center center","background-size":"auto","background-attachment":"scroll","background-type":"","background-media":"","overlay-type":"","overlay-color":"","overlay-opacity":"","overlay-gradient":""}},"footnotes":""},"class_list":["post-1318","page","type-page","status-publish","has-post-thumbnail","hentry"],"_links":{"self":[{"href":"https:\/\/www.chateaudesyam.fr\/nl\/wp-json\/wp\/v2\/pages\/1318","targetHints":{"allow":["GET"]}}],"collection":[{"href":"https:\/\/www.chateaudesyam.fr\/nl\/wp-json\/wp\/v2\/pages"}],"about":[{"href":"https:\/\/www.chateaudesyam.fr\/nl\/wp-json\/wp\/v2\/types\/page"}],"author":[{"embeddable":true,"href":"https:\/\/www.chateaudesyam.fr\/nl\/wp-json\/wp\/v2\/users\/1"}],"replies":[{"embeddable":true,"href":"https:\/\/www.chateaudesyam.fr\/nl\/wp-json\/wp\/v2\/comments?post=1318"}],"version-history":[{"count":2,"href":"https:\/\/www.chateaudesyam.fr\/nl\/wp-json\/wp\/v2\/pages\/1318\/revisions"}],"predecessor-version":[{"id":7313,"href":"https:\/\/www.chateaudesyam.fr\/nl\/wp-json\/wp\/v2\/pages\/1318\/revisions\/7313"}],"wp:featuredmedia":[{"embeddable":true,"href":"https:\/\/www.chateaudesyam.fr\/nl\/wp-json\/wp\/v2\/media\/736"}],"wp:attachment":[{"href":"https:\/\/www.chateaudesyam.fr\/nl\/wp-json\/wp\/v2\/media?parent=1318"}],"curies":[{"name":"wp","href":"https:\/\/api.w.org\/{rel}","templated":true}]}}