{"id":17,"date":"2020-03-05T14:12:53","date_gmt":"2020-03-05T13:12:53","guid":{"rendered":"https:\/\/syam.onpressidium.com\/?page_id=17"},"modified":"2025-08-05T16:45:04","modified_gmt":"2025-08-05T14:45:04","slug":"mentions-legales","status":"publish","type":"page","link":"https:\/\/www.chateaudesyam.fr\/nl\/mentions-legales\/","title":{"rendered":"Wettelijke informatie"},"content":{"rendered":"<h1>\n\t\t\tWettelijke informatie\t<\/h1>\n\t<h2>Presentatie van de site<\/h2>\n<p>Overeenkomstig de bepalingen van de artikelen 6-III en 19 van wet nr. 2004-575 van 21 juni 2004 betreffende het vertrouwen in de digitale economie, bekend als de L.C.E.N., brengen wij de volgende informatie onder de aandacht van de gebruikers en bezoekers van de site www.chateaudesyam.fr:<\/p>\n<strong>Wettelijke informatie:<\/strong><br \/>\nEigenaar : SARL M.C.P.<br \/>\nAdres : 225 CHE DE BENAISY 39300 SYAM<br \/>\nTel: +33 3 84 51 64 14<br \/>\nMet een kapitaal van : 24 391,84 \u20ac<br \/>\nSIRET : 42003300300021 - R.C.S. van Lons-le-Saunier<br \/>\nE-mailadres: contact@chateaudesyam.fr\n<p>De maker en webmaster van de site is: Agence Netalys - contact@netalys.fr<\/p>\nDe host van de site is: PRESSIDIUM\u00ae - TECHIO LIMITED<br \/>\nThe Grange Barn, Pikes End, Pinner,<br \/>\nLonden, HA5 2EX, Verenigd Koninkrijk<br \/>\nBTW-nummer: GB 164453310<br \/>\nBedrijfsnr.: 08416088<br \/>\nTelefoon: (020) 3397 7256<br \/>\nE-mail: info -at- techio.com\n<p>De site wordt gehost op een server in Parijs, Frankrijk.<\/p>\n<h2>Beschrijving van de verleende diensten<\/h2>\nHet doel van de website www.chateaudesyam.fr is informatie te verstrekken over alle activiteiten van het bedrijf.<br \/>\nDe eigenaar van de site tracht op de site www.chateaudesyam.fr zo nauwkeurig mogelijke informatie te verstrekken. Zij kan echter niet aansprakelijk worden gesteld voor omissies, onnauwkeurigheden en tekortkomingen in de actualisering, ongeacht of deze aan haar of aan derde partners die deze informatie verstrekken te wijten zijn.<br \/>\nAlle informatie op de website www.chateaudesyam.fr wordt uitsluitend ter informatie gegeven, is niet volledig en kan worden gewijzigd. Zij wordt gegeven onder voorbehoud van wijzigingen die zijn aangebracht sedert de publicatie ervan.\n<h2>Intellectuele eigendom en namaak<\/h2>\nDe eigenaar van de site is de eigenaar van de intellectuele eigendomsrechten of bezit de gebruiksrechten op alle elementen die toegankelijk zijn op de site, met name de teksten, afbeeldingen, grafieken, logo's, iconen, geluiden, software...<br \/>\nElke reproductie, weergave, wijziging, publicatie, gehele of gedeeltelijke aanpassing van de elementen van de site, ongeacht het gebruikte middel of proced\u00e9, is verboden, tenzij met voorafgaande schriftelijke toestemming aan het e-mailadres: contact@chateaudesyam.fr.<br \/>\nElk ongeoorloofd gebruik van de site of van een van de elementen die hij bevat, zal worden beschouwd als een inbreuk en zal worden vervolgd overeenkomstig de bepalingen van de artikelen L.335-2 en volgende van het Wetboek van Intellectuele Eigendom.\n<h2>Hyperlinks en cookies<\/h2>\n<p>De site www.chateaudesyam.fr bevat een aantal hyperlinks naar andere sites die met toestemming van de eigenaar van de site zijn opgezet. De eigenaar van de site heeft echter niet de mogelijkheid om de inhoud van de aldus bezochte sites te controleren en wijst derhalve alle verantwoordelijkheid af voor de mogelijke risico's van illegale inhoud.<\/p>\n<p>De gebruiker wordt ge\u00efnformeerd dat tijdens zijn bezoeken aan de website www.chateaudesyam.fr automatisch \u00e9\u00e9n of meer cookies op zijn computer kunnen worden ge\u00efnstalleerd.<\/p>\n<p><a href=\"https:\/\/www.chateaudesyam.fr\/nl\/politique-en-matiere-de-cookies\/\">Meer informatie over ons cookiebeleid.<\/a><\/p>\n<h2>Bescherming van eigendom en personen - beheer van persoonsgegevens<\/h2>\n<p>Gebruiker: internetgebruiker die verbinding maakt met en gebruik maakt van de bovenvermelde site: www.chateaudesyam.fr<\/p>\n<p>In Frankrijk worden persoonsgegevens beschermd door wet nr. 78-87 van 6 januari 1978, wet nr. 2004-801 van 6 augustus 2004, artikel L. 226-13 van het wetboek van strafrecht en de Europese richtlijn van 24 oktober 1995.<\/p>\n<p>Op de website www.chateaudesyam.fr verzamelt de eigenaar van de site alleen persoonlijke informatie over de gebruiker ten behoeve van bepaalde diensten die door de website www.chateaudesyam.fr worden aangeboden. De gebruiker verstrekt deze informatie met volledige kennis van zaken, met name wanneer hij deze invoert. De gebruiker van de site www.chateaudesyam.fr wordt dan meegedeeld of hij\/zij deze informatie al dan niet moet verstrekken.<\/p>\n<p>Overeenkomstig de bepalingen van de artikelen 38 en volgende van de wet 78-17 van 6 januari 1978 betreffende gegevensverwerking, bestanden en vrijheden, heeft elke gebruiker een recht van toegang, rectificatie, verwijdering en verzet met betrekking tot de hem betreffende persoonsgegevens. Om dit recht uit te oefenen, stuurt u uw verzoek naar www.chateaudesyam.fr per e-mail: contact@chateaudesyam.fr of door het sturen van een schriftelijk en ondertekend verzoek, vergezeld van een kopie van het identiteitsbewijs met de handtekening van de houder van het document, met vermelding van het adres waarnaar het antwoord moet worden gestuurd.<\/p>\n<p>Geen enkele persoonlijke informatie van de gebruiker van de site www.chateaudesyam.fr wordt zonder medeweten van de gebruiker gepubliceerd, uitgewisseld, overgedragen, afgestaan of verkocht op welk medium dan ook aan derden. Alleen de overname van de site www.chateaudesyam.fr van de eigenaar van de site en zijn rechten zou de overdracht van genoemde informatie aan de uiteindelijke koper mogelijk maken, die op zijn beurt gebonden zou zijn aan dezelfde verplichting tot bewaring en wijziging van de gegevens ten opzichte van de gebruiker van de site www.chateaudesyam.fr.<\/p>\n<p>De databanken worden beschermd door de bepalingen van de wet van 1 juli 1998 tot omzetting van richtlijn 96\/9 van 11 maart 1996 betreffende de rechtsbescherming van databanken.<\/p>\n<p><a href=\"https:\/\/www.chateaudesyam.fr\/nl\/confidentialite-des-donnees\/\">Meer informatie over ons privacybeleid.<\/a><\/p>","protected":false},"excerpt":{"rendered":"<p>Mentions l\u00e9gales Pr\u00e9sentation du site Conform\u00e9ment aux dispositions des articles 6-III et 19 de la Loi n\u00b0 2004-575 du 21 juin 2004 pour la Confiance dans l&rsquo;\u00e9conomie num\u00e9rique, dite L.C.E.N., nous portons \u00e0 la connaissance des utilisateurs et visiteurs du site www.chateaudesyam.fr les informations suivantes : Informations l\u00e9gales : Propri\u00e9taire : SARL M.C.P. Adresse : [&hellip;]<\/p>\n","protected":false},"author":1,"featured_media":0,"parent":0,"menu_order":0,"comment_status":"closed","ping_status":"closed","template":"","meta":{"_seopress_robots_primary_cat":"","_seopress_titles_title":"","_seopress_titles_desc":"","_seopress_robots_index":"yes","inline_featured_image":false,"site-sidebar-layout":"no-sidebar","site-content-layout":"page-builder","ast-site-content-layout":"default","site-content-style":"default","site-sidebar-style":"default","ast-global-header-display":"","ast-banner-title-visibility":"","ast-main-header-display":"","ast-hfb-above-header-display":"","ast-hfb-below-header-display":"","ast-hfb-mobile-header-display":"","site-post-title":"disabled","ast-breadcrumbs-content":"","ast-featured-img":"disabled","footer-sml-layout":"","ast-disable-related-posts":"","theme-transparent-header-meta":"default","adv-header-id-meta":"","stick-header-meta":"","header-above-stick-meta":"","header-main-stick-meta":"","header-below-stick-meta":"","astra-migrate-meta-layouts":"default","ast-page-background-enabled":"default","ast-page-background-meta":{"desktop":{"background-color":"","background-image":"","background-repeat":"repeat","background-position":"center center","background-size":"auto","background-attachment":"scroll","background-type":"","background-media":"","overlay-type":"","overlay-color":"","overlay-opacity":"","overlay-gradient":""},"tablet":{"background-color":"","background-image":"","background-repeat":"repeat","background-position":"center center","background-size":"auto","background-attachment":"scroll","background-type":"","background-media":"","overlay-type":"","overlay-color":"","overlay-opacity":"","overlay-gradient":""},"mobile":{"background-color":"","background-image":"","background-repeat":"repeat","background-position":"center center","background-size":"auto","background-attachment":"scroll","background-type":"","background-media":"","overlay-type":"","overlay-color":"","overlay-opacity":"","overlay-gradient":""}},"ast-content-background-meta":{"desktop":{"background-color":"var(--ast-global-color-5)","background-image":"","background-repeat":"repeat","background-position":"center center","background-size":"auto","background-attachment":"scroll","background-type":"","background-media":"","overlay-type":"","overlay-color":"","overlay-opacity":"","overlay-gradient":""},"tablet":{"background-color":"var(--ast-global-color-5)","background-image":"","background-repeat":"repeat","background-position":"center center","background-size":"auto","background-attachment":"scroll","background-type":"","background-media":"","overlay-type":"","overlay-color":"","overlay-opacity":"","overlay-gradient":""},"mobile":{"background-color":"var(--ast-global-color-5)","background-image":"","background-repeat":"repeat","background-position":"center center","background-size":"auto","background-attachment":"scroll","background-type":"","background-media":"","overlay-type":"","overlay-color":"","overlay-opacity":"","overlay-gradient":""}},"footnotes":""},"class_list":["post-17","page","type-page","status-publish","hentry"],"_links":{"self":[{"href":"https:\/\/www.chateaudesyam.fr\/nl\/wp-json\/wp\/v2\/pages\/17","targetHints":{"allow":["GET"]}}],"collection":[{"href":"https:\/\/www.chateaudesyam.fr\/nl\/wp-json\/wp\/v2\/pages"}],"about":[{"href":"https:\/\/www.chateaudesyam.fr\/nl\/wp-json\/wp\/v2\/types\/page"}],"author":[{"embeddable":true,"href":"https:\/\/www.chateaudesyam.fr\/nl\/wp-json\/wp\/v2\/users\/1"}],"replies":[{"embeddable":true,"href":"https:\/\/www.chateaudesyam.fr\/nl\/wp-json\/wp\/v2\/comments?post=17"}],"version-history":[{"count":0,"href":"https:\/\/www.chateaudesyam.fr\/nl\/wp-json\/wp\/v2\/pages\/17\/revisions"}],"wp:attachment":[{"href":"https:\/\/www.chateaudesyam.fr\/nl\/wp-json\/wp\/v2\/media?parent=17"}],"curies":[{"name":"wp","href":"https:\/\/api.w.org\/{rel}","templated":true}]}}