{"id":3,"date":"2020-02-12T14:37:02","date_gmt":"2020-02-12T14:37:02","guid":{"rendered":"https:\/\/syam.onpressidium.com\/?page_id=3"},"modified":"2021-08-03T14:28:43","modified_gmt":"2021-08-03T12:28:43","slug":"confidentialite-des-donnees","status":"publish","type":"page","link":"https:\/\/www.chateaudesyam.fr\/nl\/confidentialite-des-donnees\/","title":{"rendered":"Gegevensbescherming"},"content":{"rendered":"<h1>\n\t\tVertrouwelijkheid van persoonsgegevens\n\t<\/h1>\n\tMet de ontwikkeling van nieuwe communicatiemiddelen is het noodzakelijk bijzondere aandacht te besteden aan de bescherming van de persoonlijke levenssfeer. Daarom verbinden wij ons ertoe de vertrouwelijkheid van de door ons verzamelde persoonlijke informatie te respecteren.<br \/>\nGegevensbeschermingswet van 6 januari 1978.\n<p>Overeenkomstig de artikelen 39 en volgende van de wet nr. 78-17 van 6 januari 1978 betreffende de informatica, de bestanden en de vrijheden, kan iedere persoon mededeling en, zo nodig, rectificatie of schrapping verkrijgen van de gegevens die op hem betrekking hebben. Het gaat om gegevens die u vrijwillig hebt geregistreerd wanneer u informatie aanvraagt of zich registreert voor een van onze diensten.<\/p>\nOm dit recht uit te oefenen, kunt u ons te allen tijde schrijven per e-mail: contact@chateaudesyam.fr, of per post op het volgende adres<br \/>\nSARL M.C.P. - 225 CHE DE BENAISY - 39300 SYAM\n<h2>Doel van de verwerking van persoonsgegevens<\/h2>\n<p>M.C.P. zet zich in voor de bescherming van de privacy en de persoonlijke informatie die bezoekers kunnen verstrekken voor communicatie- en informatiedoeleinden. Deze informatie is belangrijk voor ons om u zo goed mogelijk van dienst te kunnen zijn.<\/p>\n<p>De verstrekte informatie is bestemd voor het beheer van uw verzoeken om informatie, uw verzoeken om cijferstudies of uw inschrijving op onze nieuwsbrieven.<\/p>\n<h2>Doorgeven van persoonlijke informatie<\/h2>\n<p>M.C.P. SARL verbindt zich ertoe geen persoonlijke informatie over u aan derden over te dragen of te verkopen of deze informatie voor onbedoelde doeleinden te gebruiken.<\/p>\n<h2>Veiligheid en gegevensbescherming<\/h2>\n<p>SARL M.C.P. verbindt zich ertoe alle nodige voorzorgsmaatregelen te treffen om de veiligheid van de gegevens te vrijwaren en met name te voorkomen dat deze worden vervormd, beschadigd of toegankelijk worden gemaakt voor onbevoegde derden.<\/p>\n<h2>Informatie over cookies<\/h2>\n<p>De gebruiker wordt ervan in kennis gesteld dat tijdens zijn bezoeken aan de website www.chateaudesyam.fr automatisch een of meer cookies op zijn computer kunnen worden ge\u00efnstalleerd. Een cookie is een klein bestand waarmee de gebruiker niet kan worden ge\u00efdentificeerd, maar dat informatie vastlegt met betrekking tot de navigatie van een computer op een site. De aldus verkregen gegevens zijn bedoeld om het latere surfen op de site te vergemakkelijken en zijn tevens bedoeld om verschillende metingen van de frequentie mogelijk te maken.<\/p>\n\n<h2>Verzamelde gegevens<\/h2>\n<p>M.C.P. SARL kan IP-adressen, het land en de stad van herkomst van haar bezoekers, het gebruikte besturingssysteem en andere technische informatie voor statistische doeleinden registreren om haar diensten te verbeteren.<\/p>\n<p>Via het contactformulier op de pagina \"Contact\" verzamelt SARL M.C.P. de volgende informatie:<\/p>\n<ul>\n<li>Naam<\/li>\n<li>Voornaam<\/li>\n<li>Telefoon<\/li>\n<li>Emailadres<\/li>\n<\/ul>\n<p>In het kader van een reservering van een gastenkamer of een bezoek aan La Villa worden de volgende factureringsgegevens gevraagd van de internetgebruiker:<\/p>\n<ul>\n<li>Naam<\/li>\n<li>Voornaam<\/li>\n<li>Bedrijf<\/li>\n<li>Land<\/li>\n<li>Postadres<\/li>\n<li>Postcode<\/li>\n<li>Stad<\/li>\n<li>E-mail adres<\/li>\n<\/ul>\n<h2>Beveiligde betalingen<\/h2>\n<p>Banktransacties worden veilig beheerd door onze partner <a href=\"https:\/\/stripe.com\/fr\/privacy#translation\" target=\"_blank\" rel=\"noopener\">Streep<\/a>. De SARL M.C.P. heeft geen kennis van de kredietkaartgegevens en beschikt niet over gegevens die hierop betrekking hebben.<\/p>","protected":false},"excerpt":{"rendered":"<p>Confidentialit\u00e9 des donn\u00e9es personnelles Devant le d\u00e9veloppement des nouveaux outils de communication, il est n\u00e9cessaire de porter une attention particuli\u00e8re \u00e0 la protection de la vie priv\u00e9e. C&rsquo;est pourquoi, nous nous engageons \u00e0 respecter la confidentialit\u00e9 des renseignements personnels que nous collectons. Loi Informatique et libert\u00e9s du 6 janvier 1978. Conform\u00e9ment aux articles 39 et [&hellip;]<\/p>\n","protected":false},"author":1,"featured_media":0,"parent":0,"menu_order":0,"comment_status":"closed","ping_status":"open","template":"","meta":{"_seopress_robots_primary_cat":"","_seopress_titles_title":"","_seopress_titles_desc":"","_seopress_robots_index":"yes","inline_featured_image":false,"site-sidebar-layout":"no-sidebar","site-content-layout":"page-builder","ast-site-content-layout":"default","site-content-style":"default","site-sidebar-style":"default","ast-global-header-display":"","ast-banner-title-visibility":"","ast-main-header-display":"","ast-hfb-above-header-display":"","ast-hfb-below-header-display":"","ast-hfb-mobile-header-display":"","site-post-title":"disabled","ast-breadcrumbs-content":"","ast-featured-img":"disabled","footer-sml-layout":"","ast-disable-related-posts":"","theme-transparent-header-meta":"default","adv-header-id-meta":"","stick-header-meta":"default","header-above-stick-meta":"","header-main-stick-meta":"","header-below-stick-meta":"","astra-migrate-meta-layouts":"default","ast-page-background-enabled":"default","ast-page-background-meta":{"desktop":{"background-color":"","background-image":"","background-repeat":"repeat","background-position":"center center","background-size":"auto","background-attachment":"scroll","background-type":"","background-media":"","overlay-type":"","overlay-color":"","overlay-opacity":"","overlay-gradient":""},"tablet":{"background-color":"","background-image":"","background-repeat":"repeat","background-position":"center center","background-size":"auto","background-attachment":"scroll","background-type":"","background-media":"","overlay-type":"","overlay-color":"","overlay-opacity":"","overlay-gradient":""},"mobile":{"background-color":"","background-image":"","background-repeat":"repeat","background-position":"center center","background-size":"auto","background-attachment":"scroll","background-type":"","background-media":"","overlay-type":"","overlay-color":"","overlay-opacity":"","overlay-gradient":""}},"ast-content-background-meta":{"desktop":{"background-color":"var(--ast-global-color-5)","background-image":"","background-repeat":"repeat","background-position":"center center","background-size":"auto","background-attachment":"scroll","background-type":"","background-media":"","overlay-type":"","overlay-color":"","overlay-opacity":"","overlay-gradient":""},"tablet":{"background-color":"var(--ast-global-color-5)","background-image":"","background-repeat":"repeat","background-position":"center center","background-size":"auto","background-attachment":"scroll","background-type":"","background-media":"","overlay-type":"","overlay-color":"","overlay-opacity":"","overlay-gradient":""},"mobile":{"background-color":"var(--ast-global-color-5)","background-image":"","background-repeat":"repeat","background-position":"center center","background-size":"auto","background-attachment":"scroll","background-type":"","background-media":"","overlay-type":"","overlay-color":"","overlay-opacity":"","overlay-gradient":""}},"footnotes":""},"class_list":["post-3","page","type-page","status-publish","hentry"],"_links":{"self":[{"href":"https:\/\/www.chateaudesyam.fr\/nl\/wp-json\/wp\/v2\/pages\/3","targetHints":{"allow":["GET"]}}],"collection":[{"href":"https:\/\/www.chateaudesyam.fr\/nl\/wp-json\/wp\/v2\/pages"}],"about":[{"href":"https:\/\/www.chateaudesyam.fr\/nl\/wp-json\/wp\/v2\/types\/page"}],"author":[{"embeddable":true,"href":"https:\/\/www.chateaudesyam.fr\/nl\/wp-json\/wp\/v2\/users\/1"}],"replies":[{"embeddable":true,"href":"https:\/\/www.chateaudesyam.fr\/nl\/wp-json\/wp\/v2\/comments?post=3"}],"version-history":[{"count":0,"href":"https:\/\/www.chateaudesyam.fr\/nl\/wp-json\/wp\/v2\/pages\/3\/revisions"}],"wp:attachment":[{"href":"https:\/\/www.chateaudesyam.fr\/nl\/wp-json\/wp\/v2\/media?parent=3"}],"curies":[{"name":"wp","href":"https:\/\/api.w.org\/{rel}","templated":true}]}}