{"id":47,"date":"2021-05-12T16:10:27","date_gmt":"2021-05-12T14:10:27","guid":{"rendered":"https:\/\/syam.onpressidium.com\/?page_id=47"},"modified":"2026-03-06T16:43:55","modified_gmt":"2026-03-06T15:43:55","slug":"la-villa","status":"publish","type":"page","link":"https:\/\/www.chateaudesyam.fr\/nl\/la-villa\/","title":{"rendered":"La Villa"},"content":{"rendered":"<div class=\"page-header\">\n    <div class=\"page-header__media\">\n        <img loading=\"lazy\" decoding=\"async\" width=\"1920\" height=\"900\" src=\"https:\/\/www.chateaudesyam.fr\/wp-content\/uploads\/2026\/03\/header-la-villa.webp\" class=\"page-header__img\" alt=\"\" aria-hidden=\"true\" srcset=\"https:\/\/www.chateaudesyam.fr\/wp-content\/uploads\/2026\/03\/header-la-villa.webp 1920w, https:\/\/www.chateaudesyam.fr\/wp-content\/uploads\/2026\/03\/header-la-villa-480x225.webp 480w, https:\/\/www.chateaudesyam.fr\/wp-content\/uploads\/2026\/03\/header-la-villa-768x360.webp 768w, https:\/\/www.chateaudesyam.fr\/wp-content\/uploads\/2026\/03\/header-la-villa-1200x563.webp 1200w\" sizes=\"auto, (max-width: 1920px) 100vw, 1920px\" \/>    <\/div>\n            <div class=\"page-header__title-wrap\">\n            <div class=\"page-header__title-inner\">\n                <h1 class=\"page-header__title\">La Villa Palladienne<\/h1>\n            <\/div>\n        <\/div>\n    <\/div>\n\n<h2>\n\t\t\tEen beetje geschiedenis\t<\/h2>\n\t<p>De Villa Palladienne werd gebouwd in 1818. De beschermheer, Emmanuel Jobez, was de zoon van Claude Jobez, meester van de smederijen en bekend politicus.<\/p>\n<p>De familie Jobez heeft, van vader op zoon, een aanzienlijke invloed gehad op het politieke, sociale en economische leven in de Jura in de 19e eeuw. Ze bouwden fabrieken, scholen, kerken en kastelen.<\/p>\n<p>Emmanuel was de erfgenaam van deze fabelachtige reis die begon op het barre platteland van Bellefontaine waar, in 1788, zijn voorvader Le Grand Claude zich bevrijdde van de mainmorte van de kanunniken van Saint-Claude. (Dienstbaarheid die mensen verhinderde eigenaar te worden).<\/p>\n<p>Het verhaal van de familie Jobez begint in de 18e eeuw op het ruige platteland van de Haut-Jura in Bellefontaine. De familie Jobez heeft geen titel, geen eigendom, geen rijkdom, integendeel, want de familie is onderworpen aan de dienstbaarheid, ze is onderworpen aan de kanunniken van Saint-Claude.\u00a0<\/p>\n<p>In 1788 slaagde de grote Claude, vader van Claude Jobez en grootvader van Emmanuel, erin zich dankzij zijn moed en vastberadenheid te bevrijden van de slavernij die op zijn familie drukte en zo de volgende generatie in staat te stellen vrij te zijn.<\/p>\n<figure itemscope itemtype=\"https:\/\/schema.org\/ImageObject\">\n\t\t\t\t<img decoding=\"async\" src=\"https:\/\/www.chateaudesyam.fr\/wp-content\/uploads\/2021\/07\/la-villa-section-histoire.jpg\" alt=\"la-villa-sectie-geschiedenis\" height=\"652\" width=\"562\" title=\"la-villa-sectie-geschiedenis\" onerror=\"this.style.display='none'\" loading=\"lazy\" \/>\n\t<\/figure>\n\t<p>Zijn zoon Claude Jobez begon als landbouwer, maar werd al snel marskramer in Comt\u00e9-klokken en ging, dankzij zijn onge\u00ebvenaarde commerci\u00eble charisma, in zaken. Zodra hij de middelen had, kocht hij de hoogovens van Rochejean in de Doubs. Daarna die van Baudin bij Selli\u00e8res in de Bas-Jura, vervolgens die van Champagnole en Bourg-de-Sirod alvorens een ultramoderne fabriek te bouwen in Syam, aan de oevers van de Ain.\u00a0<\/p>\n<p>In het begin maakten ze landbouwwerktuigen met een opmerkelijke scherpte.<\/p>\n<p>Dankzij deze know-how kon Claude Jobez leverancier worden van Napoleon en oorlogssmeedstukken vervaardigen, met name zwaarden en bajonetten, waardoor hij zijn fortuin kon vertienvoudigen. Naast zijn zakelijke successen kreeg Claude Jobez ook erkenning van zijn gelijken door te worden verkozen tot burgemeester van Morez en vervolgens tot algemeen raadslid van de Jura.<\/p>\n<p>Claude Jobez en zijn vrouw hadden twee kinderen, Emmanuel en Ad\u00e9la\u00efde. Ze wensen het beste voor hun opleiding. Emmanuel, begaafd met studies, ging op 17-jarige leeftijd naar de Sorbonne en studeerde literatuur, architectuur, politiek en muziek. Hij ontmoette schrijvers als Chateaubriand, Alfred de Musset, Stendhal, Benjamin Constant en Lamartine. Tijdens een reis naar Itali\u00eb raakte hij in de ban van het werk van Andrea Palladio, de grote architect van de Italiaanse Renaissance. Hij raakte zo gefascineerd dat hij zich voorstelde een replica te bouwen van de beroemde Villa Rotonda in Syam in de Jura, die in de 16e eeuw in Vicenza door de grote meester was gebouwd voor een aristocratische familie uit Veneti\u00eb. Als erfgenaam van het grootste deel van het immense fortuin van zijn vader, liet hij de zaak van zijn vader in de steek ten gunste van zijn zwager Etienne Monnier om zich aan dit project en aan de politiek te wijden. Hij werd afgevaardigde van de Jura in 1815. Hij was 30 jaar oud.<\/p>\n<figure itemscope itemtype=\"https:\/\/schema.org\/ImageObject\">\n\t\t\t\t<img decoding=\"async\" src=\"https:\/\/www.chateaudesyam.fr\/wp-content\/uploads\/2021\/05\/colonne.jpg\" alt=\"kolom\" height=\"500\" width=\"368\" title=\"kolom\" onerror=\"this.style.display='none'\" loading=\"lazy\" \/>\n\t<\/figure>\n<figure itemscope itemtype=\"https:\/\/schema.org\/ImageObject\">\n\t\t\t\t<img decoding=\"async\" src=\"https:\/\/www.chateaudesyam.fr\/wp-content\/uploads\/2021\/07\/villa-architecture.jpg\" alt=\"villa-architectuur\" height=\"411\" width=\"271\" title=\"villa-architectuur\" onerror=\"this.style.display='none'\" loading=\"lazy\" \/>\n\t<\/figure>\n<figure itemscope itemtype=\"https:\/\/schema.org\/ImageObject\">\n\t\t\t\t<img decoding=\"async\" src=\"https:\/\/www.chateaudesyam.fr\/wp-content\/uploads\/2021\/05\/mg-4847-bd.jpg\" alt=\"mg-4847-bd\" height=\"510\" width=\"368\" title=\"mg-4847-bd\" onerror=\"this.style.display='none'\" loading=\"lazy\" \/>\n\t<\/figure>\n<h2>\n\t\t\tArchitectuur\t<\/h2>\n<h3>\n\t\t\tTussen neoclassicisme en neopalladianisme\t<\/h3>\n\t<p>Duizend mijl van Itali\u00eb, dompel u onder in de levenskunst van de Venetiaanse Renaissance paleizen door middel van deze 19e eeuwse villa, een levendig eerbetoon aan de meester Andrea Palladio.<\/p>\n<p>Het neoclassicisme is een voortzetting van de klassieke werken uit de oudheid. In zijn boek <em>De Architectura<\/em>Vitruvius, een echte codificeerder van de architectuurpraktijk in zijn tijd, stelt drie essenti\u00eble kwaliteiten voor elk gebouw: duurzaam, nuttig en mooi.<\/p>\n<p>Volgens hem is architectuur een imitatie van de natuur.<\/p>\n<p>De Palladiaanse villa in Syam is een werk dat beantwoordt aan een klassieke opvatting van architectuur. Andrea Palladio was een Italiaanse architect van de Italiaanse Renaissance wiens werk de door Vitruvius opgestelde codes oversteeg. Zijn focus lag op wiskundige verhoudingen.<\/p>\n<p>Hij is wereldberoemd voor het brengen van licht in huizen.<\/p>\n<h2>\n\t\t\tEen ongewoon ontwerp\t<\/h2>\n<h3>\n\t\t\tHet nummer 8.\t<\/h3>\n\tEen bezoek aan de Palladiaanse Villa is een aaneenschakeling van ervaringen.<br \/>\nEen van de meest ongewone is de onthulling dat alle ribben van De Villa veelvouden van het getal 8 zijn.\nHet huis is een vierkant van 24 bij 24 meter en 16 meter hoog.<br \/>\n8 grote zalen per verdieping, verdeeld door een centrale rotonde ondersteund door 8 neoklassieke zuilen.\n<p>De Rotunda heeft 4 ronde balkons met uitzicht op een glazen plafond. Er zijn 8 treden naar het huis en 8 treden naar de kelders. Op het niveau van het park ligt het huis op de kruising van de twee ellipsen van een reusachtig cijfer 8 dat de hoofdpromenade vormt.<\/p>\n<figure itemscope itemtype=\"https:\/\/schema.org\/ImageObject\">\n\t\t\t\t<img decoding=\"async\" src=\"https:\/\/www.chateaudesyam.fr\/wp-content\/uploads\/2021\/07\/villa-section-insolite-.jpg\" alt=\"villa-sectie-insoliet-\" height=\"373\" width=\"562\" title=\"villa-sectie-insoliet-\" onerror=\"this.style.display='none'\" loading=\"lazy\" \/>\n\t<\/figure>\n<h2>\n\t\t\tDecoratieve kunsten\t<\/h2>\n<h3>\n\t\t\tDe unieke collectie van wallpapers\t<\/h3>\n\t<p>Een echte schat van Syam. Het is de belangrijkste collectie 19e-eeuwse behangsels en panorama's in een huis dat voor het publiek toegankelijk is. De grootste fabrikanten zijn vertegenwoordigd en signeren decors in een buitengewone staat van conservering. Zuber, Defoss\u00e9, Leroy, Pierce-Fontaine, Mader, Joseph Dufour... Elk stuk is een unieke decoratie.<\/p>\n<p>Fresco's met Pompeiaanse inspiratie (Bisschopskamer, Rozenkamer), geschiedenis van de oudheid (biljart), toile de Jouy... Verscheidene decoraties die de politieke, artistieke en sociale geschiedenis vertellen van de Griekse oudheid tot het Keizerrijk en de romantische periode.<\/p>\n<p>Panoramisch behang verving geschilderde fresco's en gespannen stoffen in een poging om modern te zijn. In die jaren. Behang was een innovatief proces.<\/p>\n<p>Tenslotte is er in de Palladiaanse Villa in Syam een hemelse decoratie, een fresco dat rechtstreeks op het pleisterwerk in de koepel van de Rotunda is geschilderd. Muzikale glorie en cherubijntjes zijn versierd met antieke draperie\u00ebn in sepiatinten van oneindige schoonheid.<\/p>\n<figure itemscope itemtype=\"https:\/\/schema.org\/ImageObject\">\n\t\t\t\t<img decoding=\"async\" src=\"https:\/\/www.chateaudesyam.fr\/wp-content\/uploads\/2021\/07\/arts-deco-2.jpg\" alt=\"kunst-deco-2\" height=\"200\" width=\"174\" title=\"kunst-deco-2\" onerror=\"this.style.display='none'\" loading=\"lazy\" \/>\n\t<\/figure>\n<figure itemscope itemtype=\"https:\/\/schema.org\/ImageObject\">\n\t\t\t\t<img decoding=\"async\" src=\"https:\/\/www.chateaudesyam.fr\/wp-content\/uploads\/2021\/07\/arts-deco-1.jpg\" alt=\"kunst-deco-1\" height=\"380\" width=\"304\" title=\"kunst-deco-1\" onerror=\"this.style.display='none'\" loading=\"lazy\" \/>\n\t<\/figure>\n<figure itemscope itemtype=\"https:\/\/schema.org\/ImageObject\">\n\t\t\t\t<img decoding=\"async\" src=\"https:\/\/www.chateaudesyam.fr\/wp-content\/uploads\/2021\/07\/arts-deco-3.jpg\" alt=\"kunst-deco-3\" height=\"310\" width=\"465\" title=\"kunst-deco-3\" onerror=\"this.style.display='none'\" loading=\"lazy\" \/>\n\t<\/figure>\n<figure itemscope itemtype=\"https:\/\/schema.org\/ImageObject\">\n\t\t\t\t<img decoding=\"async\" src=\"https:\/\/www.chateaudesyam.fr\/wp-content\/uploads\/2021\/07\/villa-section-mobilier.jpg\" alt=\"villa-afdeling-meubilair\" height=\"350\" width=\"562\" title=\"villa-afdeling-meubilair\" onerror=\"this.style.display='none'\" loading=\"lazy\" \/>\n\t<\/figure>\n<h2>\n\t\t\tDe meubels\t<\/h2>\n<h3>\n\t\t\tVolledig gemeubileerd met antieke meubels \t<\/h3>\n\t<p>Het huis is ingericht met originele meubels, de appartementen zijn nooit verplaatst: burgerlijke meubels uit de Empire, Restauratie, Charles X en Louis-Philippe periodes.<\/p>\n<p>Het Cubaanse mahonie en het kostbare marqueterie (kaptafel Boule) maken deze collectie even divers als harmonieus: ebbenhout, peer, citroen, palissander, amarant, notenhout...<\/p>\n<p>Het meubilair is uiterst comfortabel. Men kan voelen dat de prioriteit van de bewoners lag bij de zachtheid van het leven en het welzijn.<\/p>\n<h2>\n\t\t\tEen perfect bewaarde decoratie\t<\/h2>\n<h3>\n\t\t\tParketvloeren, kroonluchters en ornamenten\t<\/h3>\n\t<p>De parketvloeren in elke kamer van La Villa Palladienne zijn uniek en vormen kunstwerken op zich. De beste meubelmakers werden opgeroepen om dit werk uit te voeren.<\/p>\n<p>Twee eeuwen later is hun huidige staat, in perfecte conservering, een bewijs van de kwaliteit van het verrichte werk.<\/p>\n<p>Gemaakt als moza\u00efeken, vervangen zij het marmer en de moza\u00efeken van Italiaanse villa's. Verschillende houtsoorten worden gemengd om technische en esthetische doelstellingen te bereiken (akoestiek in de kamer van de Monseigneur). Het resultaat is een vloer die even mooi is als in Itali\u00eb, en waarop het hele jaar door aangenaam geleefd kan worden. De voorkeur ging uit naar de edelste houtsoorten: eik, kerselaar, spar, esdoorn, kastanje, enz.<\/p>\n<p>De kroonluchters zijn unieke stukken, Boheemse kroonluchters van kristal en verguld brons, empire kroonluchters van beschilderd plaatstaal en brons, Italiaanse kroonluchters van verguld hout, waaruit een eclectische en zeer zekere smaak blijkt.<\/p>\n<figure itemscope itemtype=\"https:\/\/schema.org\/ImageObject\">\n\t\t\t\t<img decoding=\"async\" src=\"https:\/\/www.chateaudesyam.fr\/wp-content\/uploads\/2021\/07\/villa-section-lustre-.jpg\" alt=\"villa-afdeling-lustre-\" height=\"336\" width=\"540\" title=\"villa-afdeling-lustre-\" onerror=\"this.style.display='none'\" loading=\"lazy\" \/>\n\t<\/figure>\n<figure itemscope itemtype=\"https:\/\/schema.org\/ImageObject\">\n\t\t\t\t<img decoding=\"async\" src=\"https:\/\/www.chateaudesyam.fr\/wp-content\/uploads\/2021\/07\/villa-section-parquet.jpg\" alt=\"villa-afdeling-parquet\" height=\"336\" width=\"540\" title=\"villa-afdeling-parquet\" onerror=\"this.style.display='none'\" loading=\"lazy\" \/>\n\t<\/figure>\n<figure itemscope itemtype=\"https:\/\/schema.org\/ImageObject\">\n\t\t\t\t<img decoding=\"async\" src=\"https:\/\/www.chateaudesyam.fr\/wp-content\/uploads\/2021\/07\/bibli-1.jpg\" alt=\"bibli-1\" height=\"360\" width=\"562\" title=\"bibli-1\" onerror=\"this.style.display='none'\" loading=\"lazy\" \/>\n\t<\/figure>\n<figure itemscope itemtype=\"https:\/\/schema.org\/ImageObject\">\n\t\t\t\t<img decoding=\"async\" src=\"https:\/\/www.chateaudesyam.fr\/wp-content\/uploads\/2021\/07\/bibli-2-2.jpg\" alt=\"bibli-2-2\" height=\"368\" width=\"368\" title=\"bibli-2-2\" onerror=\"this.style.display='none'\" loading=\"lazy\" \/>\n\t<\/figure>\n<h2>\n\t\t\tSyam's bibliotheek\t<\/h2>\n\t<p>Dankzij de inspanningen van de huidige eigenaars, Brigitte Cannard en Claude Darbon, wordt de opmerkelijke bibliotheek van La Villa Palladienne geleidelijk gerestaureerd.<\/p>\n<p>In die tijd had Emmanuel Jobez op de tweede verdieping van het huis een weelderige bibliotheek: 24 meter lang... wel 36.000 boeken!<\/p>\n<p>Dezelfde boeken, dezelfde auteurs, op dezelfde plaatsen in de oorspronkelijke bibliotheek, dat is de gewaagde gok van de huidige eigenaars van het pand!<\/p>\n<h3>\n\t\t\tBezoek de Villa Paladienne\t<\/h3>\n\t<a href=\"https:\/\/www.chateaudesyam.fr\/nl\/product\/visiter-la-villa-palladienne\/\" target=\"_self\" role=\"button\" aria-label=\"Lees meer\">\n\t\t\t\t\t\tLees meer\n\t\t\t\t\t<\/a>","protected":false},"excerpt":{"rendered":"<p>Un peu d&rsquo;Histoire La Villa Palladienne a \u00e9t\u00e9 \u00e9difi\u00e9e \u00e0 partir de 1818. Son commanditaire Emmanuel Jobez \u00e9tait le fils de Claude Jobez, Ma\u00eetre de Forges et homme politique reconnu. Les Jobez, de p\u00e8res en fils, ont consid\u00e9rablement influenc\u00e9 la vie politique, sociale et \u00e9conomique du Jura au 19\u00e8me si\u00e8cle. Ils ont \u00e9difi\u00e9 des usines, [&hellip;]<\/p>\n","protected":false},"author":1,"featured_media":7276,"parent":0,"menu_order":0,"comment_status":"closed","ping_status":"closed","template":"","meta":{"_seopress_robots_primary_cat":"","_seopress_titles_title":"Pr\u00e9sentation de La Villa Palladienne","_seopress_titles_desc":"De son histoire \u00e0 son architecture en passant par les arts d\u00e9coratifs et la biblioth\u00e8que, laissez-vous emporter par le passionnant pass\u00e9 du Ch\u00e2teau de Syam.","_seopress_robots_index":"","inline_featured_image":false,"site-sidebar-layout":"no-sidebar","site-content-layout":"page-builder","ast-site-content-layout":"full-width-container","site-content-style":"unboxed","site-sidebar-style":"unboxed","ast-global-header-display":"","ast-banner-title-visibility":"","ast-main-header-display":"","ast-hfb-above-header-display":"","ast-hfb-below-header-display":"","ast-hfb-mobile-header-display":"","site-post-title":"disabled","ast-breadcrumbs-content":"","ast-featured-img":"disabled","footer-sml-layout":"","ast-disable-related-posts":"","theme-transparent-header-meta":"default","adv-header-id-meta":"","stick-header-meta":"default","header-above-stick-meta":"","header-main-stick-meta":"","header-below-stick-meta":"","astra-migrate-meta-layouts":"set","ast-page-background-enabled":"default","ast-page-background-meta":{"desktop":{"background-color":"","background-image":"","background-repeat":"repeat","background-position":"center center","background-size":"auto","background-attachment":"scroll","background-type":"","background-media":"","overlay-type":"","overlay-color":"","overlay-opacity":"","overlay-gradient":""},"tablet":{"background-color":"","background-image":"","background-repeat":"repeat","background-position":"center center","background-size":"auto","background-attachment":"scroll","background-type":"","background-media":"","overlay-type":"","overlay-color":"","overlay-opacity":"","overlay-gradient":""},"mobile":{"background-color":"","background-image":"","background-repeat":"repeat","background-position":"center center","background-size":"auto","background-attachment":"scroll","background-type":"","background-media":"","overlay-type":"","overlay-color":"","overlay-opacity":"","overlay-gradient":""}},"ast-content-background-meta":{"desktop":{"background-color":"var(--ast-global-color-5)","background-image":"","background-repeat":"repeat","background-position":"center center","background-size":"auto","background-attachment":"scroll","background-type":"","background-media":"","overlay-type":"","overlay-color":"","overlay-opacity":"","overlay-gradient":""},"tablet":{"background-color":"var(--ast-global-color-5)","background-image":"","background-repeat":"repeat","background-position":"center center","background-size":"auto","background-attachment":"scroll","background-type":"","background-media":"","overlay-type":"","overlay-color":"","overlay-opacity":"","overlay-gradient":""},"mobile":{"background-color":"var(--ast-global-color-5)","background-image":"","background-repeat":"repeat","background-position":"center center","background-size":"auto","background-attachment":"scroll","background-type":"","background-media":"","overlay-type":"","overlay-color":"","overlay-opacity":"","overlay-gradient":""}},"footnotes":""},"class_list":["post-47","page","type-page","status-publish","has-post-thumbnail","hentry"],"_links":{"self":[{"href":"https:\/\/www.chateaudesyam.fr\/nl\/wp-json\/wp\/v2\/pages\/47","targetHints":{"allow":["GET"]}}],"collection":[{"href":"https:\/\/www.chateaudesyam.fr\/nl\/wp-json\/wp\/v2\/pages"}],"about":[{"href":"https:\/\/www.chateaudesyam.fr\/nl\/wp-json\/wp\/v2\/types\/page"}],"author":[{"embeddable":true,"href":"https:\/\/www.chateaudesyam.fr\/nl\/wp-json\/wp\/v2\/users\/1"}],"replies":[{"embeddable":true,"href":"https:\/\/www.chateaudesyam.fr\/nl\/wp-json\/wp\/v2\/comments?post=47"}],"version-history":[{"count":4,"href":"https:\/\/www.chateaudesyam.fr\/nl\/wp-json\/wp\/v2\/pages\/47\/revisions"}],"predecessor-version":[{"id":7293,"href":"https:\/\/www.chateaudesyam.fr\/nl\/wp-json\/wp\/v2\/pages\/47\/revisions\/7293"}],"wp:featuredmedia":[{"embeddable":true,"href":"https:\/\/www.chateaudesyam.fr\/nl\/wp-json\/wp\/v2\/media\/7276"}],"wp:attachment":[{"href":"https:\/\/www.chateaudesyam.fr\/nl\/wp-json\/wp\/v2\/media?parent=47"}],"curies":[{"name":"wp","href":"https:\/\/api.w.org\/{rel}","templated":true}]}}