{"id":624,"date":"2021-07-21T18:59:02","date_gmt":"2021-07-21T16:59:02","guid":{"rendered":"https:\/\/syam.onpressidium.com\/?page_id=624"},"modified":"2026-03-06T16:46:03","modified_gmt":"2026-03-06T15:46:03","slug":"plaisir-doffrir","status":"publish","type":"page","link":"https:\/\/www.chateaudesyam.fr\/nl\/plaisir-doffrir\/","title":{"rendered":"Het plezier van het geven"},"content":{"rendered":"<div class=\"page-header\">\n    <div class=\"page-header__media\">\n        <img loading=\"lazy\" decoding=\"async\" width=\"1920\" height=\"900\" src=\"https:\/\/www.chateaudesyam.fr\/wp-content\/uploads\/2026\/03\/header-offrir.webp\" class=\"page-header__img\" alt=\"\" aria-hidden=\"true\" srcset=\"https:\/\/www.chateaudesyam.fr\/wp-content\/uploads\/2026\/03\/header-offrir.webp 1920w, https:\/\/www.chateaudesyam.fr\/wp-content\/uploads\/2026\/03\/header-offrir-480x225.webp 480w, https:\/\/www.chateaudesyam.fr\/wp-content\/uploads\/2026\/03\/header-offrir-768x360.webp 768w, https:\/\/www.chateaudesyam.fr\/wp-content\/uploads\/2026\/03\/header-offrir-1200x563.webp 1200w\" sizes=\"auto, (max-width: 1920px) 100vw, 1920px\" \/>    <\/div>\n            <div class=\"page-header__title-wrap\">\n            <div class=\"page-header__title-inner\">\n                <h1 class=\"page-header__title\">Het plezier van het geven<\/h1>\n            <\/div>\n        <\/div>\n    <\/div>\n\n\t<p>Wil je een geliefde gelukkig maken?<\/p>\n<p>De Villa Palladienne biedt u een selectie geschenken aan, direct online.<\/p>\n<p>U hebt de keuze om de begunstigde per e-mail op de hoogte te brengen of om hem te verrassen door hem zelf de cadeaubon aan te bieden.<\/p>\n\t\t\t\t\t\t<a href=\"https:\/\/www.chateaudesyam.fr\/nl\/product\/visite-de-la-villa-palladienne\/\" target=\"_self\">\n\t\t\t\t\t\t\t\t\t\t\t\t<img decoding=\"async\" src=\"https:\/\/www.chateaudesyam.fr\/wp-content\/uploads\/2021\/07\/vignette_offrir.jpg\" alt=\"Bied de rondleiding aan\" \/>\n\t\t\t\t\t\t\t\t<h2>Bied de rondleiding aan<\/h2>\n\t\t\t\t\t\t\t\t\t<p>Een villa met een uniek karakter in het hart van de Jura! Ch\u00e2teau de Syam staat op de lijst van historische monumenten en het beboste park zal je betoveren tijdens een bezoek van ongeveer 1 uur 30 minuten.<\/p>\n<p>12 \/ volwassene - \u20ac5 \/ kind<\/p>\n<p>Ontdek het aanbod<\/p>\n\t\t\t\t\t\t\t\t\t\t<\/a>\n\t\t\t\t\t\t<a href=\"https:\/\/www.chateaudesyam.fr\/nl\/product\/une-nuit-a-la-villa-palladienne\/\" target=\"_self\">\n\t\t\t\t\t\t\t\t\t\t\t\t<img decoding=\"async\" src=\"https:\/\/www.chateaudesyam.fr\/wp-content\/uploads\/2021\/07\/offrir-nuit.jpg\" alt=\"Bied een overnachting aan in een Bed and Breakfast\" \/>\n\t\t\t\t\t\t\t\t<h2>Bied een overnachting aan in een Bed and Breakfast<\/h2>\n\t\t\t\t\t\t\t\t\t<p>Voor 2 personen, 2 gastronomische ontbijten en 2 bezoeken inbegrepen.<\/p>\n<p>250\u20ac<\/p>\n<p>Ontdek het aanbod<\/p>\n\t\t\t\t\t\t\t\t\t\t<\/a>\n\t\t\t\t\t\t<a href=\"https:\/\/www.chateaudesyam.fr\/nl\/product\/formule-prestige\/\" target=\"_self\">\n\t\t\t\t\t\t\t\t\t\t\t\t<img decoding=\"async\" src=\"https:\/\/www.chateaudesyam.fr\/wp-content\/uploads\/2021\/07\/offrir-formule.jpg\" alt=\"De Prestige-formule aanbieden\" \/>\n\t\t\t\t\t\t\t\t<h2>De Prestige-formule aanbieden<\/h2>\n\t\t\t\t\t\t\t\t\t<p>Een overnachting voor een koppel met twee onvergetelijke gastronomische ontbijten en romantische diners in een herberg in de buurt.<br \/>Bezoek aan het kasteel inbegrepen.<\/p>\n<p>350\u20ac<\/p>\n<p>Ontdek het aanbod<\/p>\n\t\t\t\t\t\t\t\t\t\t<\/a>\n\t<h2>Trakteer uzelf op een onvergetelijke dag of nacht in de Villa Palladienne, in het hart van de Jura!<\/h2>\n<p>Het Ch\u00e2teau de Syam, ook bekend als de Villa Palladienne, ligt in Syam, bij het stadje Champagnole in de Ain-vallei, aan de rand van het natuurpark Haut-Jura, in de Bourgogne Franche-Comt\u00e9 in Oost-Frankrijk, op vier uur rijden van Parijs.<\/p>\nDit op Veneti\u00eb ge\u00efnspireerde, neoklassieke gebouw uit het begin van de 19e eeuw is opmerkelijk goed bewaard gebleven en onderhouden en is volledig ingericht met antieke meubels.<br \/>\nDe villa en het uitgestrekte beboste park van 10 ha, een authentiek herenhuis uit het naburige industriegebied Les Forges, staan sinds 1994 op de lijst van historische monumenten.\nOntdek of laat iemand de rijke en fascinerende geschiedenis ontdekken: <strong>geef een uniek cultureel geschenk<\/strong>Een ontdekking van het erfgoed dat een onvergetelijke herinnering zal nalaten!<br \/>\nOf het nu voor een <strong>kerstcadeau<\/strong>a <strong>verjaardagscadeau<\/strong>a <strong>huwelijksgeschenk<\/strong> of <strong>bedrijf<\/strong>sloeg de spijker op de kop met dit <strong>ongewoon en gedenkwaardig idee<\/strong>.\n<p>U kunt kiezen voor een rondleiding om het unieke karakter van dit historische monument te ontdekken, of <strong>geef een po\u00ebtisch geschenk<\/strong> een nacht in een luxueuze gastenkamer in de Villa voor een betoverend en authentiek verblijf. Inderdaad, wat kan er romantischer zijn als cadeau dan<strong>een nacht in een kasteel aanbieden<\/strong> ?<\/p>\n<p>De sereniteit van het gebouw brengt u onmiddellijk in de verstilde sfeer van het begin van de 19e eeuw voor een reis door de tijd die een stempel zal drukken op lichaam en geest dankzij de opmerkelijke decoraties, fresco's, schilderijen, meubilair en belangrijke verzamelingen van voorwerpen en documenten uit die tijd. Niet te vergeten, voor de nacht in de gastenkamer, het zeer gastronomische ontbijt geserveerd in de kamer of op het terras, al naar gelang uw voorkeur.<\/p>\n<p><strong>Een ongewoon en origineel idee<\/strong>De Jura is een uiterst romantisch en mooi initiatief om de Jura op een andere manier te ontdekken, voor romantische en onvergetelijke herinneringen, de<strong>cadeau-idee<\/strong> perfect!<\/p>","protected":false},"excerpt":{"rendered":"<p>Vous souhaitez faire plaisir \u00e0 un proche ? La Villa Palladienne vous propose une s\u00e9lection de cadeaux \u00e0 offrir, directement en ligne. Vous aurez le choix de pr\u00e9venir le b\u00e9n\u00e9ficiaire par email ou de lui r\u00e9server la surprise en lui offrant vous-m\u00eame le bon cadeau. Offrir la visite guid\u00e9e Une villa au caract\u00e8re unique au [&hellip;]<\/p>\n","protected":false},"author":1,"featured_media":7294,"parent":0,"menu_order":0,"comment_status":"closed","ping_status":"closed","template":"","meta":{"_seopress_robots_primary_cat":"","_seopress_titles_title":"Offrez une nuit inoubliable \u00e0 la Villa Palladienne, en plein c\u0153ur du Jura !","_seopress_titles_desc":"Faites d\u00e9couvrir l'histoire passionnante de la Villa Palladienne et offrez un cadeau culturel unique qui laissera un souvenir inoubliable !","_seopress_robots_index":"","inline_featured_image":false,"site-sidebar-layout":"no-sidebar","site-content-layout":"page-builder","ast-site-content-layout":"full-width-container","site-content-style":"unboxed","site-sidebar-style":"unboxed","ast-global-header-display":"","ast-banner-title-visibility":"","ast-main-header-display":"","ast-hfb-above-header-display":"","ast-hfb-below-header-display":"","ast-hfb-mobile-header-display":"","site-post-title":"disabled","ast-breadcrumbs-content":"","ast-featured-img":"disabled","footer-sml-layout":"","ast-disable-related-posts":"","theme-transparent-header-meta":"default","adv-header-id-meta":"","stick-header-meta":"default","header-above-stick-meta":"","header-main-stick-meta":"","header-below-stick-meta":"","astra-migrate-meta-layouts":"set","ast-page-background-enabled":"default","ast-page-background-meta":{"desktop":{"background-color":"","background-image":"","background-repeat":"repeat","background-position":"center center","background-size":"auto","background-attachment":"scroll","background-type":"","background-media":"","overlay-type":"","overlay-color":"","overlay-opacity":"","overlay-gradient":""},"tablet":{"background-color":"","background-image":"","background-repeat":"repeat","background-position":"center center","background-size":"auto","background-attachment":"scroll","background-type":"","background-media":"","overlay-type":"","overlay-color":"","overlay-opacity":"","overlay-gradient":""},"mobile":{"background-color":"","background-image":"","background-repeat":"repeat","background-position":"center center","background-size":"auto","background-attachment":"scroll","background-type":"","background-media":"","overlay-type":"","overlay-color":"","overlay-opacity":"","overlay-gradient":""}},"ast-content-background-meta":{"desktop":{"background-color":"var(--ast-global-color-5)","background-image":"","background-repeat":"repeat","background-position":"center center","background-size":"auto","background-attachment":"scroll","background-type":"","background-media":"","overlay-type":"","overlay-color":"","overlay-opacity":"","overlay-gradient":""},"tablet":{"background-color":"var(--ast-global-color-5)","background-image":"","background-repeat":"repeat","background-position":"center center","background-size":"auto","background-attachment":"scroll","background-type":"","background-media":"","overlay-type":"","overlay-color":"","overlay-opacity":"","overlay-gradient":""},"mobile":{"background-color":"var(--ast-global-color-5)","background-image":"","background-repeat":"repeat","background-position":"center center","background-size":"auto","background-attachment":"scroll","background-type":"","background-media":"","overlay-type":"","overlay-color":"","overlay-opacity":"","overlay-gradient":""}},"footnotes":""},"class_list":["post-624","page","type-page","status-publish","has-post-thumbnail","hentry"],"_links":{"self":[{"href":"https:\/\/www.chateaudesyam.fr\/nl\/wp-json\/wp\/v2\/pages\/624","targetHints":{"allow":["GET"]}}],"collection":[{"href":"https:\/\/www.chateaudesyam.fr\/nl\/wp-json\/wp\/v2\/pages"}],"about":[{"href":"https:\/\/www.chateaudesyam.fr\/nl\/wp-json\/wp\/v2\/types\/page"}],"author":[{"embeddable":true,"href":"https:\/\/www.chateaudesyam.fr\/nl\/wp-json\/wp\/v2\/users\/1"}],"replies":[{"embeddable":true,"href":"https:\/\/www.chateaudesyam.fr\/nl\/wp-json\/wp\/v2\/comments?post=624"}],"version-history":[{"count":2,"href":"https:\/\/www.chateaudesyam.fr\/nl\/wp-json\/wp\/v2\/pages\/624\/revisions"}],"predecessor-version":[{"id":7295,"href":"https:\/\/www.chateaudesyam.fr\/nl\/wp-json\/wp\/v2\/pages\/624\/revisions\/7295"}],"wp:featuredmedia":[{"embeddable":true,"href":"https:\/\/www.chateaudesyam.fr\/nl\/wp-json\/wp\/v2\/media\/7294"}],"wp:attachment":[{"href":"https:\/\/www.chateaudesyam.fr\/nl\/wp-json\/wp\/v2\/media?parent=624"}],"curies":[{"name":"wp","href":"https:\/\/api.w.org\/{rel}","templated":true}]}}