{"id":734,"date":"2021-07-30T10:20:07","date_gmt":"2021-07-30T08:20:07","guid":{"rendered":"https:\/\/syam.onpressidium.com\/?page_id=734"},"modified":"2026-03-09T09:28:53","modified_gmt":"2026-03-09T08:28:53","slug":"syam-depuis-geneve","status":"publish","type":"page","link":"https:\/\/www.chateaudesyam.fr\/nl\/syam-depuis-geneve\/","title":{"rendered":"Syam: een charmant dorp bereikbaar vanuit Gen\u00e8ve"},"content":{"rendered":"<div class=\"page-header\">\n    <div class=\"page-header__media\">\n        <img loading=\"lazy\" decoding=\"async\" width=\"1920\" height=\"1000\" src=\"https:\/\/www.chateaudesyam.fr\/wp-content\/uploads\/2021\/07\/bg_suisse.jpg\" class=\"page-header__img\" alt=\"\" aria-hidden=\"true\" srcset=\"https:\/\/www.chateaudesyam.fr\/wp-content\/uploads\/2021\/07\/bg_suisse.jpg 1920w, https:\/\/www.chateaudesyam.fr\/wp-content\/uploads\/2021\/07\/bg_suisse-480x250.jpg 480w, https:\/\/www.chateaudesyam.fr\/wp-content\/uploads\/2021\/07\/bg_suisse-768x400.jpg 768w, https:\/\/www.chateaudesyam.fr\/wp-content\/uploads\/2021\/07\/bg_suisse-1200x625.jpg 1200w\" sizes=\"auto, (max-width: 1920px) 100vw, 1920px\" \/>    <\/div>\n            <div class=\"page-header__title-wrap\">\n            <div class=\"page-header__title-inner\">\n                <h1 class=\"page-header__title\">Syam: een charmant dorp bereikbaar vanuit Gen\u00e8ve<\/h1>\n            <\/div>\n        <\/div>\n    <\/div>\n\n\tIn het hart van de <strong>Jura<\/strong>Een paar kilometer ten zuiden van de stad Champagnole, <strong>Syam<\/strong> verwelkomt u in een groen landschap.<br \/>\nEen echte oase van rust, dit kleine dorp is niet <strong>op slechts 1,5 uur van Gen\u00e8ve<\/strong>langs een prachtige route door de prachtige bergen van de <strong>Jura<\/strong>.<br \/>\nRijk aan historisch erfgoed, met name verbonden met zijn <strong>smederijen<\/strong>het dorp van <strong>Syam<\/strong> heeft drie rivieren: de Ain, de Lemme en de Saine.<br \/>\nVolgens de archeoloog Andr\u00e9 Berthier vond de beroemde slag bij Alesia, die symbool stond voor de nederlaag van Vercingetorix, niet ver van hier plaats.\n\t<a href=\"https:\/\/www.chateaudesyam.fr\/nl\/la-villa\/\" target=\"_self\" role=\"button\" aria-label=\"Ontdek de villa\">\n\t\t\t\t\t\tOntdek de villa\n\t\t\t\t\t<\/a>\n<figure itemscope itemtype=\"https:\/\/schema.org\/ImageObject\">\n\t\t\t\t<img decoding=\"async\" src=\"https:\/\/www.chateaudesyam.fr\/wp-content\/uploads\/2021\/07\/syam03.jpg\" alt=\"syam03\" height=\"400\" width=\"600\" title=\"syam03\" onerror=\"this.style.display='none'\" loading=\"lazy\" \/>\n\t<\/figure>\n<figure itemscope itemtype=\"https:\/\/schema.org\/ImageObject\">\n\t\t\t\t<img decoding=\"async\" src=\"https:\/\/www.chateaudesyam.fr\/wp-content\/uploads\/2021\/07\/syam01.jpg\" alt=\"syam01\" height=\"400\" width=\"600\" title=\"syam01\" onerror=\"this.style.display='none'\" loading=\"lazy\" \/>\n\t<\/figure>\n\t<h2>Een natuurlijke en culturele omgeving om te ontdekken in de buurt van Zwitserland<\/h2>\nDankzij de nabijheid van de <strong>Zwitserland<\/strong>het dorp van <strong>Syam<\/strong> is ideaal gelegen in een omgeving die rijk is aan emblematische plaatsen om te ontdekken. Enerzijds is de regio bijzonder aantrekkelijk voor liefhebbers van prachtige natuurgebieden.<br \/>\nEen niet te missen plek op het Plateau des 7 lacs, de Cascades du H\u00e9risson rollen hun lint van water, soms rustig, soms borrelend, langs een bebost pad. In het noordoosten bieden de Pertes de l'Ain een zeer aangename wandelroute, in totale harmonie met de natuur. Niet ver van Syam trekt het dorp Baume-les-Messieurs bezoekers uit alle lagen van de bevolking met zijn grotten, grot en benedictijnenabdij.\n\tDe regio beschikt ook over een groot aantal meren, zoals Chalain, Vouglans en Clairvaux-les-Lacs, genesteld in weelderige omgevingen van azuurblauw en smaragdgroen.<br \/>\nAan de andere kant zijn er een aantal kleine steden in de buurt van <strong>Syam<\/strong>. Venus van <strong>Frankrijk<\/strong> en ook <strong>Zwitserland<\/strong>Als u ge\u00efnteresseerd bent in de streek, zult u ongetwijfeld het dorp Ch\u00e2teau-Chalon en zijn opmerkelijke uitzichtpunt waarderen, de stad Arbois, een stad die Louis Pasteur dierbaar was, Salins-les-Bains met zijn zoutziederijen die op de werelderfgoedlijst van de Unesco staan en zijn twee forten, Lons-le-Saunier, de prefectuur van het departement, met zijn mooie rue du Commerce met zijn stenen arcades, evenals de dynamische stad Dole, in het westen van de streek. <strong>Jura<\/strong>. Een andere typische plaats van onze mooie streek: de <strong>Koninklijke zoutziederij van Arc-et-Senans<\/strong>in het departement van <strong>Doubs<\/strong>en zijn halfronde architectuur.\n<figure itemscope itemtype=\"https:\/\/schema.org\/ImageObject\">\n\t\t\t\t<img decoding=\"async\" src=\"https:\/\/www.chateaudesyam.fr\/wp-content\/uploads\/2021\/07\/jura01.jpg\" alt=\"jura01\" height=\"400\" width=\"600\" title=\"jura01\" onerror=\"this.style.display='none'\" loading=\"lazy\" \/>\n\t<\/figure>\n<figure itemscope itemtype=\"https:\/\/schema.org\/ImageObject\">\n\t\t\t\t<img decoding=\"async\" src=\"https:\/\/www.chateaudesyam.fr\/wp-content\/uploads\/2021\/07\/jura02.jpg\" alt=\"jura02\" height=\"400\" width=\"600\" title=\"jura02\" onerror=\"this.style.display='none'\" loading=\"lazy\" \/>\n\t<\/figure>\n\t<h2>Heerlijke streekproducten<\/h2>\n<p>Er is nog een schat die de trots is van de <strong>Jura<\/strong> zijn wijngaarden. Tussen het meer van Gen\u00e8ve en de vlakte van Bresse zijn de hellingen van de Jura bedekt met wijnstokken waaruit heerlijke druivensoorten worden geboren, die met plezier en met mate geproefd moeten worden. De wijnroutes lopen kriskras door het groene landschap om kennis te maken met de wijnbouwers die u de Poulsard, Vin Jaune, Vin de Paille, Trousseau en Savagnin laten ontdekken. De Jura biedt een groot aantal uitstekende producten, zoals de beroemde Comt\u00e9-kaas, die met name wordt geassocieerd met het Fort des Rousses, <strong>dicht bij de Zwitserse grens<\/strong>.<\/p>\n\t<h2>De Villa Palladienne in Syam: een uitzonderlijke plek voor uw verblijf in de Jura<\/h2>\n<p>In de Jura zijn vele steden, dorpen en natuurgebieden te ontdekken, maar er is ook een uitzonderlijke plek met een atypische elegantie. <strong>La Villa Palladienne<\/strong>of <strong>Ch\u00e2teau de Syam<\/strong>Dit is een gegarandeerde verandering van omgeving, gemakkelijk bereikbaar vanaf de <strong>Zwitserland<\/strong>en in het bijzonder sinds <strong>Geneva<\/strong> en <strong>Nyon<\/strong>. De geschiedenis van deze verbazingwekkende en schitterende villa is nauw verbonden met de smederijen van <strong>Syam<\/strong>die het fortuin van de familie Jobez maakte. Het bezoek brengt u rechtstreeks naar het Itali\u00eb van de Renaissance. Fresco's, behang, meubels, parketvloeren, kroonluchters: in de <strong>Palladiaanse Villa<\/strong>Alles, tot in het kleinste detail, trekt de aandacht en wekt bewondering op. Om nog een stapje verder te gaan, stellen wij u voor de nacht door te brengen in dit gebouw van duizend wonderen. Hoe kunt u zich een romantischer verblijf voorstellen op een steenworp afstand van de <strong>Zwitserland<\/strong> ? Ter gelegenheid van een <strong>verjaardag<\/strong> of gewoon om een <strong>onvergetelijke verrassing<\/strong>Laat u verleiden door het comfort en de originaliteit van de <strong>Palladiaanse Villa<\/strong> !<\/p>\n\t<a href=\"https:\/\/www.chateaudesyam.fr\/nl\/la-villa\/\" target=\"_self\" role=\"button\" aria-label=\"Ontdek de villa\">\n\t\t\t\t\t\tOntdek de villa\n\t\t\t\t\t<\/a>\n<figure itemscope itemtype=\"https:\/\/schema.org\/ImageObject\">\n\t\t\t\t<img decoding=\"async\" src=\"https:\/\/www.chateaudesyam.fr\/wp-content\/uploads\/2021\/07\/syam04.jpg\" alt=\"syam04\" height=\"400\" width=\"600\" title=\"syam04\" onerror=\"this.style.display='none'\" loading=\"lazy\" \/>\n\t<\/figure>\n<h3>\n\t\t\tBezoek de Villa Paladienne\t<\/h3>\n\t<a href=\"https:\/\/www.chateaudesyam.fr\/nl\/product\/visiter-la-villa-palladienne\/\" target=\"_self\" role=\"button\" aria-label=\"Lees meer\">\n\t\t\t\t\t\tLees meer\n\t\t\t\t\t<\/a>","protected":false},"excerpt":{"rendered":"<p>Au c\u0153ur du Jura, \u00e0 quelques kilom\u00e8tres au sud de la ville de Champagnole, Syam vous accueille dans un paysage verdoyant. V\u00e9ritable havre de paix, ce petit village ne se trouve qu&rsquo;\u00e0 1 h 30 de Gen\u00e8ve, en suivant un superbe itin\u00e9raire dans les magnifiques monts du Jura. Riche d&rsquo;un patrimoine historique notamment li\u00e9 \u00e0 [&hellip;]<\/p>\n","protected":false},"author":1,"featured_media":736,"parent":0,"menu_order":0,"comment_status":"closed","ping_status":"closed","template":"","meta":{"_seopress_robots_primary_cat":"","_seopress_titles_title":"Syam : un village au charme fou accessible depuis Gen\u00e8ve","_seopress_titles_desc":"La Villa Palladienne vous assure un d\u00e9paysement garanti au c\u0153ur du Jura, facilement accessible depuis la Suisse, notamment Gen\u00e8ve.","_seopress_robots_index":"","inline_featured_image":false,"site-sidebar-layout":"no-sidebar","site-content-layout":"page-builder","ast-site-content-layout":"full-width-container","site-content-style":"unboxed","site-sidebar-style":"unboxed","ast-global-header-display":"","ast-banner-title-visibility":"","ast-main-header-display":"","ast-hfb-above-header-display":"","ast-hfb-below-header-display":"","ast-hfb-mobile-header-display":"","site-post-title":"disabled","ast-breadcrumbs-content":"","ast-featured-img":"disabled","footer-sml-layout":"","ast-disable-related-posts":"","theme-transparent-header-meta":"default","adv-header-id-meta":"","stick-header-meta":"default","header-above-stick-meta":"","header-main-stick-meta":"","header-below-stick-meta":"","astra-migrate-meta-layouts":"set","ast-page-background-enabled":"default","ast-page-background-meta":{"desktop":{"background-color":"","background-image":"","background-repeat":"repeat","background-position":"center center","background-size":"auto","background-attachment":"scroll","background-type":"","background-media":"","overlay-type":"","overlay-color":"","overlay-opacity":"","overlay-gradient":""},"tablet":{"background-color":"","background-image":"","background-repeat":"repeat","background-position":"center center","background-size":"auto","background-attachment":"scroll","background-type":"","background-media":"","overlay-type":"","overlay-color":"","overlay-opacity":"","overlay-gradient":""},"mobile":{"background-color":"","background-image":"","background-repeat":"repeat","background-position":"center center","background-size":"auto","background-attachment":"scroll","background-type":"","background-media":"","overlay-type":"","overlay-color":"","overlay-opacity":"","overlay-gradient":""}},"ast-content-background-meta":{"desktop":{"background-color":"var(--ast-global-color-5)","background-image":"","background-repeat":"repeat","background-position":"center center","background-size":"auto","background-attachment":"scroll","background-type":"","background-media":"","overlay-type":"","overlay-color":"","overlay-opacity":"","overlay-gradient":""},"tablet":{"background-color":"var(--ast-global-color-5)","background-image":"","background-repeat":"repeat","background-position":"center center","background-size":"auto","background-attachment":"scroll","background-type":"","background-media":"","overlay-type":"","overlay-color":"","overlay-opacity":"","overlay-gradient":""},"mobile":{"background-color":"var(--ast-global-color-5)","background-image":"","background-repeat":"repeat","background-position":"center center","background-size":"auto","background-attachment":"scroll","background-type":"","background-media":"","overlay-type":"","overlay-color":"","overlay-opacity":"","overlay-gradient":""}},"footnotes":""},"class_list":["post-734","page","type-page","status-publish","has-post-thumbnail","hentry"],"_links":{"self":[{"href":"https:\/\/www.chateaudesyam.fr\/nl\/wp-json\/wp\/v2\/pages\/734","targetHints":{"allow":["GET"]}}],"collection":[{"href":"https:\/\/www.chateaudesyam.fr\/nl\/wp-json\/wp\/v2\/pages"}],"about":[{"href":"https:\/\/www.chateaudesyam.fr\/nl\/wp-json\/wp\/v2\/types\/page"}],"author":[{"embeddable":true,"href":"https:\/\/www.chateaudesyam.fr\/nl\/wp-json\/wp\/v2\/users\/1"}],"replies":[{"embeddable":true,"href":"https:\/\/www.chateaudesyam.fr\/nl\/wp-json\/wp\/v2\/comments?post=734"}],"version-history":[{"count":2,"href":"https:\/\/www.chateaudesyam.fr\/nl\/wp-json\/wp\/v2\/pages\/734\/revisions"}],"predecessor-version":[{"id":7314,"href":"https:\/\/www.chateaudesyam.fr\/nl\/wp-json\/wp\/v2\/pages\/734\/revisions\/7314"}],"wp:featuredmedia":[{"embeddable":true,"href":"https:\/\/www.chateaudesyam.fr\/nl\/wp-json\/wp\/v2\/media\/736"}],"wp:attachment":[{"href":"https:\/\/www.chateaudesyam.fr\/nl\/wp-json\/wp\/v2\/media?parent=734"}],"curies":[{"name":"wp","href":"https:\/\/api.w.org\/{rel}","templated":true}]}}